{"id":33396,"date":"2025-08-23T10:46:47","date_gmt":"2025-08-23T10:46:47","guid":{"rendered":"https:\/\/www.fivecontinentseditions.com\/?post_type=product&#038;p=33396"},"modified":"2025-08-23T10:49:38","modified_gmt":"2025-08-23T10:49:38","slug":"venezia","status":"publish","type":"product","link":"https:\/\/www.fivecontinentseditions.com\/fr\/p\/venezia\/","title":{"rendered":"VENEZIA"},"content":{"rendered":"<p><em>Photographies de Alejandro Merizalde. Textes de Luis P\u00e9rez-Oramas<\/em><\/p>\n<p>Alejandro Merizalde photographie Venise depuis 2008. Lors de ses premi\u00e8res visites, il avait cru \u00e9touffer au milieu de la foule, mais quelques ann\u00e9es plus tard, \u00e0 la faveur d\u2019un s\u00e9jour hivernal, les ciels couverts et l\u2019atmosph\u00e8re brumeuse lui ont permis de red\u00e9couvrir la beaut\u00e9 l\u00e9gendaire de la ville, \u00e0 l\u2019\u00e9cart des perturbations caus\u00e9es par le tourisme de masse.<\/p>\n<p>\u00c0 partir de 2013, il s\u2019est entra\u00een\u00e9 \u00e0 la technique de la pose longue afin d\u2019\u00e9liminer les distractions li\u00e9es \u00e0 l\u2019activit\u00e9 humaine pour mieux se concentrer sur la composition architecturale de ses images. Ce changement d\u2019approche lui a fait progressivement comprendre qu\u2019il ne s\u2019int\u00e9ressait plus aux \u00e9l\u00e9ments iconiques de Venise, comme la basilique Saint-Marc, le pont des Soupirs ou encore les gondoliers, pour ne citer que ceux-l\u00e0. Il a renonc\u00e9 depuis aux lieux trop pr\u00e9visibles et habitu\u00e9 son objectif \u00e0 photographier la lagune et les parties de la ville que les V\u00e9nitiens habitent r\u00e9ellement.<\/p>\n<p><strong>Alejandro Merizalde<\/strong>, n\u00e9 en Equateur en 1979, se consacre depuis seize ans \u00e0 son vaste projet photographique sur Venise. Son premier livre, <em>100 Churches of Venice and the Lagoon<\/em>, est paru chez Damiani en 2021. Le second, <em>Thirteen Venetian Gasoline Stations<\/em>, livre d\u2019art \u00e0 tirage limit\u00e9 con\u00e7u en hommage \u00e0 l\u2019artiste am\u00e9ricain Ed Ruscha, a \u00e9t\u00e9 publi\u00e9 en 2023. Son port d\u2019attache est le Connecticut, o\u00f9 il vit avec son \u00e9pouse.<\/p>\n<p><strong>Luis P\u00e9rez-Oramas<\/strong>, n\u00e9 \u00e0 Caracas en 1960, est po\u00e8te et historien d\u2019art. Titulaire d\u2019un PhD de l\u2019\u00c9cole des Hautes \u00c9tudes en Sciences sociales de Paris (1994) en histoire de l\u2019art, conservateur des arts d\u2019Am\u00e9rique latine au Museum of Modern Art (MoMA) de New York de 2003 \u00e0 2017, il est l\u2019auteur de plusieurs catalogues d\u2019expositions, d\u2019essais sur l\u2019art, de livres de critique sociale et politique, ainsi que de neuf recueils de po\u00e8mes.<\/p>\n","protected":false},"excerpt":{"rendered":"<p>Photographies de Alejandro Merizalde. Textes de Luis P\u00e9rez-Oramas Alejandro Merizalde photographie Venise depuis 2008. Lors de ses premi\u00e8res visites, il avait cru \u00e9touffer au milieu de la foule, mais quelques ann\u00e9es plus tard, \u00e0 la faveur d\u2019un s\u00e9jour hivernal, les ciels couverts et l\u2019atmosph\u00e8re brumeuse lui ont permis de red\u00e9couvrir la beaut\u00e9 l\u00e9gendaire de la&hellip;<\/p>\n","protected":false},"featured_media":33430,"template":"","meta":{"_acf_changed":false,"inline_featured_image":false},"product_brand":[],"product_cat":[73],"product_tag":[],"class_list":{"0":"post-33396","1":"product","2":"type-product","3":"status-publish","4":"has-post-thumbnail","6":"product_cat-photographie","7":"disponibilita-si","8":"description-off","10":"first","11":"instock","12":"featured","13":"shipping-taxable","14":"purchasable","15":"product-type-simple"},"acf":[],"_links":{"self":[{"href":"https:\/\/www.fivecontinentseditions.com\/fr\/wp-json\/wp\/v2\/product\/33396","targetHints":{"allow":["GET"]}}],"collection":[{"href":"https:\/\/www.fivecontinentseditions.com\/fr\/wp-json\/wp\/v2\/product"}],"about":[{"href":"https:\/\/www.fivecontinentseditions.com\/fr\/wp-json\/wp\/v2\/types\/product"}],"wp:featuredmedia":[{"embeddable":true,"href":"https:\/\/www.fivecontinentseditions.com\/fr\/wp-json\/wp\/v2\/media\/33430"}],"wp:attachment":[{"href":"https:\/\/www.fivecontinentseditions.com\/fr\/wp-json\/wp\/v2\/media?parent=33396"}],"wp:term":[{"taxonomy":"product_brand","embeddable":true,"href":"https:\/\/www.fivecontinentseditions.com\/fr\/wp-json\/wp\/v2\/product_brand?post=33396"},{"taxonomy":"product_cat","embeddable":true,"href":"https:\/\/www.fivecontinentseditions.com\/fr\/wp-json\/wp\/v2\/product_cat?post=33396"},{"taxonomy":"product_tag","embeddable":true,"href":"https:\/\/www.fivecontinentseditions.com\/fr\/wp-json\/wp\/v2\/product_tag?post=33396"}],"curies":[{"name":"wp","href":"https:\/\/api.w.org\/{rel}","templated":true}]}}