{"id":3328,"date":"2005-05-01T05:00:00","date_gmt":"2005-05-01T05:00:00","guid":{"rendered":"http:\/\/www.fivecontinentseditions.com\/prodotto\/aeolian-islands-2\/"},"modified":"2018-02-07T16:23:09","modified_gmt":"2018-02-07T16:23:09","slug":"aeolian-islands-2","status":"publish","type":"product","link":"https:\/\/www.fivecontinentseditions.com\/fr\/p\/aeolian-islands-2\/","title":{"rendered":"Aeolian Islands"},"content":{"rendered":"<p>C&rsquo;est le d\u00e9sir profond de vivre en contact direct avec la mer qui est \u00e0l&rsquo;origine de ce projet. Giancarlo Pradelli a choisi les \u00eeles siciliennes (Lipari, Vulcano, Salina, Filicudi, Alicudi, Panarea, Stromboli) en hiver, lorsque la lumi\u00e8re devient plus transparente et authentique. Rien \u00e0voir avec les \u00eeles &Eacute;oliennes de la p\u00e9riode estivale. Elles sont baign\u00e9es en hiver d&rsquo;une atmosph\u00e8re de qui\u00e9tude sereine et silencieuse, berc\u00e9es par la voix de la mer tout en restant soumises \u00e0 la pr\u00e9sence inqui\u00e9tante des volcans.<\/p>\n<p>Les photographies n&rsquo;ont aucune pr\u00e9tention documentaire mais se veulent le reflet d&rsquo;un voyage visuel personnel au cours duquel Pradelli s&rsquo;est identifi\u00e9 aux lieux, tentant de les suivre et de les saisir dans leur humeur changeante.<\/p>\n<p>Les deux seules pr\u00e9sences humaines qui figurent dans ses portraits des \u00eeles sont celles de Turi, le p\u00eacheur et d&rsquo;Angela, dont les gestes simples renferment l&rsquo;essence m\u00eame de la vie. Il a choisi le noir et blanc pour aller \u00e0l&rsquo;essentiel dans la mise en \u00e9vidence d&rsquo;une g\u00e9om\u00e9trie qui souligne le lieu, les visages et le contraste entre les diff\u00e9rentes nuances de blanc du ciel, le feu et le noir de la mer et de la terre.<\/p>\n<p><strong>Giancarlo Pradelli<\/strong> est n\u00e9 \u00e0Mod\u00e8ne en 1966 o\u00f9 il r\u00e9side actuellement. Il a enseign\u00e9 la photographie \u00e0l&rsquo;Institut d&rsquo;art de Mod\u00e8ne jusqu&rsquo;en 1994 avant de partir aux &Eacute;tats-Unis o\u00f9 il a \u00e9t\u00e9 le collaborateur d&rsquo;importants studios photographiques. Ces exp\u00e9riences lui ont permis d&rsquo;approfondir la technique du noir et blanc et du portrait. &Agrave; partir de 1996, il travaillera comme photographe et sera publi\u00e9 dans <em>Life Magazine<\/em>, <em>Photo<\/em>, <em>Corriere della Sera<\/em>, <em>La Stampa<\/em> et <em>Specchio<\/em>. Une de ses s\u00e9ries de photographies appartient \u00e0 la collection des photographies contemporaines de la Biblioth\u00e8que nationale de France \u00e0 Paris.<\/p>\n","protected":false},"excerpt":{"rendered":"<p>C&rsquo;est le d\u00e9sir profond de vivre en contact direct avec la mer qui est \u00e0l&rsquo;origine de ce projet. Giancarlo Pradelli a choisi les \u00eeles siciliennes (Lipari, Vulcano, Salina, Filicudi, Alicudi, Panarea, Stromboli) en hiver, lorsque la lumi\u00e8re devient plus transparente et authentique. Rien \u00e0voir avec les \u00eeles &Eacute;oliennes de la p\u00e9riode estivale. Elles sont baign\u00e9es&hellip;<\/p>\n","protected":false},"featured_media":3303,"template":"","meta":{"_acf_changed":false,"inline_featured_image":false},"product_brand":[],"product_cat":[73],"product_tag":[],"class_list":{"0":"post-3328","1":"product","2":"type-product","3":"status-publish","4":"has-post-thumbnail","6":"product_cat-photographie","7":"disponibilita-si","8":"description-off","10":"first","11":"instock","12":"shipping-taxable","13":"purchasable","14":"product-type-simple"},"acf":[],"_links":{"self":[{"href":"https:\/\/www.fivecontinentseditions.com\/fr\/wp-json\/wp\/v2\/product\/3328","targetHints":{"allow":["GET"]}}],"collection":[{"href":"https:\/\/www.fivecontinentseditions.com\/fr\/wp-json\/wp\/v2\/product"}],"about":[{"href":"https:\/\/www.fivecontinentseditions.com\/fr\/wp-json\/wp\/v2\/types\/product"}],"wp:featuredmedia":[{"embeddable":true,"href":"https:\/\/www.fivecontinentseditions.com\/fr\/wp-json\/wp\/v2\/media\/3303"}],"wp:attachment":[{"href":"https:\/\/www.fivecontinentseditions.com\/fr\/wp-json\/wp\/v2\/media?parent=3328"}],"wp:term":[{"taxonomy":"product_brand","embeddable":true,"href":"https:\/\/www.fivecontinentseditions.com\/fr\/wp-json\/wp\/v2\/product_brand?post=3328"},{"taxonomy":"product_cat","embeddable":true,"href":"https:\/\/www.fivecontinentseditions.com\/fr\/wp-json\/wp\/v2\/product_cat?post=3328"},{"taxonomy":"product_tag","embeddable":true,"href":"https:\/\/www.fivecontinentseditions.com\/fr\/wp-json\/wp\/v2\/product_tag?post=3328"}],"curies":[{"name":"wp","href":"https:\/\/api.w.org\/{rel}","templated":true}]}}