{"id":32985,"date":"2025-04-14T16:08:31","date_gmt":"2025-04-14T16:08:31","guid":{"rendered":"https:\/\/www.fivecontinentseditions.com\/?post_type=product&#038;p=32985"},"modified":"2025-12-19T17:43:18","modified_gmt":"2025-12-19T17:43:18","slug":"coquillages","status":"publish","type":"product","link":"https:\/\/www.fivecontinentseditions.com\/fr\/p\/coquillages\/","title":{"rendered":"COQUILLAGES"},"content":{"rendered":"<p><em>Photographies de Paul Starosta. Pr\u00e9face de Paolo Portoghesi<\/em><\/p>\n<p>Les mollusques sont des remarquables b\u00e2tisseurs, dont les prouesses architecturales sont presque sans \u00e9gales dans le monde animal. Qui d\u2019entre nous n\u2019a jamais admir\u00e9 la structure merveilleuse du plus infime coquillage ramass\u00e9 sur la plage ? Certains passionn\u00e9s les collectionnent tout au long de leur vie, motiv\u00e9s par leur beaut\u00e9 s\u2019ils sont esth\u00e8tes, ou dans un but scientifique comme Jacques Senders, dont la fantastique collection, commenc\u00e9e il y a cinquante ans, nous est rendue accessible, gr\u00e2ce aux photographies spectaculaires de Paul Starosta, par ce livre aujourd\u2019hui r\u00e9\u00e9dit\u00e9 dans un nouveau format. Ces merveilles de la nature \u00e9voquent une architecture exotique ou futuriste, des vases antiques ou Art Nouveau, voire des pierres pr\u00e9cieuses ou des roches volcaniques, et r\u00e9affirment l\u2019importance de la nature comme source d\u2019inspiration des artistes et des architectes. L\u2019ouvrage, en c\u00e9l\u00e9brant l\u2019extraordinaire vari\u00e9t\u00e9 et le raffinement architectural des coquillages de la collection de Jacques et Rita Senders, nous r\u00e9v\u00e8le un univers o\u00f9 la nature surpasse largement la fantaisie et l\u2019inspiration humaines.<\/p>\n<p>En fin de volume, des photographies miniatures sont accompagn\u00e9es d\u2019informations scientifiques sur les mollusques, leur vie, leurs caract\u00e9ristiques et leurs diff\u00e9rentes familles.<\/p>\n<p>Biologiste de formation, <strong>Paul Starosta<\/strong> a conjugu\u00e9 ses deux passions \u2013 la nature et la photographie \u2013 en publiant plus de 40 livres sur les plantes et les animaux, qui lui ont valu plusieurs r\u00e9compenses. Le num\u00e9ro 129 (2010) de la collection <em>Photo Poche<\/em>, cr\u00e9\u00e9e par Robert Delpire pour Actes Sud, et qui fait r\u00e9f\u00e9rence dans le monde entier, lui est consacr\u00e9.<\/p>\n<p><strong>Paolo Portoghesi<\/strong> (1931-2023) s\u2019est distingu\u00e9 par la part active qu\u2019il a prise aux r\u00e9flexions th\u00e9oriques sur l\u2019architecture contemporaine en Italie, avec un engagement personnel dans le d\u00e9bat sur les projets existants et une intense activit\u00e9 dans le domaine de la recherche historiographique. Le dialogue personnel qu\u2019il a su nourrir, en tant qu\u2019architecte, avec l\u2019Histoire et avec la Modernit\u00e9 a influenc\u00e9 directement sa propre pratique projectuelle, qui n\u2019a fait que gagner en densit\u00e9 au fil des ans.<\/p>\n<p><a href=\"https:\/\/www.meer.com\/it\/95113-intervista-con-paul-starosta\" target=\"_blank\" rel=\"noopener\">Intervista con Paul Starosta Il fotografo dei due volumi \u00ab\u00a0Semi\u00a0\u00bb e \u00ab\u00a0Conchiglie\u00a0\u00bb MEER.com<\/a><\/p>\n<p><a href=\"https:\/\/icma-award.com\/16-icma-books-winners-2-2-2#toggle-id-13\" target=\"_blank\" rel=\"noopener\">ICMA Award: Silver (Photo book)<\/a><\/p>\n","protected":false},"excerpt":{"rendered":"<p>Photographies de Paul Starosta. Pr\u00e9face de Paolo Portoghesi Les mollusques sont des remarquables b\u00e2tisseurs, dont les prouesses architecturales sont presque sans \u00e9gales dans le monde animal. Qui d\u2019entre nous n\u2019a jamais admir\u00e9 la structure merveilleuse du plus infime coquillage ramass\u00e9 sur la plage ? Certains passionn\u00e9s les collectionnent tout au long de leur vie, motiv\u00e9s&hellip;<\/p>\n","protected":false},"featured_media":33189,"template":"","meta":{"_acf_changed":false,"inline_featured_image":false},"product_brand":[],"product_cat":[73],"product_tag":[],"class_list":{"0":"post-32985","1":"product","2":"type-product","3":"status-publish","4":"has-post-thumbnail","6":"product_cat-photographie","7":"disponibilita-si","8":"description-off","10":"first","11":"instock","12":"shipping-taxable","13":"purchasable","14":"product-type-simple"},"acf":[],"_links":{"self":[{"href":"https:\/\/www.fivecontinentseditions.com\/fr\/wp-json\/wp\/v2\/product\/32985","targetHints":{"allow":["GET"]}}],"collection":[{"href":"https:\/\/www.fivecontinentseditions.com\/fr\/wp-json\/wp\/v2\/product"}],"about":[{"href":"https:\/\/www.fivecontinentseditions.com\/fr\/wp-json\/wp\/v2\/types\/product"}],"wp:featuredmedia":[{"embeddable":true,"href":"https:\/\/www.fivecontinentseditions.com\/fr\/wp-json\/wp\/v2\/media\/33189"}],"wp:attachment":[{"href":"https:\/\/www.fivecontinentseditions.com\/fr\/wp-json\/wp\/v2\/media?parent=32985"}],"wp:term":[{"taxonomy":"product_brand","embeddable":true,"href":"https:\/\/www.fivecontinentseditions.com\/fr\/wp-json\/wp\/v2\/product_brand?post=32985"},{"taxonomy":"product_cat","embeddable":true,"href":"https:\/\/www.fivecontinentseditions.com\/fr\/wp-json\/wp\/v2\/product_cat?post=32985"},{"taxonomy":"product_tag","embeddable":true,"href":"https:\/\/www.fivecontinentseditions.com\/fr\/wp-json\/wp\/v2\/product_tag?post=32985"}],"curies":[{"name":"wp","href":"https:\/\/api.w.org\/{rel}","templated":true}]}}