{"id":32982,"date":"2025-04-14T16:11:47","date_gmt":"2025-04-14T16:11:47","guid":{"rendered":"https:\/\/www.fivecontinentseditions.com\/?post_type=product&#038;p=32982"},"modified":"2025-08-27T12:14:42","modified_gmt":"2025-08-27T12:14:42","slug":"semi","status":"publish","type":"product","link":"https:\/\/www.fivecontinentseditions.com\/fr\/p\/semi\/","title":{"rendered":"SEMI"},"content":{"rendered":"<p><em>Photographies de Paul Starosta. Texte de Michel Butor<\/em><\/p>\n<p>Paul Starosta est un photographe naturaliste fran\u00e7ais, c\u00e9l\u00e8bre pour avoir d\u00e9cel\u00e9 et r\u00e9v\u00e9l\u00e9 le caract\u00e8re fonci\u00e8rement artistique de la nature. Les 200 superbes photographies de ce livre \u00e9tonnant, aujourd\u2019hui r\u00e9\u00e9dit\u00e9 dans un nouveau format, illustrent la beaut\u00e9 et la complexit\u00e9 des graines, y compris les plus petites d\u2019entre elles. C\u2019est en s\u2019appuyant sur les collections de Jean Laty et de l\u2019association La Voie des fleurs \u00e0 Draveil (Essonne) qu\u2019il a pu r\u00e9aliser ces images aux formes et aux couleurs infinies et aux d\u00e9tails stup\u00e9fiants : certaines \u00e9voquent des fleurs, d\u2019autres des pierres ou des sculptures, d\u2019autres encore des bijoux cisel\u00e9s par un orf\u00e8vre imaginaire. La beaut\u00e9 presque magique de ces chefs-d\u2019oeuvre d\u00e9tenant le myst\u00e8re de la vie, tant dans l\u2019infiniment petit que dans l\u2019infiniment grand, est sublim\u00e9e par les jeux d\u2019ombre et de lumi\u00e8re. Ces petites merveilles en \u00e9voquent d\u2019autres, nous rappelant des \u0153uvres d\u2019art ou des d\u00e9tails architecturaux. L\u2019homme est lui-m\u00eame nature, et c\u2019est toujours sous l\u2019inspiration de celle-ci qu\u2019il a compos\u00e9 ses cr\u00e9ations les plus \u00e9tranges ou les plus audacieuses.<\/p>\n<p>En fin de volume, des photographies en format r\u00e9duit sont accompagn\u00e9es d\u2019informations scientifiques sur les graines, leur vie, leurs caract\u00e9ristiques et leurs diff\u00e9rentes familles.<\/p>\n<p>Biologiste de formation, <strong>Paul Starosta<\/strong> a conjugu\u00e9 ses deux passions \u2013 la nature et la photographie \u2013 en publiant plus de 40 livres sur les plantes et les animaux, qui lui ont valu plusieurs r\u00e9compenses. Le num\u00e9ro 129 (2010) de la collection <em>Photo Poche<\/em>, cr\u00e9\u00e9e par Robert Delpire pour Actes Sud, et qui fait r\u00e9f\u00e9rence dans le monde entier, lui est consacr\u00e9.<\/p>\n<p><strong>Michel Butor<\/strong> (1926-2016), romancier et essayiste fran\u00e7ais, a \u00e9t\u00e9 l\u2019une des figures de proue du Nouveau Roman dans les ann\u00e9es 1950. Il a \u00e9tudi\u00e9 la philosophie \u00e0 la Sorbonne, dont il est sorti dipl\u00f4m\u00e9 en 1947, et il a enseign\u00e9 en \u00c9gypte, \u00e0 Manchester, \u00e0 Salonique, aux \u00c9tats-Unis et \u00e0 Gen\u00e8ve. Il a remport\u00e9 de nombreux prix, dont le prix Apollo, le prix F\u00e9n\u00e9on et le prix Renaudot.<\/p>\n<p><a href=\"https:\/\/www.meer.com\/it\/95113-intervista-con-paul-starosta\" target=\"_blank\" rel=\"noopener\">Intervista con Paul Starosta Il fotografo dei due volumi \u00ab\u00a0Semi\u00a0\u00bb e \u00ab\u00a0Conchiglie\u00a0\u00bb MEER.com<\/a><\/p>\n","protected":false},"excerpt":{"rendered":"<p>Photographies de Paul Starosta. Texte de Michel Butor Paul Starosta est un photographe naturaliste fran\u00e7ais, c\u00e9l\u00e8bre pour avoir d\u00e9cel\u00e9 et r\u00e9v\u00e9l\u00e9 le caract\u00e8re fonci\u00e8rement artistique de la nature. Les 200 superbes photographies de ce livre \u00e9tonnant, aujourd\u2019hui r\u00e9\u00e9dit\u00e9 dans un nouveau format, illustrent la beaut\u00e9 et la complexit\u00e9 des graines, y compris les plus petites&hellip;<\/p>\n","protected":false},"featured_media":33041,"template":"","meta":{"_acf_changed":false,"inline_featured_image":false},"product_brand":[],"product_cat":[73],"product_tag":[],"class_list":{"0":"post-32982","1":"product","2":"type-product","3":"status-publish","4":"has-post-thumbnail","6":"product_cat-photographie","7":"disponibilita-si","8":"description-off","10":"first","11":"instock","12":"featured","13":"shipping-taxable","14":"purchasable","15":"product-type-simple"},"acf":[],"_links":{"self":[{"href":"https:\/\/www.fivecontinentseditions.com\/fr\/wp-json\/wp\/v2\/product\/32982","targetHints":{"allow":["GET"]}}],"collection":[{"href":"https:\/\/www.fivecontinentseditions.com\/fr\/wp-json\/wp\/v2\/product"}],"about":[{"href":"https:\/\/www.fivecontinentseditions.com\/fr\/wp-json\/wp\/v2\/types\/product"}],"wp:featuredmedia":[{"embeddable":true,"href":"https:\/\/www.fivecontinentseditions.com\/fr\/wp-json\/wp\/v2\/media\/33041"}],"wp:attachment":[{"href":"https:\/\/www.fivecontinentseditions.com\/fr\/wp-json\/wp\/v2\/media?parent=32982"}],"wp:term":[{"taxonomy":"product_brand","embeddable":true,"href":"https:\/\/www.fivecontinentseditions.com\/fr\/wp-json\/wp\/v2\/product_brand?post=32982"},{"taxonomy":"product_cat","embeddable":true,"href":"https:\/\/www.fivecontinentseditions.com\/fr\/wp-json\/wp\/v2\/product_cat?post=32982"},{"taxonomy":"product_tag","embeddable":true,"href":"https:\/\/www.fivecontinentseditions.com\/fr\/wp-json\/wp\/v2\/product_tag?post=32982"}],"curies":[{"name":"wp","href":"https:\/\/api.w.org\/{rel}","templated":true}]}}