{"id":32791,"date":"2025-03-05T15:13:36","date_gmt":"2025-03-05T15:13:36","guid":{"rendered":"https:\/\/www.fivecontinentseditions.com\/?post_type=product&#038;p=32791"},"modified":"2025-09-22T14:36:04","modified_gmt":"2025-09-22T14:36:04","slug":"ghysels","status":"publish","type":"product","link":"https:\/\/www.fivecontinentseditions.com\/fr\/p\/ghysels\/","title":{"rendered":"Ghysels"},"content":{"rendered":"<p><strong>\u00ab Dans une sculpture, ne pas oublier le ciel, le soleil, l\u2019espace, le vent, sans cela elle meurt \u00bb <em>Jean-Pierre Ghysels<\/em><\/strong><\/p>\n<p>Cette monographie consacr\u00e9e au sculpteur belge Jean-Pierre Ghysels (Bruxelles, 1932-2024) pr\u00e9sente une remarquable s\u00e9lection du travail de l\u2019artiste, de sa derni\u00e8re \u0153uvre figurative \u2013 datant de 1965 \u2013 aux plus r\u00e9centes sculptures abstraites qui t\u00e9moignent d\u2019un art abouti. Dipl\u00f4m\u00e9 en 1953 de l\u2019\u00e9cole d\u2019art de Maredsous, Jean-Pierre Ghysels se voit attribuer une bourse du gouvernement fran\u00e7ais qui lui permet de suivre \u00e0 Paris les cours d\u2019Ossip Zadkine \u00e0 l\u2019acad\u00e9mie de la Grande Chaumi\u00e8re. Laur\u00e9at du prix Godecharle de sculpture en 1958, il voyage durant deux ans au Moyen-Orient et en Orient o\u00f9 il puise son inspiration dans une certaine philosophie de vie qu\u2019il traduit dans son\u00a0\u0153uvre\u00a0empreinte d\u2019\u00e9quilibre et de sensualit\u00e9.<\/p>\n<p>Les\u00a0\u0153uvres\u00a0de Jean-Pierre Ghysels \u2013 de petit format ou monumentales \u2013 se retrouvent dans de nombreuses collections particuli\u00e8res et publiques, tant en Belgique qu\u2019\u00e0 l\u2019\u00e9tranger.<\/p>\n<p><strong>Christian Carez <\/strong>est n\u00e9 \u00e0 Bruxelles en 1938, o\u00f9 il vit et travaille. Dipl\u00f4m\u00e9 en 1960 de l\u2019\u00c9cole Nationale Sup\u00e9rieure des Arts Visuels (ENSAV) de La Cambre, il y devint professeur titulaire de l\u2019atelier de photographie de 1981 \u00e0 2002. De nombreux travaux personnels d\u2019\u00e9criture et photographie ainsi que des expositions personnelles et collectives \u00e9maillent sa carri\u00e8re. Ses \u0153uvres\u00a0se retrouvent dans de nombreuses<br \/>\ncollections particuli\u00e8res en Europe et aux \u00c9tats-Unis de m\u00eame que dans divers mus\u00e9es de la photographie et en particulier au mus\u00e9e de Houston (Texas), au Fonds national d\u2019art contemporain \u00e0 Paris et au Tokyo Fuji Art Museum.<\/p>\n<p><strong>Jean-Pierre Van Tieghem <\/strong>N\u00e9 \u00e0 Wilrijk (Belgique) en 1938, il est d\u00e9c\u00e9d\u00e9 en 2015. Membre de l\u2019Association internationale des critiques d\u2019art et pr\u00e9sident d\u2019honneur de l\u2019Association belge des critiques d\u2019art, il collabora \u00e0 diff\u00e9rentes publications : Journal des Beaux-Arts, Le Monde, Art Press, Artforum, Beaux-arts Magazine. Professeur \u00e0 l\u2019\u00c9cole Nationale Sup\u00e9rieure des Arts Visuels (ENSAV) de La Cambre, il participa \u00e0 des \u00e9missions culturelles pluridisciplinaires \u00e0 la radio et il devint producteur en chef \u00e0 la RTB (Radio-T\u00e9l\u00e9vision Belge). Membre de nombreuses institutions, fondations et mus\u00e9es, tant en Europe qu\u2019aux \u00c9tats-Unis, et fut commissaire d\u2019exposition, notamment Espaces romanesques \u00e0 Bruxelles et Marseille.<\/p>\n","protected":false},"excerpt":{"rendered":"<p>\u00ab Dans une sculpture, ne pas oublier le ciel, le soleil, l\u2019espace, le vent, sans cela elle meurt \u00bb Jean-Pierre Ghysels Cette monographie consacr\u00e9e au sculpteur belge Jean-Pierre Ghysels (Bruxelles, 1932-2024) pr\u00e9sente une remarquable s\u00e9lection du travail de l\u2019artiste, de sa derni\u00e8re \u0153uvre figurative \u2013 datant de 1965 \u2013 aux plus r\u00e9centes sculptures abstraites qui&hellip;<\/p>\n","protected":false},"featured_media":5230,"template":"","meta":{"_acf_changed":false,"inline_featured_image":false},"product_brand":[],"product_cat":[57],"product_tag":[],"class_list":{"0":"post-32791","1":"product","2":"type-product","3":"status-publish","4":"has-post-thumbnail","6":"product_cat-art-contemporain","7":"disponibilita-si","8":"description-off","10":"first","11":"instock","12":"shipping-taxable","13":"purchasable","14":"product-type-simple"},"acf":[],"_links":{"self":[{"href":"https:\/\/www.fivecontinentseditions.com\/fr\/wp-json\/wp\/v2\/product\/32791","targetHints":{"allow":["GET"]}}],"collection":[{"href":"https:\/\/www.fivecontinentseditions.com\/fr\/wp-json\/wp\/v2\/product"}],"about":[{"href":"https:\/\/www.fivecontinentseditions.com\/fr\/wp-json\/wp\/v2\/types\/product"}],"wp:featuredmedia":[{"embeddable":true,"href":"https:\/\/www.fivecontinentseditions.com\/fr\/wp-json\/wp\/v2\/media\/5230"}],"wp:attachment":[{"href":"https:\/\/www.fivecontinentseditions.com\/fr\/wp-json\/wp\/v2\/media?parent=32791"}],"wp:term":[{"taxonomy":"product_brand","embeddable":true,"href":"https:\/\/www.fivecontinentseditions.com\/fr\/wp-json\/wp\/v2\/product_brand?post=32791"},{"taxonomy":"product_cat","embeddable":true,"href":"https:\/\/www.fivecontinentseditions.com\/fr\/wp-json\/wp\/v2\/product_cat?post=32791"},{"taxonomy":"product_tag","embeddable":true,"href":"https:\/\/www.fivecontinentseditions.com\/fr\/wp-json\/wp\/v2\/product_tag?post=32791"}],"curies":[{"name":"wp","href":"https:\/\/api.w.org\/{rel}","templated":true}]}}