{"id":32627,"date":"2024-12-10T10:31:10","date_gmt":"2024-12-10T10:31:10","guid":{"rendered":"https:\/\/www.fivecontinentseditions.com\/?post_type=product&#038;p=32627"},"modified":"2025-03-05T15:57:12","modified_gmt":"2025-03-05T15:57:12","slug":"feuille-a-feuille","status":"publish","type":"product","link":"https:\/\/www.fivecontinentseditions.com\/fr\/p\/feuille-a-feuille\/","title":{"rendered":"Feuille \u00e0 feuille"},"content":{"rendered":"<p><em>Sous la direction du Mus\u00e9e des beaux-arts du Canada. Introduction de Sonia Del Re<\/em><\/p>\n<p><strong>Une collection \u201cen construction\u201d depuis plus d\u2019un si\u00e8cle<\/strong><\/p>\n<p>Fond\u00e9e en 1921, la division des dessins et estampes du Mus\u00e9e des beaux-arts du Canada, la premi\u00e8re du genre dans ce pays, a r\u00e9uni au fil des ans une collection de rang mondial de dessins datant du XV<sup>e<\/sup> au XX<sup>e<\/sup> si\u00e8cle. Ces \u0153uvres, r\u00e9alis\u00e9es avec des substances et des instruments tr\u00e8s divers, allant de l\u2019encre \u00e0 la mine de plomb en passant par le pastel et l\u2019aquarelle, illustrent la vari\u00e9t\u00e9 des techniques utilis\u00e9es au cours des si\u00e8cles.<\/p>\n<p>Mis \u00e0 jour gr\u00e2ce aux toutes derni\u00e8res recherches et richement illustr\u00e9, le pr\u00e9sent ouvrage vient marquer le centenaire de cette collection prestigieuse. Il rassemble une s\u00e9lection spectaculaire de dessins, parmi lesquels des acquisitions r\u00e9centes ainsi que des \u0153uvres m\u00e9connues mais d\u2019une grande valeur historique.<\/p>\n<p>La large s\u00e9lection op\u00e9r\u00e9e comprend des \u00e9tudes pr\u00e9paratoires, des dessins sur des th\u00e8mes historiques ou mythologiques, des portraits, des paysages, des incursions dans l\u2019abstraction et de poignantes \u00e9vocations de la condition humaine. Vous pourrez ainsi appr\u00e9cier le travail d\u2019\u00c9lisabeth Louise Vig\u00e9e Le Brun, de Th\u00e9odore G\u00e9ricault, de Gustav Klimt, d\u2019Edvard Munch, de Vassily Kandinsky et de bien d\u2019autres artistes de renom.<\/p>\n<p><strong>Sonia Del Re<\/strong> est conservatrice en chef de la division des dessins et estampes du Mus\u00e9e des beaux-arts du Canada<\/p>\n<p><a href=\"https:\/\/www.beaux-arts.ca\/a-laffiche\/expositions-et-salles\/feuille-a-feuille-la-collection-de-dessins-devoilee?_gl=1*w56x74*_gcl_au*MTI0ODcwMTY3MC4xNzI5NzU2MTY1*_ga*NzkxNDMzMDk1LjE3Mjk3NTYxNjU.*_ga_83BW334MD2*MTczMzc0MDYwOS4xMi4wLjE3MzM3NDA2MDkuMC4wLjA.\" target=\"_blank\" rel=\"noopener\">Exposition : Mus\u00e9e des beaux-arts du Canada, Ottawa, du 13 d\u00e9cembre 2024 au 13 avril 2025<\/a><\/p>\n","protected":false},"excerpt":{"rendered":"<p>Sous la direction du Mus\u00e9e des beaux-arts du Canada. Introduction de Sonia Del Re Une collection \u201cen construction\u201d depuis plus d\u2019un si\u00e8cle Fond\u00e9e en 1921, la division des dessins et estampes du Mus\u00e9e des beaux-arts du Canada, la premi\u00e8re du genre dans ce pays, a r\u00e9uni au fil des ans une collection de rang mondial&hellip;<\/p>\n","protected":false},"featured_media":33326,"template":"","meta":{"_acf_changed":false,"inline_featured_image":false},"product_brand":[],"product_cat":[68],"product_tag":[],"class_list":{"0":"post-32627","1":"product","2":"type-product","3":"status-publish","4":"has-post-thumbnail","6":"product_cat-art-moderne","7":"disponibilita-no","8":"description-off","10":"first","11":"outofstock","12":"shipping-taxable","13":"purchasable","14":"product-type-simple"},"acf":[],"_links":{"self":[{"href":"https:\/\/www.fivecontinentseditions.com\/fr\/wp-json\/wp\/v2\/product\/32627","targetHints":{"allow":["GET"]}}],"collection":[{"href":"https:\/\/www.fivecontinentseditions.com\/fr\/wp-json\/wp\/v2\/product"}],"about":[{"href":"https:\/\/www.fivecontinentseditions.com\/fr\/wp-json\/wp\/v2\/types\/product"}],"wp:featuredmedia":[{"embeddable":true,"href":"https:\/\/www.fivecontinentseditions.com\/fr\/wp-json\/wp\/v2\/media\/33326"}],"wp:attachment":[{"href":"https:\/\/www.fivecontinentseditions.com\/fr\/wp-json\/wp\/v2\/media?parent=32627"}],"wp:term":[{"taxonomy":"product_brand","embeddable":true,"href":"https:\/\/www.fivecontinentseditions.com\/fr\/wp-json\/wp\/v2\/product_brand?post=32627"},{"taxonomy":"product_cat","embeddable":true,"href":"https:\/\/www.fivecontinentseditions.com\/fr\/wp-json\/wp\/v2\/product_cat?post=32627"},{"taxonomy":"product_tag","embeddable":true,"href":"https:\/\/www.fivecontinentseditions.com\/fr\/wp-json\/wp\/v2\/product_tag?post=32627"}],"curies":[{"name":"wp","href":"https:\/\/api.w.org\/{rel}","templated":true}]}}