{"id":32465,"date":"2024-11-25T16:04:30","date_gmt":"2024-11-25T16:04:30","guid":{"rendered":"https:\/\/www.fivecontinentseditions.com\/?post_type=product&#038;p=32465"},"modified":"2025-06-22T06:49:48","modified_gmt":"2025-06-22T06:49:48","slug":"cultures","status":"publish","type":"product","link":"https:\/\/www.fivecontinentseditions.com\/fr\/p\/cultures\/","title":{"rendered":"CULTURE(S)"},"content":{"rendered":"<p><em>Photographies de Luigi Spina<\/em><\/p>\n<p><strong>Un tour du monde en 99 tr\u00e9sors en miniature\u00a0<\/strong><\/p>\n<p>Constitu\u00e9e par Ludovic Donnadieu au fil de quelque vingt ann\u00e9es, cette collection de tr\u00e9sors anciens provient d\u2019une myriade de cultures antiques, c\u00e9l\u00e8bres ou obscures, issues des cinq continents. La s\u00e9lection op\u00e9r\u00e9e respecte un \u00e9quilibre entre les diff\u00e9rentes zones g\u00e9ographiques, assurant la repr\u00e9sentation de toutes les r\u00e9gions du monde et de toutes les p\u00e9riodes historiques ou pr\u00e9historiques. Gr\u00e2ce \u00e0 ce panorama complet, le spectateur est invit\u00e9 \u00e0 un voyage culturel et anthropologique \u00e0 travers le temps et l\u2019espace.<\/p>\n<p>Les \u0153uvres pr\u00e9sent\u00e9es sont des \u00ab miniatures \u00bb : peu d\u2019entre elles d\u00e9passent les 20 centim\u00e8tres. Une \u0153uvre d\u2019art, en effet, n\u2019a pas besoin d\u2019\u00eatre monumentale pour provoquer une \u00e9motion et une fascination profondes ! La fragilit\u00e9 peut perdurer, le minuscule incarner la grandeur, et un d\u00e9tail singulier transmettre un message universel. Cet ensemble, unique au monde, de 99 objets r\u00e9pond \u00e0 un triple crit\u00e8re : authenticit\u00e9, qualit\u00e9 esth\u00e9tique, \u00e9quilibre \u2013 tant entre les sujets repr\u00e9sent\u00e9s qu\u2019entre les diff\u00e9rentes formes, mati\u00e8res ou fonctions. La p\u00e9riode couverte s\u2019\u00e9tend du VIIIe mill\u00e9naire avant J.-C. jusqu&rsquo;au d\u00e9but du XX<sup>e <\/sup>si\u00e8cle.<\/p>\n<p>La pr\u00e9sentation de cette collection au public rev\u00eat une double signification : dans un monde menac\u00e9 par l\u2019uniformit\u00e9, elle c\u00e9l\u00e8bre la richesse et la diversit\u00e9 des cultures humaines tout en soulignant la beaut\u00e9 et la grandeur des formats r\u00e9duits et la n\u00e9cessit\u00e9 de prot\u00e9ger ce qui est fragile.<\/p>\n<p><strong>Luigi Spina<\/strong>, photographe, a publi\u00e9 chez 5 Continents Editions <em>The Buchner Boxes<\/em> (2014), <em>Hemba<\/em> (2017) et <em>Des jours et des mythes<\/em>. Marbres sculpt\u00e9s de la collection Farn\u00e8se (2017) et dirige, chez le m\u00eame \u00e9diteur, la collection \u00ab Tr\u00e9sors cach\u00e9s \u00bb qui compte les titres suivants : <em>La Tasse Farn\u00e8se<\/em>, <em>La mosa\u00efque d\u2019Alexandre<\/em>, <em>Saint Dominique de Niccol\u00f2 dell\u2019Arca<\/em> et <em>Les Bronzes de Riace<\/em> (2022). Il est \u00e9galement l\u2019auteur de la s\u00e9rie en quatre volumes <em>Canova. Quatre Temps<\/em> (2020-2024) et de l\u2019ambitieux projet photographique <em>Int\u00e9rieurs pomp\u00e9iens<\/em> (2023).<\/p>\n<p>La <strong>Fondation Donnadieu<\/strong> a \u00e9t\u00e9 cr\u00e9\u00e9e en 2023 sous l\u2018\u00e9gide de la Fondation pour l\u2019Enfance par Ludovic Donnadieu, collectionneur d\u2019art, expert-comptable et commissaire aux comptes, fondateur de Donnadieu &amp; Associ\u00e9s, cabinet sp\u00e9cialis\u00e9 dans la s\u00e9curisation des fonds confi\u00e9s aux ONG internationales. La Fondation a pour vocation, par l\u2019organisation de manifestations culturelles internationales innovantes, de permettre \u00e0 des jeunes, principalement issus de milieux d\u00e9favoris\u00e9s, de d\u00e9velopper leur r\u00e9flexion, leur engagement et leur ouverture d\u2019esprit, afin de devenir des citoyens responsables, acteurs d\u2019un avenir meilleur, en m\u00eame temps que de sensibiliser le grand public et les d\u00e9cideurs politiques \u00e0 l\u2019importance de l\u2019\u00e9ducation artistique d\u00e8s les jeunes ann\u00e9es.<\/p>\n","protected":false},"excerpt":{"rendered":"<p>Photographies de Luigi Spina Un tour du monde en 99 tr\u00e9sors en miniature\u00a0 Constitu\u00e9e par Ludovic Donnadieu au fil de quelque vingt ann\u00e9es, cette collection de tr\u00e9sors anciens provient d\u2019une myriade de cultures antiques, c\u00e9l\u00e8bres ou obscures, issues des cinq continents. La s\u00e9lection op\u00e9r\u00e9e respecte un \u00e9quilibre entre les diff\u00e9rentes zones g\u00e9ographiques, assurant la repr\u00e9sentation&hellip;<\/p>\n","protected":false},"featured_media":32492,"template":"","meta":{"_acf_changed":false,"inline_featured_image":false},"product_brand":[],"product_cat":[55],"product_tag":[],"class_list":{"0":"post-32465","1":"product","2":"type-product","3":"status-publish","4":"has-post-thumbnail","6":"product_cat-art-ancien","7":"disponibilita-si","8":"description-off","10":"first","11":"instock","12":"featured","13":"shipping-taxable","14":"purchasable","15":"product-type-simple"},"acf":[],"_links":{"self":[{"href":"https:\/\/www.fivecontinentseditions.com\/fr\/wp-json\/wp\/v2\/product\/32465","targetHints":{"allow":["GET"]}}],"collection":[{"href":"https:\/\/www.fivecontinentseditions.com\/fr\/wp-json\/wp\/v2\/product"}],"about":[{"href":"https:\/\/www.fivecontinentseditions.com\/fr\/wp-json\/wp\/v2\/types\/product"}],"wp:featuredmedia":[{"embeddable":true,"href":"https:\/\/www.fivecontinentseditions.com\/fr\/wp-json\/wp\/v2\/media\/32492"}],"wp:attachment":[{"href":"https:\/\/www.fivecontinentseditions.com\/fr\/wp-json\/wp\/v2\/media?parent=32465"}],"wp:term":[{"taxonomy":"product_brand","embeddable":true,"href":"https:\/\/www.fivecontinentseditions.com\/fr\/wp-json\/wp\/v2\/product_brand?post=32465"},{"taxonomy":"product_cat","embeddable":true,"href":"https:\/\/www.fivecontinentseditions.com\/fr\/wp-json\/wp\/v2\/product_cat?post=32465"},{"taxonomy":"product_tag","embeddable":true,"href":"https:\/\/www.fivecontinentseditions.com\/fr\/wp-json\/wp\/v2\/product_tag?post=32465"}],"curies":[{"name":"wp","href":"https:\/\/api.w.org\/{rel}","templated":true}]}}