{"id":32369,"date":"2025-01-07T08:00:18","date_gmt":"2025-01-07T08:00:18","guid":{"rendered":"https:\/\/www.fivecontinentseditions.com\/?post_type=product&#038;p=32369"},"modified":"2024-12-10T16:36:02","modified_gmt":"2024-12-10T16:36:02","slug":"jean-paul-riopelle-en-mouvement-1923-2002","status":"publish","type":"product","link":"https:\/\/www.fivecontinentseditions.com\/fr\/p\/jean-paul-riopelle-en-mouvement-1923-2002\/","title":{"rendered":"Jean Paul Riopelle en mouvement (1923-2002)"},"content":{"rendered":"<p><em>Texte de Pierre B. Landry<\/em><\/p>\n<p><strong>Portrait intime et document\u00e9 d&rsquo;un artiste embl\u00e9matique<\/strong><\/p>\n<p>Dans son imposante somme biographique intitul\u00e9e <em>Jean Paul Riopelle en mouvement (1923-2002)<\/em>, Pierre B. Landry brosse un portrait de l\u2019homme et de l\u2019artiste sous la forme d\u2019une chronologie in\u00e9dite : archives photographiques, documents et citations de premi\u00e8re main, ainsi que les\u00a0\u0153uvres\u00a0phares du peintre, ponctuent une vie qui nous est r\u00e9v\u00e9l\u00e9e gr\u00e2ce \u00e0 un travail de recherche sans pr\u00e9c\u00e9dent.<\/p>\n<p>Non content de se pencher sur ce g\u00e9ant de l\u2019art contemporain qu\u2019est Riopelle, Landry s\u2019int\u00e9resse \u00e0 son \u00e9poque, \u00e0 ses amiti\u00e9s, principalement fran\u00e7aises et qu\u00e9b\u00e9coises, ainsi qu\u2019aux divers mouvements et discours de l\u2019histoire de l\u2019art dont son \u0153uvre et sa r\u00e9ception sont travers\u00e9es.<\/p>\n<p>Articul\u00e9e en six temps, cette chronique s\u2019ouvre sur les jeunes ann\u00e9es du peintre et se cl\u00f4t en 2002, l\u2019ann\u00e9e de sa mort. Une pr\u00e9face de John Porter, membre fondateur et secr\u00e9taire de la Fondation Jean Paul Riopelle, et une postface de Guillaume Savard, directeur des contenus de l\u2019Espace Riopelle (MNBAQ), compl\u00e8tent cet ouvrage exhaustif et incontournable sur la vie et l\u2019oeuvre du peintre.<\/p>\n<p><strong>Jean Paul Riopelle<\/strong> est n\u00e9 \u00e0 Montr\u00e9al le 7 octobre 1923. Initi\u00e9 par Paul-\u00c9mile Borduas \u00e0 la pratique de la cr\u00e9ation sans id\u00e9e pr\u00e9con\u00e7ue, il participe aux activit\u00e9s des Automatistes, dont il signera en 1948 le manifeste <em>Refus global<\/em>. En 1947, il s\u2019\u00e9tablit \u00e0 Paris o\u00f9 il se rapproche d\u2019Andr\u00e9 Breton et des surr\u00e9alistes fran\u00e7ais. Il s\u2019associe ensuite aux manifestations fondatrices de l\u2019abstraction lyrique, qui lui valent d\u2019\u00eatre remarqu\u00e9 par le critique Georges Duthuit. L\u2019art de Riopelle atteint sa maturit\u00e9 au d\u00e9but des ann\u00e9es 1950 avec des peintures au chromatisme \u00e9clatant, les fameuses \u00ab mosa\u00efques \u00bb. Laur\u00e9at du Prix de l\u2019UNESCO \u00e0 la Biennale de Venise en 1962, il adopte une approche personnelle o\u00f9 nature et abstraction se confrontent dans une tension dynamique constante. Voyageur infatigable, amoureux de la nature, il s\u2019\u00e9teint le 12 mars 2002 dans sa r\u00e9sidence de l\u2019\u00eele aux Grues, au Qu\u00e9bec.<\/p>\n<p>Historien de l\u2019art et mus\u00e9ologue, <strong>Pierre B. Landry<\/strong> a \u00e9t\u00e9 conservateur associ\u00e9 de l\u2019art canadien au Mus\u00e9e des beaux-arts du Canada \u00e0 Ottawa, et responsable des collections et de la recherche au Mus\u00e9e national des beaux-arts du Qu\u00e9bec. Observateur vigilant des points de croisement des arts, de l\u2019Histoire et des r\u00e9cits personnels, Landry s\u2019int\u00e9resse notamment \u00e0 l\u2019\u00e9volution des institutions mus\u00e9ales et au d\u00e9veloppement de leurs collections. Il est l\u2019auteur de <em>75 ans chrono. Le Mus\u00e9e national des beaux-arts du Qu\u00e9bec, 1933-2008<\/em> (2009), d\u2019<em>Une histoire de l\u2019art du Qu\u00e9bec. La collection du Mus\u00e9e national des beaux-arts du Qu\u00e9bec<\/em> (2004), et du catalogue du Mus\u00e9e des beaux-arts du Canada : <em>Art canadien<\/em> (1988, 1994, 1997).<\/p>\n","protected":false},"excerpt":{"rendered":"<p>Texte de Pierre B. Landry Portrait intime et document\u00e9 d&rsquo;un artiste embl\u00e9matique Dans son imposante somme biographique intitul\u00e9e Jean Paul Riopelle en mouvement (1923-2002), Pierre B. Landry brosse un portrait de l\u2019homme et de l\u2019artiste sous la forme d\u2019une chronologie in\u00e9dite : archives photographiques, documents et citations de premi\u00e8re main, ainsi que les\u00a0\u0153uvres\u00a0phares du peintre,&hellip;<\/p>\n","protected":false},"featured_media":32421,"template":"","meta":{"_acf_changed":false,"inline_featured_image":false},"product_brand":[],"product_cat":[57],"product_tag":[],"class_list":{"0":"post-32369","1":"product","2":"type-product","3":"status-publish","4":"has-post-thumbnail","6":"product_cat-art-contemporain","7":"disponibilita-si","8":"description-off","10":"first","11":"instock","12":"featured","13":"shipping-taxable","14":"purchasable","15":"product-type-simple"},"acf":[],"_links":{"self":[{"href":"https:\/\/www.fivecontinentseditions.com\/fr\/wp-json\/wp\/v2\/product\/32369","targetHints":{"allow":["GET"]}}],"collection":[{"href":"https:\/\/www.fivecontinentseditions.com\/fr\/wp-json\/wp\/v2\/product"}],"about":[{"href":"https:\/\/www.fivecontinentseditions.com\/fr\/wp-json\/wp\/v2\/types\/product"}],"wp:featuredmedia":[{"embeddable":true,"href":"https:\/\/www.fivecontinentseditions.com\/fr\/wp-json\/wp\/v2\/media\/32421"}],"wp:attachment":[{"href":"https:\/\/www.fivecontinentseditions.com\/fr\/wp-json\/wp\/v2\/media?parent=32369"}],"wp:term":[{"taxonomy":"product_brand","embeddable":true,"href":"https:\/\/www.fivecontinentseditions.com\/fr\/wp-json\/wp\/v2\/product_brand?post=32369"},{"taxonomy":"product_cat","embeddable":true,"href":"https:\/\/www.fivecontinentseditions.com\/fr\/wp-json\/wp\/v2\/product_cat?post=32369"},{"taxonomy":"product_tag","embeddable":true,"href":"https:\/\/www.fivecontinentseditions.com\/fr\/wp-json\/wp\/v2\/product_tag?post=32369"}],"curies":[{"name":"wp","href":"https:\/\/api.w.org\/{rel}","templated":true}]}}