{"id":31862,"date":"2024-09-28T10:16:14","date_gmt":"2024-09-28T10:16:14","guid":{"rendered":"https:\/\/www.fivecontinentseditions.com\/?post_type=product&#038;p=31862"},"modified":"2024-11-10T17:17:58","modified_gmt":"2024-11-10T17:17:58","slug":"costume-balls","status":"publish","type":"product","link":"https:\/\/www.fivecontinentseditions.com\/fr\/p\/costume-balls\/","title":{"rendered":"Costume Balls"},"content":{"rendered":"<p><em>Sous la drection de Cynthia Cooper. Photographies de Laura Dumitriu<\/em><\/p>\n<p><strong>Un voyage dans le temps avec les bals costum\u00e9s<\/strong><\/p>\n<p>Il y a un si\u00e8cle et demi, les bals costum\u00e9s et les carnavals de patinage extravagants constituaient le summum du divertissement mondain. Ils mettaient en sc\u00e8ne un \u00e9ventail kal\u00e9idoscopique de costumes fantasques et offraient la chance d\u2019une vie de se r\u00e9inventer en s\u2019inspirant de la litt\u00e9rature, de l\u2019art ou de la nature. Cependant, lorsque l&rsquo;Histoire servait de muse, le chaos chatoyant laissait place \u00e0 l\u2019apparat grandiose. Les convives, incarnant des b\u00e2tisseurs de nations et d&#8217;empires, orn\u00e9s de perruques poudr\u00e9es et de bas de soie, dansant avec l\u00e9g\u00e8ret\u00e9 des menuets et des quadrilles, se d\u00e9lectaient d&rsquo;un anachronisme fantaisiste influenc\u00e9s par les mythes fondamentaux du destin colonial, de la sup\u00e9riorit\u00e9 raciale et de l\u2019avenir de l\u2019Empire.<\/p>\n<p>L&rsquo;invitation \u00e0 se r\u00e9inventer en un alter ego inspir\u00e9 par l&rsquo;histoire ou la fantaisie repr\u00e9sentait une occasion unique, n\u00e9cessitant recherche, d\u00e9penses et une visite au studio photographique. Le livre <em>Bals Costum\u00e9s &#8211; Habiller l\u2019Histoire, 1870-1927<\/em> explore un tr\u00e9sor de plus de 40 costumes accompagn\u00e9s d&rsquo;images d&rsquo;archives provenant des collections du Mus\u00e9e et qui capturent la spontan\u00e9it\u00e9 de cette s\u00e9rie de bals \u00e0 th\u00e8me historique. Gr\u00e2ce \u00e0 de magnifiques photographies de d\u00e9tail juxtapos\u00e9es \u00e0 des images d&rsquo;archives, conservatrices et conservateurs et expert\u00b7e\u00b7s en restauration engagent un dialogue qui r\u00e9v\u00e8lent des r\u00e9cits et des connexions inattendues.<\/p>\n<p>Trois essais par des conservatrices et conservateur du Mus\u00e9e en font le pr\u00e9ambule : <strong>Cynthia Cooper<\/strong> offre un aper\u00e7u actualis\u00e9 de l&rsquo;attrait des costumes \u00e0 ce moment de l\u2019histoire, ainsi que sur les mythes fondateurs pr\u00e9sents dans le choix des figures historiques repr\u00e9sent\u00e9es; <strong>Jonathan Lainey<\/strong> examine la mani\u00e8re dont les biens culturels autochtones ont \u00e9t\u00e9 utilis\u00e9s dans des repr\u00e9sentations fictives de l\u2019\u00ab Indien \u00bb; <strong>Zo\u00eb Tousignant<\/strong> explore la popularit\u00e9 de la photographie composite comme moyen d&rsquo;enregistrer ces spectacles costum\u00e9s. En guise d\u2019\u00e9pilogue, <strong>Caterina Florio<\/strong>, cheffe, Restauration t\u00e9moigne des d\u00e9fis relatifs \u00e0 la restauration de l\u2019imposant corpus de 40 tenues pr\u00e9sent\u00e9es dans l\u2019exposition.<\/p>\n<p><a href=\"https:\/\/www.musee-mccord-stewart.ca\/fr\/expositions\/bals-costumes\/\" target=\"_blank\" rel=\"noopener\">Exposition : Mus\u00e9e McCord Stewart, Montr\u00e9al, du 14 novembre 2024 au 17 ao\u00fbt 2025<\/a><\/p>\n","protected":false},"excerpt":{"rendered":"<p>Sous la drection de Cynthia Cooper. Photographies de Laura Dumitriu Un voyage dans le temps avec les bals costum\u00e9s Il y a un si\u00e8cle et demi, les bals costum\u00e9s et les carnavals de patinage extravagants constituaient le summum du divertissement mondain. Ils mettaient en sc\u00e8ne un \u00e9ventail kal\u00e9idoscopique de costumes fantasques et offraient la chance&hellip;<\/p>\n","protected":false},"featured_media":32213,"template":"","meta":{"_acf_changed":false,"inline_featured_image":false},"product_brand":[],"product_cat":[70],"product_tag":[],"class_list":{"0":"post-31862","1":"product","2":"type-product","3":"status-publish","4":"has-post-thumbnail","6":"product_cat-arts-appliques","7":"disponibilita-no","8":"description-off","10":"first","11":"outofstock","12":"featured","13":"shipping-taxable","14":"purchasable","15":"product-type-simple"},"acf":[],"_links":{"self":[{"href":"https:\/\/www.fivecontinentseditions.com\/fr\/wp-json\/wp\/v2\/product\/31862","targetHints":{"allow":["GET"]}}],"collection":[{"href":"https:\/\/www.fivecontinentseditions.com\/fr\/wp-json\/wp\/v2\/product"}],"about":[{"href":"https:\/\/www.fivecontinentseditions.com\/fr\/wp-json\/wp\/v2\/types\/product"}],"wp:featuredmedia":[{"embeddable":true,"href":"https:\/\/www.fivecontinentseditions.com\/fr\/wp-json\/wp\/v2\/media\/32213"}],"wp:attachment":[{"href":"https:\/\/www.fivecontinentseditions.com\/fr\/wp-json\/wp\/v2\/media?parent=31862"}],"wp:term":[{"taxonomy":"product_brand","embeddable":true,"href":"https:\/\/www.fivecontinentseditions.com\/fr\/wp-json\/wp\/v2\/product_brand?post=31862"},{"taxonomy":"product_cat","embeddable":true,"href":"https:\/\/www.fivecontinentseditions.com\/fr\/wp-json\/wp\/v2\/product_cat?post=31862"},{"taxonomy":"product_tag","embeddable":true,"href":"https:\/\/www.fivecontinentseditions.com\/fr\/wp-json\/wp\/v2\/product_tag?post=31862"}],"curies":[{"name":"wp","href":"https:\/\/api.w.org\/{rel}","templated":true}]}}