{"id":3178,"date":"2005-02-01T05:00:00","date_gmt":"2005-02-01T05:00:00","guid":{"rendered":"http:\/\/www.fivecontinentseditions.com\/prodotto\/dubuffet-art-brut-2\/"},"modified":"2025-10-29T12:17:14","modified_gmt":"2025-10-29T12:17:14","slug":"dubuffet-art-brut-2","status":"publish","type":"product","link":"https:\/\/www.fivecontinentseditions.com\/fr\/p\/dubuffet-art-brut-2\/","title":{"rendered":"Dubuffet &#038; Art Brut"},"content":{"rendered":"<p>Jean Dubuffet (1901-1985) est le plus important artiste fran\u00e7ais de la seconde moiti\u00e9 du XXe si\u00e8cle. Tout au long de sa vie, ce fut un rebelle qui allait \u00e0l&rsquo;encontre de l&rsquo;art traditionnel et \u00e0 la recherche de nouvelles formes d&rsquo;expression. Ses cr\u00e9ations \u00e9taient extr\u00eamement \u00e9clectiques: cet ancien marchand de vin fut en effet un peintre et un sculpteur, mais aussi un philosophe de l&rsquo;art et un collectionneur et th\u00e9oricien passionn\u00e9 de l&rsquo;art brut.<\/p>\n<p>Comme d&rsquo;autres artistes de son \u00e9poque, Dubuffet, toujours en qu\u00eate d&rsquo;une cr\u00e9ativit\u00e9 originale, d\u00e9couvrit les dessins d&rsquo;enfants mais aussi l&rsquo;art cr\u00e9\u00e9 par des personnes \u00e9trang\u00e8res aux milieux artistiques professionnels. Il subissait la fascination de leur approche pure et intuitive et la capacit\u00e9 d&rsquo;invention hors du commun avec laquelle ils cr\u00e9aient des formes d&rsquo;expression tr\u00e8s diverses.<\/p>\n<p>Les &oelig;uvres des autodidactes de l&rsquo;art naissent d&rsquo;un profond d\u00e9sir \u00e9motionnel et abordent tant l&rsquo;esth\u00e9tique que le contenu selon des crit\u00e8res tr\u00e8s personnels. Ce processus na\u00eet g\u00e9n\u00e9ralement \u00e0l&rsquo;\u00e9cart d&rsquo;un syst\u00e8me artistique \u00e9tabli et ind\u00e9pendamment de toute \u00e9ducation ou exp\u00e9rience artistique. Souvent, ces autodidactes travaillent dans un isolement volontaire, cr\u00e9ant un monde \u00e0eux. Parfois ils ont \u00e9t\u00e9 intern\u00e9s dans des asiles psychiatriques, ont eu des exp\u00e9riences de spiritisme ou encore ont \u00e9t\u00e9 prisonniers. Parmi ces solitaires, ces asociaux et ces pariason trouve les Suisses Alo\u00efse (1886-1964), Friedrich Schr\u00f6der-Sonnenstern (1892-1982) et Henry Darger (1892-1973) ou l&rsquo;Allemand Josef Wittlich (1903-1982).<\/p>\n<p>Dubuffet inventa un nom pour ce genre de cr\u00e9ation, <em>art brut<\/em>, une forme d&rsquo;art &laquo;brute&raquo;, inventive et dissidente. Il cr\u00e9a une nouvelle cat\u00e9gorie esth\u00e9tique, qui jusqu&rsquo;\u00e0nos jours a eu un r\u00f4le particuli\u00e8rement important pour l&rsquo;art moderne. &Agrave; partir de 1945, Dubuffet s&rsquo;int\u00e9ressa inlassablement aux &oelig;uvres d&rsquo;art cr\u00e9\u00e9es dans la solitude. Il fonda une association, la <em>Compagnie de l&rsquo;art brut<\/em>, qui organisa des expositions et publia des monographies pour pr\u00e9senter des inconnus de diff\u00e9rents pays et leurs r\u00e9alisations. De plus, il rassembla une collection d&rsquo;&oelig;uvres d&rsquo;art brut, qui depuis 1976 est expos\u00e9e dans le Mus\u00e9e de l&rsquo;art brut, sp\u00e9cialement cr\u00e9\u00e9 \u00e0Lausanne.<\/p>\n<p>Pour la premi\u00e8re fois, le Museum Kunst Palast pr\u00e9sente une grande exposition associant cent &oelig;uvres de Jean Dubuffet \u00e0un grand nombre de r\u00e9alisations d&rsquo;art brut des principaux artistes de ce mouvement. L&rsquo;exposition donne un aper\u00e7u impressionnant de la diversit\u00e9 de ce type de cr\u00e9ation artistique: tableaux, dessins, assemblages, sculptures, maquettes architecturales, mais aussi films pr\u00e9sentant des cr\u00e9ations artistiques environnementales.<\/p>\n","protected":false},"excerpt":{"rendered":"<p>Jean Dubuffet (1901-1985) est le plus important artiste fran\u00e7ais de la seconde moiti\u00e9 du XXe si\u00e8cle. Tout au long de sa vie, ce fut un rebelle qui allait \u00e0l&rsquo;encontre de l&rsquo;art traditionnel et \u00e0 la recherche de nouvelles formes d&rsquo;expression. Ses cr\u00e9ations \u00e9taient extr\u00eamement \u00e9clectiques: cet ancien marchand de vin fut en effet un peintre&hellip;<\/p>\n","protected":false},"featured_media":3153,"template":"","meta":{"_acf_changed":false,"inline_featured_image":false},"product_brand":[],"product_cat":[49],"product_tag":[],"class_list":{"0":"post-3178","1":"product","2":"type-product","3":"status-publish","4":"has-post-thumbnail","6":"product_cat-art-brut-fr","7":"disponibilita-si","8":"description-off","10":"first","11":"instock","12":"shipping-taxable","13":"purchasable","14":"product-type-simple"},"acf":[],"_links":{"self":[{"href":"https:\/\/www.fivecontinentseditions.com\/fr\/wp-json\/wp\/v2\/product\/3178","targetHints":{"allow":["GET"]}}],"collection":[{"href":"https:\/\/www.fivecontinentseditions.com\/fr\/wp-json\/wp\/v2\/product"}],"about":[{"href":"https:\/\/www.fivecontinentseditions.com\/fr\/wp-json\/wp\/v2\/types\/product"}],"wp:featuredmedia":[{"embeddable":true,"href":"https:\/\/www.fivecontinentseditions.com\/fr\/wp-json\/wp\/v2\/media\/3153"}],"wp:attachment":[{"href":"https:\/\/www.fivecontinentseditions.com\/fr\/wp-json\/wp\/v2\/media?parent=3178"}],"wp:term":[{"taxonomy":"product_brand","embeddable":true,"href":"https:\/\/www.fivecontinentseditions.com\/fr\/wp-json\/wp\/v2\/product_brand?post=3178"},{"taxonomy":"product_cat","embeddable":true,"href":"https:\/\/www.fivecontinentseditions.com\/fr\/wp-json\/wp\/v2\/product_cat?post=3178"},{"taxonomy":"product_tag","embeddable":true,"href":"https:\/\/www.fivecontinentseditions.com\/fr\/wp-json\/wp\/v2\/product_tag?post=3178"}],"curies":[{"name":"wp","href":"https:\/\/api.w.org\/{rel}","templated":true}]}}