{"id":31632,"date":"2024-08-26T08:00:49","date_gmt":"2024-08-26T08:00:49","guid":{"rendered":"https:\/\/www.fivecontinentseditions.com\/?post_type=product&#038;p=31632"},"modified":"2026-03-08T14:46:52","modified_gmt":"2026-03-08T14:46:52","slug":"masques-salampasu","status":"publish","type":"product","link":"https:\/\/www.fivecontinentseditions.com\/fr\/p\/masques-salampasu\/","title":{"rendered":"Masques Salampasu"},"content":{"rendered":"<p><em>Texte de Frank Herreman<\/em><\/p>\n<p><strong>Un tr\u00e9sor pour les amateurs d&rsquo;art africain<\/strong><\/p>\n<p>Les Salampasu habitent dans la province du Kasa\u00ef oriental en R\u00e9publique d\u00e9mocratique du Congo. Tout au long de leur histoire, ils ont su r\u00e9sister \u00e0 la domination des peuples voisins Luba, Chokwe et Lunda, pour devoir finalement se r\u00e9soudre \u00e0 accepter la domination des autorit\u00e9s coloniales belges.<\/p>\n<p>Le peuple Salampasu n\u2019a pas de pouvoir central. Chaque communaut\u00e9 villageoise a sa propre soci\u00e9t\u00e9 de guerriers, qui la prot\u00e8ge contre les hostilit\u00e9s et organise \u00e9galement des spectacles masqu\u00e9s, lors desquels les guerriers \u00e2g\u00e9s, propri\u00e9taires et gardiens des masques, accordent aux jeunes hommes la permission de s\u2019en rev\u00eatir pour danser.<\/p>\n<p>Les masques Salampasu ont une structure formelle tr\u00e8s reconnaissable\u00a0: grand front bomb\u00e9, nez large et plat, yeux enfonc\u00e9s, bouche ouverte aux dents lim\u00e9es. Il existe en revanche de grandes variations dans la mani\u00e8re dont les visages sont peints ou recouverts de m\u00e9tal, de fa\u00e7on \u00e0 leur donner une expression dramatique, voire agressive, qui semble ressusciter les anc\u00eatres guerriers.<\/p>\n<p>La collection Lanfranchi se compose d\u2019une cinquantaine de masques, dont chacun est d\u00e9crit et analys\u00e9 dans cet ouvrage, ce qui permet de montrer les similitudes ou les diff\u00e9rences entre eux, voire de hasarder des attributions hypoth\u00e9tiques \u00e0 tel ou tel sculpteur ou atelier.<\/p>\n<p><strong>Frank Herreman<\/strong> a \u00e9t\u00e9 directeur du mus\u00e9e ethnographique d\u2019Anvers (1989-1995) et directeur des expositions et des publications du Museum for African Art de New York (1995-2004). Il a \u00e9t\u00e9 commissaire de plusieurs expositions sur les arts d\u2019Afrique et d\u2019Oc\u00e9anie, notamment\u00a0: <em>Face of the Spirits\u00a0: Masks from the Zaire Basin <\/em>(Anvers, 1993), <em>Hair in African Art and Culture <\/em>(New York, 2000), <em>In the Presence of Spirits\u00a0: African Art from the National Museum of Ethnology, Lisbon <\/em>(New York, 2000), <em>Material Differences\u00a0: Art and Identity in Africa <\/em>(New York, 2003) et <em>Oceania\u00a0: Ritual Signs, Authority Symbols <\/em>(Bruxelles, 2008).<\/p>\n","protected":false},"excerpt":{"rendered":"<p>Texte de Frank Herreman Un tr\u00e9sor pour les amateurs d&rsquo;art africain Les Salampasu habitent dans la province du Kasa\u00ef oriental en R\u00e9publique d\u00e9mocratique du Congo. Tout au long de leur histoire, ils ont su r\u00e9sister \u00e0 la domination des peuples voisins Luba, Chokwe et Lunda, pour devoir finalement se r\u00e9soudre \u00e0 accepter la domination des&hellip;<\/p>\n","protected":false},"featured_media":31726,"template":"","meta":{"_acf_changed":false,"inline_featured_image":false},"product_brand":[],"product_cat":[54],"product_tag":[],"class_list":{"0":"post-31632","1":"product","2":"type-product","3":"status-publish","4":"has-post-thumbnail","6":"product_cat-art-africain","7":"disponibilita-si","8":"description-off","10":"first","11":"instock","12":"shipping-taxable","13":"purchasable","14":"product-type-simple"},"acf":[],"_links":{"self":[{"href":"https:\/\/www.fivecontinentseditions.com\/fr\/wp-json\/wp\/v2\/product\/31632","targetHints":{"allow":["GET"]}}],"collection":[{"href":"https:\/\/www.fivecontinentseditions.com\/fr\/wp-json\/wp\/v2\/product"}],"about":[{"href":"https:\/\/www.fivecontinentseditions.com\/fr\/wp-json\/wp\/v2\/types\/product"}],"wp:featuredmedia":[{"embeddable":true,"href":"https:\/\/www.fivecontinentseditions.com\/fr\/wp-json\/wp\/v2\/media\/31726"}],"wp:attachment":[{"href":"https:\/\/www.fivecontinentseditions.com\/fr\/wp-json\/wp\/v2\/media?parent=31632"}],"wp:term":[{"taxonomy":"product_brand","embeddable":true,"href":"https:\/\/www.fivecontinentseditions.com\/fr\/wp-json\/wp\/v2\/product_brand?post=31632"},{"taxonomy":"product_cat","embeddable":true,"href":"https:\/\/www.fivecontinentseditions.com\/fr\/wp-json\/wp\/v2\/product_cat?post=31632"},{"taxonomy":"product_tag","embeddable":true,"href":"https:\/\/www.fivecontinentseditions.com\/fr\/wp-json\/wp\/v2\/product_tag?post=31632"}],"curies":[{"name":"wp","href":"https:\/\/api.w.org\/{rel}","templated":true}]}}