{"id":31027,"date":"2024-06-07T05:00:00","date_gmt":"2024-06-07T05:00:00","guid":{"rendered":"https:\/\/www.fivecontinentseditions.com\/?post_type=product&#038;p=31027"},"modified":"2024-07-05T09:28:05","modified_gmt":"2024-07-05T09:28:05","slug":"figure-rosse-red-figures","status":"publish","type":"product","link":"https:\/\/www.fivecontinentseditions.com\/fr\/p\/figure-rosse-red-figures\/","title":{"rendered":"Figure Rosse | Red Figures"},"content":{"rendered":"<p><em>Photographies de Luigi Spina, t<\/em><em>xtes d\u2019Annamaria Mauro, Claude Pouzadoux, Adriana Sciacovelli, Luigi Spina<\/em><\/p>\n<p><strong>Tr\u00e9sors de la Grande-Gr\u00e8ce \u00e0 Matera<\/strong><\/p>\n<p><strong>Les vases \u00e0 figures rouges<\/strong> du <strong>mus\u00e9e national Domenico Ridola de Matera<\/strong> (Basilicate), et en particulier de la collection Rizzon, riche en objets provenant d\u2019Apulie et de Lucanie, nous offrent l\u2019occasion unique de voir la <em>Magna Gr\u00e6cia<\/em> antique sous un angle inhabituel, gr\u00e2ce aux photographies de Luigi Spina. T\u00e9moignage significatif de l\u2019art de la peinture sur vase aux V<sup>e<\/sup>\u00a0et IV<sup>e<\/sup>\u00a0si\u00e8cles avant J\u00e9sus-Christ, ces pi\u00e8ces de mus\u00e9e, que l\u2019on doit pour une large part aux fouilles conduites par Domenico Ridola (1841-1932), faisaient partie d\u2019<strong>assemblages fun\u00e9raires \u00e9labor\u00e9s, d\u2019une inestimable valeur historique aussi bien qu\u2019esth\u00e9tique<\/strong>, tant la vie quotidienne y affleure sous les repr\u00e9sentations mythologiques.<\/p>\n<p>Le noir est le protagoniste essentiel de l\u2019ouvrage\u00a0; c\u2019est lui qui fait ressortir les figures rouges et met en valeur le regard aiguis\u00e9 de Luigi Spina. D\u00e9tails anatomiques, effets de drap\u00e9, motifs ornementaux ressortent ainsi dans toute leur puissance, sans le filtre des vitrines de mus\u00e9e, tandis que des touches de blanc venant enrichir la palette bichrome des vases. Photographier une \u0153uvre d\u2019art, c\u2019est en capter la signification profonde afin de la transmettre au monde. Loin d\u2019\u00eatre un simple catalogue, ce volume constitue en v\u00e9rit\u00e9 un atlas figuratif de l\u2019Antiquit\u00e9.<\/p>\n<p><strong>Luigi Spina, <\/strong>photographe, a publi\u00e9 chez 5\u00a0Continents Editions <em>The Buchner Boxes<\/em> (2014), <em>Hemba <\/em>(2017) et <em>Des jours et des mythes. Marbres sculpt\u00e9s de la collection Farn\u00e8se<\/em> (2017) et dirige, chez le m\u00eame \u00e9diteur, la collection \u00ab\u00a0Tr\u00e9sors cach\u00e9s\u00a0\u00bb qui compte les titres suivants\u00a0: <em>La Tasse Farn\u00e8se, La mosa\u00efque d\u2019Alexandre, <\/em>Saint Dominique<em> de Niccol\u00f2 dell\u2019Arca<\/em> et <em>Les Bronzes de Riace<\/em> (2022). Il est \u00e9galement l\u2019auteur de la s\u00e9rie en quatre volumes <em>Canova. Quatre Temps <\/em>(2020-2024) et de l\u2019ambitieux projet photographique <em>Int\u00e9rieurs Pomp\u00e9iens<\/em> (2023).<\/p>\n","protected":false},"excerpt":{"rendered":"<p>Photographies de Luigi Spina, txtes d\u2019Annamaria Mauro, Claude Pouzadoux, Adriana Sciacovelli, Luigi Spina Tr\u00e9sors de la Grande-Gr\u00e8ce \u00e0 Matera Les vases \u00e0 figures rouges du mus\u00e9e national Domenico Ridola de Matera (Basilicate), et en particulier de la collection Rizzon, riche en objets provenant d\u2019Apulie et de Lucanie, nous offrent l\u2019occasion unique de voir la Magna&hellip;<\/p>\n","protected":false},"featured_media":31060,"template":"","meta":{"_acf_changed":false,"inline_featured_image":false},"product_brand":[],"product_cat":[47],"product_tag":[],"class_list":{"0":"post-31027","1":"product","2":"type-product","3":"status-publish","4":"has-post-thumbnail","6":"product_cat-archeologie","7":"disponibilita-si","8":"description-off","10":"first","11":"instock","12":"shipping-taxable","13":"purchasable","14":"product-type-simple"},"acf":[],"_links":{"self":[{"href":"https:\/\/www.fivecontinentseditions.com\/fr\/wp-json\/wp\/v2\/product\/31027","targetHints":{"allow":["GET"]}}],"collection":[{"href":"https:\/\/www.fivecontinentseditions.com\/fr\/wp-json\/wp\/v2\/product"}],"about":[{"href":"https:\/\/www.fivecontinentseditions.com\/fr\/wp-json\/wp\/v2\/types\/product"}],"wp:featuredmedia":[{"embeddable":true,"href":"https:\/\/www.fivecontinentseditions.com\/fr\/wp-json\/wp\/v2\/media\/31060"}],"wp:attachment":[{"href":"https:\/\/www.fivecontinentseditions.com\/fr\/wp-json\/wp\/v2\/media?parent=31027"}],"wp:term":[{"taxonomy":"product_brand","embeddable":true,"href":"https:\/\/www.fivecontinentseditions.com\/fr\/wp-json\/wp\/v2\/product_brand?post=31027"},{"taxonomy":"product_cat","embeddable":true,"href":"https:\/\/www.fivecontinentseditions.com\/fr\/wp-json\/wp\/v2\/product_cat?post=31027"},{"taxonomy":"product_tag","embeddable":true,"href":"https:\/\/www.fivecontinentseditions.com\/fr\/wp-json\/wp\/v2\/product_tag?post=31027"}],"curies":[{"name":"wp","href":"https:\/\/api.w.org\/{rel}","templated":true}]}}