{"id":30119,"date":"2024-04-02T05:00:00","date_gmt":"2024-04-02T05:00:00","guid":{"rendered":"https:\/\/www.fivecontinentseditions.com\/?post_type=product&#038;p=30119"},"modified":"2024-09-25T13:14:26","modified_gmt":"2024-09-25T13:14:26","slug":"canova-quattro-tempi-vol-iv","status":"publish","type":"product","link":"https:\/\/www.fivecontinentseditions.com\/fr\/p\/canova-quattro-tempi-vol-iv\/","title":{"rendered":"CANOVA Quattro Tempi vol. IV"},"content":{"rendered":"<p><em>Photographies de Luigi Spina,<\/em><\/p>\n<p><em>T<\/em><em>exte de Vittorio Sgarbi<\/em><\/p>\n<p>Le quatri\u00e8me et dernier volume du projet \u00e9ditorial Canova Quatre Temps, consacr\u00e9 aux pl\u00e2tres d\u2019Antonio Canova conserv\u00e9s \u00e0 la\u00a0<strong>gypsoth\u00e8que de Possagno (Italie)<\/strong>, poursuit l\u2019\u00e9tude de la forme imparfaite du pl\u00e2tre en tant qu\u2019expression du g\u00e9nie cr\u00e9atif. Spina \u00e9tudie le pl\u00e2tre de mani\u00e8re oblique.<\/p>\n<p>Des formes mythiques aux visages des m\u00e9c\u00e8nes. Avec<em>\u00a0D\u00e9dale et Icare<\/em>, un chef-d\u2019\u0153uvre de la jeunesse v\u00e9nitienne et\u00a0<em>Adonis couronn\u00e9 par V\u00e9nus<\/em>, une \u0153uvre jamais achev\u00e9e parce qu\u2019elle n\u2019a jamais \u00e9t\u00e9 traduite en marbre. On retrouve ici l\u2019\u00e9ternelle confrontation entre la sculpture d\u2019<em>Hector<\/em>, dans une pose dynamique et d\u00e9cisive, et\u00a0<em>Ajax<\/em>\u00a0sur le point de tirer l\u2019\u00e9p\u00e9e. La sculpture de V\u00e9nus se d\u00e9voilant au moment o\u00f9 elle \u00e9merge des eaux.<\/p>\n<p>Et puis les m\u00e9c\u00e8nes, comme la sculpture du prince Heryk Lubominski, sous la forme d\u2019un ch\u00e9rubin avec un arc et un carquois, et la sculpture de la princesse Leopoldina Esterh\u00e0zy Liechtenstein. Dans l\u2019esprit du sculpteur, le mod\u00e8le classique, symbole d\u2019harmonie et de perfection, domine.<\/p>\n<p><strong>Luigi Spina<\/strong>, photographe, a publi\u00e9 avec 5 Continents Editions\u00a0<em>The Buchner Boxes<\/em>\u00a0(2014),\u00a0<em>Hemba<\/em>\u00a0(2017) et\u00a0<em>Des jours et des mythes. Marbres sculpt\u00e9s de la collection Farn\u00e8se<\/em>\u00a0(2017).Toujours pour la m\u00eame maison d\u2019\u00e9dition, il a produit la s\u00e9rie \u00abTr\u00e9sors cach\u00e9s\u00bb qui compte les titres suivants:\u00a0<em>La Tasse Farn\u00e8se, La mosa\u00efque d\u2019Alexandre, Saint Dominique de Niccol\u00f2 dell\u2019Arca et Les Bronzes de Riace<\/em>\u00a0(2022) et le projet photographique \u00e0 grande \u00e9chelle\u00a0<em>Int\u00e9rieurs Pomp\u00e9iens<\/em>\u00a0(2023).<\/p>\n<p><strong>Vittorio Sgarbi<\/strong>\u00a0est critique d\u2019art, commissaire d\u2019exposition d\u2019envergure internationale, collectionneur raffin\u00e9 et auteur d\u2019ouvrages de vulgarisation consacr\u00e9s au r\u00f4le central de la culture et de l\u2019art. Au nombre de ses publications les plus r\u00e9centes, rappelons<em>\u00a0Ecce Caravaggio. Da Roberto Longhi a oggi<\/em>\u00a0(La Nave di Teseo, 2021). Il est aussi un homme politique et un libre penseur.<\/p>\n<p><a href=\"https:\/\/www.fivecontinentseditions.com\/fr\/actualite\/luigi-spina-canova-in-quattro-tempi-du-20-avril-au-29-septembre-le-museo-gypsotheca-antonio-canova-de-possagno-accueillera-lexposition-resultant-du-projet-de-recherche-photographique-canova-qua\/\">Exposition : Museo Gypsotheca Antonio Canova, Possagno (Tr\u00e9vise), du 20 avril 2024 au 4 janvier 2025<\/a><\/p>\n","protected":false},"excerpt":{"rendered":"<p>Photographies de Luigi Spina, Texte de Vittorio Sgarbi Le quatri\u00e8me et dernier volume du projet \u00e9ditorial Canova Quatre Temps, consacr\u00e9 aux pl\u00e2tres d\u2019Antonio Canova conserv\u00e9s \u00e0 la\u00a0gypsoth\u00e8que de Possagno (Italie), poursuit l\u2019\u00e9tude de la forme imparfaite du pl\u00e2tre en tant qu\u2019expression du g\u00e9nie cr\u00e9atif. Spina \u00e9tudie le pl\u00e2tre de mani\u00e8re oblique. Des formes mythiques aux&hellip;<\/p>\n","protected":false},"featured_media":30273,"template":"","meta":{"_acf_changed":false,"inline_featured_image":false},"product_brand":[],"product_cat":[73],"product_tag":[],"class_list":{"0":"post-30119","1":"product","2":"type-product","3":"status-publish","4":"has-post-thumbnail","6":"product_cat-photographie","7":"disponibilita-si","8":"description-off","10":"first","11":"instock","12":"shipping-taxable","13":"purchasable","14":"product-type-simple"},"acf":[],"_links":{"self":[{"href":"https:\/\/www.fivecontinentseditions.com\/fr\/wp-json\/wp\/v2\/product\/30119","targetHints":{"allow":["GET"]}}],"collection":[{"href":"https:\/\/www.fivecontinentseditions.com\/fr\/wp-json\/wp\/v2\/product"}],"about":[{"href":"https:\/\/www.fivecontinentseditions.com\/fr\/wp-json\/wp\/v2\/types\/product"}],"wp:featuredmedia":[{"embeddable":true,"href":"https:\/\/www.fivecontinentseditions.com\/fr\/wp-json\/wp\/v2\/media\/30273"}],"wp:attachment":[{"href":"https:\/\/www.fivecontinentseditions.com\/fr\/wp-json\/wp\/v2\/media?parent=30119"}],"wp:term":[{"taxonomy":"product_brand","embeddable":true,"href":"https:\/\/www.fivecontinentseditions.com\/fr\/wp-json\/wp\/v2\/product_brand?post=30119"},{"taxonomy":"product_cat","embeddable":true,"href":"https:\/\/www.fivecontinentseditions.com\/fr\/wp-json\/wp\/v2\/product_cat?post=30119"},{"taxonomy":"product_tag","embeddable":true,"href":"https:\/\/www.fivecontinentseditions.com\/fr\/wp-json\/wp\/v2\/product_tag?post=30119"}],"curies":[{"name":"wp","href":"https:\/\/api.w.org\/{rel}","templated":true}]}}