{"id":2983,"date":"2006-01-01T05:00:00","date_gmt":"2006-01-01T05:00:00","guid":{"rendered":"http:\/\/www.fivecontinentseditions.com\/prodotto\/babungo-2\/"},"modified":"2018-02-07T16:22:24","modified_gmt":"2018-02-07T16:22:24","slug":"babungo-2","status":"publish","type":"product","link":"https:\/\/www.fivecontinentseditions.com\/fr\/p\/babungo-2\/","title":{"rendered":"Babungo"},"content":{"rendered":"<p><strong>Ce livre met en valeur tout en l&rsquo;expliquant une s\u00e9rie d&rsquo;objets marquants du riche patrimoine culturel et artistique de Babungo qui fut autrefois le centre le plus important du Cameroun pour le travail du fer. <\/strong><\/p>\n<p>Les milliers de pi\u00e8ces qui composent le tr\u00e9sor des talentueux rois sculpteurs de Babungo demeurent les plus impressionnantes du Grassland (au nord-ouest du Cameroun). Cet ouvrage est une r\u00e9elle invitation \u00e0visiter ce royaume &ndash;et sa richesse artistique et culturelle&ndash;, ainsi que les endroits qui en pr\u00e9servent le pass\u00e9. Il propose au lecteur des &oelig;uvres, des photographies, des sources d&rsquo;information primordiales, de l&rsquo;inspiration mais \u00e9galement une somme de connaissances sur le remarquable patrimoine culturel du Cameroun.<\/p>\n<p>Les rois sculpteurs et les artistes ont utilis\u00e9 un langage sculptural dont les multiples motifs constituaient un code leur permettant d&rsquo;exprimer des id\u00e9es, des croyances, des sc\u00e8nes mythiques et des \u00e9v\u00e9nements historiques nimb\u00e9s de l\u00e9gendes. Au-del\u00e0de la beaut\u00e9 des formes, toutes les pr\u00e9occupations essentielles de l&rsquo;homme sont pr\u00e9sentes dans la majorit\u00e9 de ces productions plastiques: la lutte pour la survie, la fascination \u00e0l&rsquo;\u00e9gard de la mort et la peur, l&rsquo;aspiration au bonheur et \u00e0l&rsquo;amour, la soif de pouvoir, la force de l&rsquo;amiti\u00e9, le besoin de pr\u00e9server un patrimoine ancestral, la crainte de l&rsquo;avenir, les relations entre les peuples et les probl\u00e8mes de la guerre et de la paix.<\/p>\n<p><strong>Jean-Paul Notu\u00e9<\/strong> a obtenu son doctorat \u00e0l&rsquo;universit\u00e9 de ParisI. Il est ma\u00eetre de recherche, professeur d&rsquo;histoire de l&rsquo;art, d&rsquo;anthropologie et de mus\u00e9ologie et il dirige la section arts plastiques et histoire de l&rsquo;art \u00e0l&rsquo;universit\u00e9 de Yaound\u00e9I, mais est \u00e9galement charg\u00e9 de recherche \u00e0l&rsquo; Institut de recherche pour le d\u00e9veloppement (ex Office de la recherche scientifique et technique outre-mer) et membre du Conseil des mus\u00e9es internationaux.<br \/>\n<strong>Bianca Triaca<\/strong> est architecte, sp\u00e9cialiste de la mus\u00e9ologie et de la mus\u00e9ographie \u00e0 la facult\u00e9 d&rsquo;architecture de l&rsquo;\u00e9cole Politecnico de Milan. Elle a enseign\u00e9 l&rsquo;histoire de l&rsquo;art et, depuis 1994, elle se consacre \u00e0 la coop\u00e9ration internationale et au patrimoine artistique comme outil de d\u00e9veloppement.<\/p>\n","protected":false},"excerpt":{"rendered":"<p>Ce livre met en valeur tout en l&rsquo;expliquant une s\u00e9rie d&rsquo;objets marquants du riche patrimoine culturel et artistique de Babungo qui fut autrefois le centre le plus important du Cameroun pour le travail du fer. Les milliers de pi\u00e8ces qui composent le tr\u00e9sor des talentueux rois sculpteurs de Babungo demeurent les plus impressionnantes du Grassland&hellip;<\/p>\n","protected":false},"featured_media":2958,"template":"","meta":{"_acf_changed":false,"inline_featured_image":false},"product_brand":[],"product_cat":[54],"product_tag":[],"class_list":{"0":"post-2983","1":"product","2":"type-product","3":"status-publish","4":"has-post-thumbnail","6":"product_cat-art-africain","7":"disponibilita-no","8":"description-off","10":"first","11":"outofstock","12":"shipping-taxable","13":"purchasable","14":"product-type-simple"},"acf":[],"_links":{"self":[{"href":"https:\/\/www.fivecontinentseditions.com\/fr\/wp-json\/wp\/v2\/product\/2983","targetHints":{"allow":["GET"]}}],"collection":[{"href":"https:\/\/www.fivecontinentseditions.com\/fr\/wp-json\/wp\/v2\/product"}],"about":[{"href":"https:\/\/www.fivecontinentseditions.com\/fr\/wp-json\/wp\/v2\/types\/product"}],"wp:featuredmedia":[{"embeddable":true,"href":"https:\/\/www.fivecontinentseditions.com\/fr\/wp-json\/wp\/v2\/media\/2958"}],"wp:attachment":[{"href":"https:\/\/www.fivecontinentseditions.com\/fr\/wp-json\/wp\/v2\/media?parent=2983"}],"wp:term":[{"taxonomy":"product_brand","embeddable":true,"href":"https:\/\/www.fivecontinentseditions.com\/fr\/wp-json\/wp\/v2\/product_brand?post=2983"},{"taxonomy":"product_cat","embeddable":true,"href":"https:\/\/www.fivecontinentseditions.com\/fr\/wp-json\/wp\/v2\/product_cat?post=2983"},{"taxonomy":"product_tag","embeddable":true,"href":"https:\/\/www.fivecontinentseditions.com\/fr\/wp-json\/wp\/v2\/product_tag?post=2983"}],"curies":[{"name":"wp","href":"https:\/\/api.w.org\/{rel}","templated":true}]}}