{"id":29588,"date":"2023-12-31T05:00:00","date_gmt":"2023-12-31T05:00:00","guid":{"rendered":"https:\/\/www.fivecontinentseditions.com\/?post_type=product&#038;p=29588"},"modified":"2024-03-17T19:22:20","modified_gmt":"2024-03-17T19:22:20","slug":"ugo-rondinone","status":"publish","type":"product","link":"https:\/\/www.fivecontinentseditions.com\/fr\/p\/ugo-rondinone\/","title":{"rendered":"UGO RONDINONE"},"content":{"rendered":"<p>Ugo Rondinone, troisi\u00e8me invit\u00e9 de la s\u00e9rie des expositions XL du <strong>Mus\u00e9e d\u2019art et d\u2019histoire <\/strong>de Gen\u00e8ve, a re\u00e7u carte blanche pour s\u2019emparer de la collection et du b\u00e2timent principal du mus\u00e9e pour cr\u00e9er une exp\u00e9rience esth\u00e9tique unique. Ax\u00e9e autour des figures embl\u00e9matiques de l\u2019art suisse des XIX<sup>e<\/sup> et XX<sup>e<\/sup> si\u00e8cles, F\u00e9lix Vallotton et Ferdinand Hodler, \u00ab\u00a0Quand le soleil se couche et la lune se l\u00e8ve \u00bb explore l\u2019importance de l\u2019amour et du d\u00e9sir dans notre rapport \u00e0 l\u2019art et \u00e0 la cr\u00e9ation.\u00a0Pour accompagner cette exposition, le commissaire Ugo Rondinone souhaite concevoir un livre d\u2019artiste dans le m\u00eame esprit que ses pr\u00e9c\u00e9dents catalogues\u00a0:<em>\u00a0The Third Mind<\/em> (2018) et <em>Artists and Poets<\/em> (2015).<\/p>\n<p>L\u2019ouvrage est constitu\u00e9 de photographies couleur\u00a0: des vues des salles d\u2019expositions et des \u0153uvres expos\u00e9es (celles de la collection du MAH et celles de Rondinone).<\/p>\n<p><strong>Ugo Rondinone<\/strong>, n\u00e9 en 1964 \u00e0 Brunnen et d\u00e9sormais install\u00e9 \u00e0 New York, est l\u2019une des figures majeures de l\u2019art contemporain. Son intervention au sein du MAH s\u2019inscrit non seulement dans l\u2019esprit des \u00ab\u00a0<em>cartes blanches \u00bb<\/em> souhait\u00e9es par Marc-Olivier Wahler mais aussi dans le prolongement de sa pratique de l\u2019exposition de grande envergure, qu\u2019il y figure lui-m\u00eame comme artiste ou qu\u2019il en soit le commissaire (<em>The Third Mind<\/em> et <em>I love John Giorno <\/em>au Palais de Tokyo en 2007 et en 2015).<\/p>\n<p>L&rsquo;exposition \u00ab\u00a0Quand le soleil se couche et la lune se l\u00e8ve \u00bb s&rsquo;est tenue au Mus\u00e9e d&rsquo;art et d&rsquo;histoire, Gen\u00e8ve du 26 janvier au 18 juin 2023.<\/p>\n","protected":false},"excerpt":{"rendered":"<p>Ugo Rondinone, troisi\u00e8me invit\u00e9 de la s\u00e9rie des expositions XL du Mus\u00e9e d\u2019art et d\u2019histoire de Gen\u00e8ve, a re\u00e7u carte blanche pour s\u2019emparer de la collection et du b\u00e2timent principal du mus\u00e9e pour cr\u00e9er une exp\u00e9rience esth\u00e9tique unique. Ax\u00e9e autour des figures embl\u00e9matiques de l\u2019art suisse des XIXe et XXe si\u00e8cles, F\u00e9lix Vallotton et Ferdinand&hellip;<\/p>\n","protected":false},"featured_media":30087,"template":"","meta":{"_acf_changed":false,"inline_featured_image":false},"product_brand":[],"product_cat":[57],"product_tag":[],"class_list":{"0":"post-29588","1":"product","2":"type-product","3":"status-publish","4":"has-post-thumbnail","6":"product_cat-art-contemporain","7":"disponibilita-si","8":"description-off","10":"first","11":"instock","12":"shipping-taxable","13":"purchasable","14":"product-type-simple"},"acf":[],"_links":{"self":[{"href":"https:\/\/www.fivecontinentseditions.com\/fr\/wp-json\/wp\/v2\/product\/29588","targetHints":{"allow":["GET"]}}],"collection":[{"href":"https:\/\/www.fivecontinentseditions.com\/fr\/wp-json\/wp\/v2\/product"}],"about":[{"href":"https:\/\/www.fivecontinentseditions.com\/fr\/wp-json\/wp\/v2\/types\/product"}],"wp:featuredmedia":[{"embeddable":true,"href":"https:\/\/www.fivecontinentseditions.com\/fr\/wp-json\/wp\/v2\/media\/30087"}],"wp:attachment":[{"href":"https:\/\/www.fivecontinentseditions.com\/fr\/wp-json\/wp\/v2\/media?parent=29588"}],"wp:term":[{"taxonomy":"product_brand","embeddable":true,"href":"https:\/\/www.fivecontinentseditions.com\/fr\/wp-json\/wp\/v2\/product_brand?post=29588"},{"taxonomy":"product_cat","embeddable":true,"href":"https:\/\/www.fivecontinentseditions.com\/fr\/wp-json\/wp\/v2\/product_cat?post=29588"},{"taxonomy":"product_tag","embeddable":true,"href":"https:\/\/www.fivecontinentseditions.com\/fr\/wp-json\/wp\/v2\/product_tag?post=29588"}],"curies":[{"name":"wp","href":"https:\/\/api.w.org\/{rel}","templated":true}]}}