{"id":29465,"date":"2023-11-20T05:00:00","date_gmt":"2023-11-20T05:00:00","guid":{"rendered":"https:\/\/www.fivecontinentseditions.com\/?post_type=product&#038;p=29465"},"modified":"2025-01-16T09:33:06","modified_gmt":"2025-01-16T09:33:06","slug":"outsider-art-of-canada","status":"publish","type":"product","link":"https:\/\/www.fivecontinentseditions.com\/fr\/p\/outsider-art-of-canada\/","title":{"rendered":"OUTSIDER ART OF CANADA"},"content":{"rendered":"<p style=\"font-weight: 400;\"><em>Linda Rainaldi<\/em><\/p>\n<p>\u00c0 quoi d\u2019autre l\u2019art pourrait-il ressembler\u2009?<\/p>\n<p style=\"font-weight: 400;\">\u00ab\u2009Outsider art\u2009\u00bb est le nom anglais de l\u2019art brut, donn\u00e9 au travail idiosyncrasique de cr\u00e9ateurs autodidactes qui sont pouss\u00e9s \u00e0 utiliser leur propre langage visuel invent\u00e9 pour faire na\u00eetre des images de leur imagination. Il se situe en dehors du continuum de l\u2019histoire de l\u2019art, en dehors des fronti\u00e8res de l\u2019art reconnu par les institutions artistiques \u00e9tablies, et en dehors du discours collectif du monde de l\u2019art dominant.<\/p>\n<p style=\"font-weight: 400;\">Ce livre examine les pr\u00e9jug\u00e9s, les id\u00e9ologies et les facteurs sociaux qui sous-tendent les diff\u00e9rentes approches de l\u2019art \u00ab\u2009outsider\u2009\u00bb, y compris les mythes entourant la maladie mentale, les mouvements vers l\u2019inclusion sociale et ceux qui s\u2019\u00e9loignent de l\u2019effet marginalisant des \u00e9tiquettes.<\/p>\n<p style=\"font-weight: 400;\">Plus important encore, <i>Art brut du Canada<\/i> explore la fa\u00e7on dont nous concevons l\u2019art et qui a le droit de se qualifier d\u2019artiste. Dans cette enqu\u00eate consacr\u00e9e \u00e0 l\u2019<em>Art brut<\/em> du Canada, la premi\u00e8re du genre, les artistes pr\u00e9sent\u00e9s ont beaucoup \u00e0 nous dire sur leur besoin de cr\u00e9er, de mani\u00e8re non apolog\u00e9tique et sans se soucier de l\u2019opinion publique.<\/p>\n<p style=\"font-weight: 400;\"><strong>Linda Rainaldi<\/strong><span style=\"font-weight: 400;\"> explore l\u2019<em>Art brut<\/em> depuis de nombreuses ann\u00e9es, tant sur le plan acad\u00e9mique que personnel, tout en travaillant comme r\u00e9dactrice et \u00e9ditrice dans le domaine juridique. Elle est dipl\u00f4m\u00e9e en psychologie, en droit et en \u00e9ducation artistique, et a publi\u00e9 des articles dans diverses revues d&rsquo;art brut. Elle vit \u00e0 Vancouver, au Canada.<\/span><\/p>\n<p><a href=\"https:\/\/www.cbc.ca\/listen\/live-radio\/1-43-north-by-northwest\/clip\/16076980-linda-rainaldi-book-outsider-art-canada\" target=\"_blank\" rel=\"noopener\">What <\/a><a href=\"https:\/\/www.cbc.ca\/listen\/live-radio\/1-43-north-by-northwest\/clip\/16076980-linda-rainaldi-book-outsider-art-canada\" target=\"_blank\" rel=\"noopener\">counts as art and who decides? We speak with author Linda Rainaldi about her new book, \u00ab\u00a0Outsider Art of Canada: What Else Can Art Be?<\/a><a href=\"https:\/\/www.cbc.ca\/listen\/live-radio\/1-43-north-by-northwest\/clip\/16076980-linda-rainaldi-book-outsider-art-canada\" target=\"_blank\" rel=\"noopener\">\u00a0\u00bb North by Northwest with Margaret Gallagher<\/a><\/p>\n<p><a href=\"https:\/\/www.poesibao.fr\/linda-rainaldi-lart-brut-au-canada-lu-par-michael-bishop\/\" target=\"_blank\" rel=\"noopener\">Poesibao Linda Rainaldi, \u201cL\u2019Art brut du Canada\u201d, lu par Micha\u00ebl Bishop\u00a0<\/a><\/p>\n<p><a href=\"https:\/\/www.fivecontinentseditions.com\/wp-content\/uploads\/2024\/07\/image0.jpg\" target=\"_blank\" rel=\"noopener\">Rawvisionmagazine issue #119<\/a><\/p>\n<p><a href=\"https:\/\/www.theglobeandmail.com\/arts\/books\/article-books-to-read-october-2024\/\" target=\"_blank\" rel=\"noopener\">Outsider Art of Canada is a book to be savoured slowly, theglobeandmail.com<\/a><\/p>\n<p><a class=\"\" href=\"https:\/\/www.gallerieswest.ca\/magazine\/books\/bookmark-%7C-outsider-art-of-canada\/\" target=\"_blank\" rel=\"noopener\">Bookmark | Outsider Art of Canada &#8211; Galleries West<\/a><\/p>\n","protected":false},"excerpt":{"rendered":"<p>Linda Rainaldi \u00c0 quoi d\u2019autre l\u2019art pourrait-il ressembler\u2009? \u00ab\u2009Outsider art\u2009\u00bb est le nom anglais de l\u2019art brut, donn\u00e9 au travail idiosyncrasique de cr\u00e9ateurs autodidactes qui sont pouss\u00e9s \u00e0 utiliser leur propre langage visuel invent\u00e9 pour faire na\u00eetre des images de leur imagination. Il se situe en dehors du continuum de l\u2019histoire de l\u2019art, en dehors&hellip;<\/p>\n","protected":false},"featured_media":29754,"template":"","meta":{"_acf_changed":false,"inline_featured_image":false},"product_brand":[],"product_cat":[49],"product_tag":[],"class_list":{"0":"post-29465","1":"product","2":"type-product","3":"status-publish","4":"has-post-thumbnail","6":"product_cat-art-brut-fr","7":"disponibilita-no","8":"description-off","10":"first","11":"outofstock","12":"shipping-taxable","13":"purchasable","14":"product-type-simple"},"acf":[],"_links":{"self":[{"href":"https:\/\/www.fivecontinentseditions.com\/fr\/wp-json\/wp\/v2\/product\/29465","targetHints":{"allow":["GET"]}}],"collection":[{"href":"https:\/\/www.fivecontinentseditions.com\/fr\/wp-json\/wp\/v2\/product"}],"about":[{"href":"https:\/\/www.fivecontinentseditions.com\/fr\/wp-json\/wp\/v2\/types\/product"}],"wp:featuredmedia":[{"embeddable":true,"href":"https:\/\/www.fivecontinentseditions.com\/fr\/wp-json\/wp\/v2\/media\/29754"}],"wp:attachment":[{"href":"https:\/\/www.fivecontinentseditions.com\/fr\/wp-json\/wp\/v2\/media?parent=29465"}],"wp:term":[{"taxonomy":"product_brand","embeddable":true,"href":"https:\/\/www.fivecontinentseditions.com\/fr\/wp-json\/wp\/v2\/product_brand?post=29465"},{"taxonomy":"product_cat","embeddable":true,"href":"https:\/\/www.fivecontinentseditions.com\/fr\/wp-json\/wp\/v2\/product_cat?post=29465"},{"taxonomy":"product_tag","embeddable":true,"href":"https:\/\/www.fivecontinentseditions.com\/fr\/wp-json\/wp\/v2\/product_tag?post=29465"}],"curies":[{"name":"wp","href":"https:\/\/api.w.org\/{rel}","templated":true}]}}