{"id":29453,"date":"2023-11-24T05:00:00","date_gmt":"2023-11-24T05:00:00","guid":{"rendered":"https:\/\/www.fivecontinentseditions.com\/?post_type=product&#038;p=29453"},"modified":"2024-02-13T08:14:20","modified_gmt":"2024-02-13T08:14:20","slug":"italian-and-american-art-an-interaction","status":"publish","type":"product","link":"https:\/\/www.fivecontinentseditions.com\/fr\/p\/italian-and-american-art-an-interaction\/","title":{"rendered":"Italian and American Art. An Interaction 1930s-1980s"},"content":{"rendered":"<p style=\"font-weight: 400;\"><em>Renato Miracco<\/em><\/p>\n<p style=\"font-weight: 400;\">Ce volume explore et analyse, \u00e0 travers un parcours \u00e0 la fois visuel et didactique, l\u2019interaction et la fascination r\u00e9ciproque entre le monde artistique am\u00e9ricain et le monde artistique italien dans la p\u00e9riode comprise entre les ann\u00e9es 1930 et les ann\u00e9es 1980.<\/p>\n<p style=\"font-weight: 400;\">Les liens entre l\u2019art et la politique en Italie comme aux \u00c9tats-Unis, les parall\u00e9lismes dans la conceptualisation de l\u2019acte d\u2019exposer, la naissance de nouvelles galeries, l\u2019apparition de personnalit\u00e9s sur l\u2019une et l\u2019autre sc\u00e8ne simultan\u00e9ment : tous ces \u00e9l\u00e9ments, pris ensemble, constituent le <em>fil rouge<\/em> qui, au cours de quelque cinquante ans, a reli\u00e9 des r\u00e9alit\u00e9s sociales en perp\u00e9tuelle red\u00e9finition et mis en lumi\u00e8re les correspondances entre des mouvements tels que le <strong>futurisme, le concr\u00e9tisme, l\u2019expressionnisme abstrait, l\u2019art nucl\u00e9aire, le pop art <\/strong>ou encore<strong> le spatialisme. <\/strong><\/p>\n<p style=\"font-weight: 400;\">L\u2019\u00e9l\u00e9ment d\u00e9clencheur de cette recherche a \u00e9t\u00e9 la rencontre avec la <strong>collection BFF<\/strong>, qui rassemble des \u0153uvres marquantes de l\u2019art moderne italien, notamment du second apr\u00e8s-guerre, mises ici pour la premi\u00e8re fois en dialogue avec leurs pendants d\u2019outre-Atlantique.<\/p>\n<p style=\"font-weight: 400;\"><strong>Renato Miracco<\/strong>, historien de l\u2019art, critique et conservateur n\u00e9 \u00e0 Naples, a \u00e9t\u00e9 directeur de l\u2019Institut culturel italien \u00e0 New York, attach\u00e9 culturel \u00e0 l\u2019ambassade d\u2019Italie \u00e0 Washington et membre du conseil des garants de l\u2019Acad\u00e9mie italienne aupr\u00e8s de l\u2019universit\u00e9 Columbia. Parmi les manifestations dont il a \u00e9t\u00e9 le commissaire, on peut citer les expositions anthologiques consacr\u00e9es respectivement \u00e0 Giorgio Morandi par le Metropolitan Museum of Art de New York et \u00e0 Giacomo Balla par la Pinacoth\u00e8que de l\u2019Etat de S\u00e3o Paulo, celle d\u00e9di\u00e9e \u00e0 Alberto Burri, Lucio Fontana et Piero Manzoni par la Tate Modern de Londres, ainsi que la r\u00e9trospective de l\u2019art italien des ann\u00e9es 1950 et 1960 organis\u00e9e par le mus\u00e9e Hirshhorn de Washington. Renato Miracco est actuellement conservateur invit\u00e9 \u00e0 la Phillips Collection de Washington, pour laquelle il a con\u00e7u la r\u00e9cente exposition monographique consacr\u00e9e \u00e0 Giuseppe De Nittis.<\/p>\n","protected":false},"excerpt":{"rendered":"<p>Renato Miracco Ce volume explore et analyse, \u00e0 travers un parcours \u00e0 la fois visuel et didactique, l\u2019interaction et la fascination r\u00e9ciproque entre le monde artistique am\u00e9ricain et le monde artistique italien dans la p\u00e9riode comprise entre les ann\u00e9es 1930 et les ann\u00e9es 1980. Les liens entre l\u2019art et la politique en Italie comme aux&hellip;<\/p>\n","protected":false},"featured_media":29798,"template":"","meta":{"_acf_changed":false,"inline_featured_image":false},"product_brand":[],"product_cat":[57],"product_tag":[],"class_list":{"0":"post-29453","1":"product","2":"type-product","3":"status-publish","4":"has-post-thumbnail","6":"product_cat-art-contemporain","7":"disponibilita-si","8":"description-off","10":"first","11":"instock","12":"shipping-taxable","13":"purchasable","14":"product-type-simple"},"acf":[],"_links":{"self":[{"href":"https:\/\/www.fivecontinentseditions.com\/fr\/wp-json\/wp\/v2\/product\/29453","targetHints":{"allow":["GET"]}}],"collection":[{"href":"https:\/\/www.fivecontinentseditions.com\/fr\/wp-json\/wp\/v2\/product"}],"about":[{"href":"https:\/\/www.fivecontinentseditions.com\/fr\/wp-json\/wp\/v2\/types\/product"}],"wp:featuredmedia":[{"embeddable":true,"href":"https:\/\/www.fivecontinentseditions.com\/fr\/wp-json\/wp\/v2\/media\/29798"}],"wp:attachment":[{"href":"https:\/\/www.fivecontinentseditions.com\/fr\/wp-json\/wp\/v2\/media?parent=29453"}],"wp:term":[{"taxonomy":"product_brand","embeddable":true,"href":"https:\/\/www.fivecontinentseditions.com\/fr\/wp-json\/wp\/v2\/product_brand?post=29453"},{"taxonomy":"product_cat","embeddable":true,"href":"https:\/\/www.fivecontinentseditions.com\/fr\/wp-json\/wp\/v2\/product_cat?post=29453"},{"taxonomy":"product_tag","embeddable":true,"href":"https:\/\/www.fivecontinentseditions.com\/fr\/wp-json\/wp\/v2\/product_tag?post=29453"}],"curies":[{"name":"wp","href":"https:\/\/api.w.org\/{rel}","templated":true}]}}