{"id":29253,"date":"2023-11-02T05:00:00","date_gmt":"2023-11-02T05:00:00","guid":{"rendered":"https:\/\/www.fivecontinentseditions.com\/?post_type=product&#038;p=29253"},"modified":"2026-02-14T10:31:19","modified_gmt":"2026-02-14T10:31:19","slug":"visages","status":"publish","type":"product","link":"https:\/\/www.fivecontinentseditions.com\/fr\/p\/visages\/","title":{"rendered":"Visages"},"content":{"rendered":"<p style=\"font-weight: 400;\"><em>Sous la direction de Pascal Roman et Marco D\u00e9cimo<\/em><\/p>\n<p style=\"font-weight: 400;\">La sixi\u00e8me <strong>biennale de l\u2019Art Brut<\/strong> (2023-2024) a pour th\u00e8me le visage, cette partie singuli\u00e8re de l\u2019\u00eatre humain qui condense, par sa facture et ses expressions, l\u2019ensemble de la personne, son corps et sa psych\u00e9.<\/p>\n<p style=\"font-weight: 400;\">Le volume illustrant cet \u00e9v\u00e9nement important organis\u00e9 par la <em>Collection de l&rsquo;Art Brut<\/em> nous invite \u00e0 r\u00e9fl\u00e9chir au r\u00f4le que peut jouer un visage dans la m\u00e9diation de la communication par le regard. Nous sommes tous conscients de la puissance de la rencontre des regards, ainsi que de leur r\u00f4le crucial dans la dignit\u00e9 des personnes par l&rsquo;attention qu&rsquo;ils leur portent. Mais le visage peut aussi \u00eatre consid\u00e9r\u00e9 d&rsquo;un autre point de vue, presque conflictuel, comme une surface visible masquant les aspects invisibles de l&rsquo;\u00eatre humain : il peut r\u00e9v\u00e9ler ou dissimuler des sentiments et des \u00e9motions, des pens\u00e9es et des pr\u00e9occupations.<\/p>\n<p style=\"font-weight: 400;\">Le th\u00e8me des visages m\u00e9rite d&rsquo;\u00eatre explor\u00e9 ici dans toute sa profondeur anthropologique. Dans l&rsquo;Art Brut, dont la production est marqu\u00e9e par un puissant \u00e9lan cr\u00e9atif, cette exploration prend une dimension singuli\u00e8re, avec la pr\u00e9sentation d&rsquo;\u0153uvres dont le contenu figuratif facilite la rencontre avec cet aspect inali\u00e9nable de l&rsquo;humanit\u00e9, qui devient en quelque sorte in\u00e9vitable, quelle que soit la marginalit\u00e9 de la reconnaissance sociale et culturelle des artistes.<\/p>\n<p style=\"font-weight: 400;\">Ces visages, dont la tonalit\u00e9 attentive, interrogative, communicative, absente ou vide, en retrait ou en qu\u00eate, t\u00e9moigne d\u2019une modalit\u00e9 de rapport au monde, interrogent, dans une forme de mise en abyme, notre propre rencontre de l\u2019humain.<\/p>\n<p style=\"font-weight: 400;\"><strong>Pascal Roman<\/strong> est professeur de psychologie clinique, psychopathologie et psychanalyse.<\/p>\n<p style=\"font-weight: 400;\"><strong>Marco D\u00e9cimo<\/strong> est professeur\u00a0d\u2019histoire de l\u2019art contemporain \u00e0 l\u2019universit\u00e9 de Paris Ouest-Nanterre et\u00a0R\u00e9gent du Coll\u00e8ge de Pataphysique.<\/p>\n<p>&nbsp;<\/p>\n<p style=\"font-weight: 400;\">Exposition<br \/>\nCollection de l\u2019Art Brut, Lausanne<br \/>\nDu 8 d\u00e9cembre 2023 au 28 avril 2024<\/p>\n","protected":false},"excerpt":{"rendered":"<p>Sous la direction de Pascal Roman et Marco D\u00e9cimo La sixi\u00e8me biennale de l\u2019Art Brut (2023-2024) a pour th\u00e8me le visage, cette partie singuli\u00e8re de l\u2019\u00eatre humain qui condense, par sa facture et ses expressions, l\u2019ensemble de la personne, son corps et sa psych\u00e9. Le volume illustrant cet \u00e9v\u00e9nement important organis\u00e9 par la Collection de&hellip;<\/p>\n","protected":false},"featured_media":29674,"template":"","meta":{"_acf_changed":false,"inline_featured_image":false},"product_brand":[],"product_cat":[49],"product_tag":[],"class_list":{"0":"post-29253","1":"product","2":"type-product","3":"status-publish","4":"has-post-thumbnail","6":"product_cat-art-brut-fr","7":"collana-art-brut-la-collection","8":"disponibilita-si","9":"description-off","11":"first","12":"instock","13":"shipping-taxable","14":"purchasable","15":"product-type-simple"},"acf":[],"_links":{"self":[{"href":"https:\/\/www.fivecontinentseditions.com\/fr\/wp-json\/wp\/v2\/product\/29253","targetHints":{"allow":["GET"]}}],"collection":[{"href":"https:\/\/www.fivecontinentseditions.com\/fr\/wp-json\/wp\/v2\/product"}],"about":[{"href":"https:\/\/www.fivecontinentseditions.com\/fr\/wp-json\/wp\/v2\/types\/product"}],"wp:featuredmedia":[{"embeddable":true,"href":"https:\/\/www.fivecontinentseditions.com\/fr\/wp-json\/wp\/v2\/media\/29674"}],"wp:attachment":[{"href":"https:\/\/www.fivecontinentseditions.com\/fr\/wp-json\/wp\/v2\/media?parent=29253"}],"wp:term":[{"taxonomy":"product_brand","embeddable":true,"href":"https:\/\/www.fivecontinentseditions.com\/fr\/wp-json\/wp\/v2\/product_brand?post=29253"},{"taxonomy":"product_cat","embeddable":true,"href":"https:\/\/www.fivecontinentseditions.com\/fr\/wp-json\/wp\/v2\/product_cat?post=29253"},{"taxonomy":"product_tag","embeddable":true,"href":"https:\/\/www.fivecontinentseditions.com\/fr\/wp-json\/wp\/v2\/product_tag?post=29253"}],"curies":[{"name":"wp","href":"https:\/\/api.w.org\/{rel}","templated":true}]}}