{"id":29226,"date":"2023-10-09T05:00:00","date_gmt":"2023-10-09T05:00:00","guid":{"rendered":"https:\/\/www.fivecontinentseditions.com\/?post_type=product&#038;p=29226"},"modified":"2024-02-06T22:12:10","modified_gmt":"2024-02-06T22:12:10","slug":"a-kings-passion","status":"publish","type":"product","link":"https:\/\/www.fivecontinentseditions.com\/fr\/p\/a-kings-passion\/","title":{"rendered":"A KING&rsquo;S PASSION"},"content":{"rendered":"<p style=\"font-weight: 400;\"><em>Sous la direction de Sandra Mbanefo Obiago<\/em><\/p>\n<p style=\"font-weight: 400;\"><em>Essais critiques de Sylvester Ogbechie, Frank Ugiomoh, Edwin Bodjawah, Babacar Mbow, Krydz Ikwuemesi, Jerry Buhari, Bernard Akoi-Jackson, Oliver Enwonwu, ChiChi Aniagolu- Okoye, Chika Okeke-Agulu et Olu Oguibe<\/em><\/p>\n<p style=\"font-weight: 400;\">Ce sont sa passion, sa curiosit\u00e9 intellectuelle et son intuition qui ont amen\u00e9 Sa Majest\u00e9 le roi Igwe Nnaemeka Alfred Achebe \u00e0 soutenir plus de quatre d\u00e9cennies durant, en collectionnant leurs \u0153uvres, des artistes originaires de sa ville natale, Onitsha, du sud-ouest du Nig\u00e9ria, du Ghana, de l\u2019Afrique occidentale et du continent africain en g\u00e9n\u00e9ral.<\/p>\n<p style=\"font-weight: 400;\">Ce volume, r\u00e9alis\u00e9 \u00e0 l\u2019occasion de l\u2019ouverture au public du <strong>mus\u00e9e Chimedie<\/strong>, qui accueillera et exposera la collection de l\u2019Obi d\u2019Onitsha, retrace la carri\u00e8re de m\u00e9c\u00e8ne et de collectionneur de ce dernier dans un langage facilement accessible gr\u00e2ce \u00e0 la participation de plusieurs des meilleurs sp\u00e9cialistes du domaine. Il illustre les liens d\u2019amiti\u00e9 nou\u00e9s par Sa Majest\u00e9 avec de nombreux artistes, qui l\u2019ont associ\u00e9 au processus de cr\u00e9ation et d\u2019acquisition, ainsi qu\u2019il \u00e9tait habituel \u00e0 la Renaissance.<\/p>\n<p style=\"font-weight: 400;\">L\u2019ouvrage, non content d\u2019\u00e9clairer l\u2019enthousiasme de collectionneur de l\u2019Obi d\u2019Onitsha et la philosophie plus g\u00e9n\u00e9rale dans laquelle il s\u2019inscrit, \u00e9voque son engagement, couronn\u00e9 de succ\u00e8s, en faveur de la prise en consid\u00e9ration par le discours traditionnel sur l\u2019art de cr\u00e9ateurs jusqu\u2019alors tenus en marge. Il \u00e9tudie en outre l\u2019importance croissante du m\u00e9c\u00e9nat artistique en Afrique et la contribution des collectionneurs africains \u00e0 l\u2019\u00e9largissement actuel des narratifs artistiques du continent. <strong>La riche iconographie en couleurs permet de pr\u00e9senter aux lecteurs non moins de 119\u00a0artistes, originaires de dix pays, parmi lesquels des figures de premier plan comme Ben Enwonwu, Uche Okeke, Bruce Onobrakpeya, Ablade Glover, El Anatsui ou Ludovic Fadairo<\/strong>.<\/p>\n<p style=\"font-weight: 400;\">Sont ici reproduits 322 chefs-d\u2019\u0153uvre parmi les quelque 5\u00a0000 pi\u00e8ces de la collection, appartenant aux modes d\u2019expression les plus vari\u00e9es\u00a0: dessin, peinture \u00e0 l\u2019huile ou acrylique, techniques mixtes, photographie, estampe, gravure, sculpture sur bronze, bois ou ivoire, mais aussi installations et d\u00e9corations r\u00e9alis\u00e9es sur commande pour la r\u00e9sidence royale de l\u2019Obi d\u2019Onitsha. Il ressort de cet ensemble L\u2019ensemble souligne que la collection d\u2019art africain de Sa Majest\u00e9 le Roi Igwe Nnaemeka Achebe est l\u2019une des plus vastes et des plus compl\u00e8tes du continent.<\/p>\n<p style=\"font-weight: 400;\">Les textes d\u00e9di\u00e9s aux pi\u00e8ces majeures de la collection et \u00e0 la biographie de chacun des artistes repr\u00e9sent\u00e9s, du continent ou de la diaspora, font de ce volume un pr\u00e9cieux ouvrage de r\u00e9f\u00e9rence. Des d\u00e9veloppements particuliers sont en outre consacr\u00e9s \u00e0 l\u2019influence du collectionnisme sur des genres tels que le portrait, aux artistes du Ghana, ainsi qu\u2019au soixanti\u00e8me anniversaire de <em>Things Fall Apart<\/em>, le grand roman de Chinua Achebe, paru en 1958 et qui a fait date dans l\u2019histoire de la litt\u00e9rature africaine (nouvelle traduction par Pierre Girard sous le titre <em>Tout s\u2019effondre<\/em>, Arles, Actes Sud, 2016).<\/p>\n<p style=\"font-weight: 400;\">Faisant \u00e9cho aux \u00e9tudes r\u00e9centes sur l\u2019art africain moderne et contemporain, cet ouvrage nous permet de mieux comprendre le contexte de l\u2019acquisition d\u2019\u0153uvres d\u2019art africain aux fins de collection, en mettant l\u2019accent sur la p\u00e9riode comprise entre les ann\u00e9es 1940 et aujourd\u2019hui.<\/p>\n","protected":false},"excerpt":{"rendered":"<p>Sous la direction de Sandra Mbanefo Obiago Essais critiques de Sylvester Ogbechie, Frank Ugiomoh, Edwin Bodjawah, Babacar Mbow, Krydz Ikwuemesi, Jerry Buhari, Bernard Akoi-Jackson, Oliver Enwonwu, ChiChi Aniagolu- Okoye, Chika Okeke-Agulu et Olu Oguibe Ce sont sa passion, sa curiosit\u00e9 intellectuelle et son intuition qui ont amen\u00e9 Sa Majest\u00e9 le roi Igwe Nnaemeka Alfred Achebe&hellip;<\/p>\n","protected":false},"featured_media":0,"template":"","meta":{"_acf_changed":false,"inline_featured_image":false},"product_brand":[],"product_cat":[57],"product_tag":[],"class_list":{"0":"post-29226","1":"product","2":"type-product","3":"status-publish","5":"product_cat-art-contemporain","6":"disponibilita-si","7":"description-off","9":"first","10":"instock","11":"shipping-taxable","12":"purchasable","13":"product-type-simple"},"acf":[],"_links":{"self":[{"href":"https:\/\/www.fivecontinentseditions.com\/fr\/wp-json\/wp\/v2\/product\/29226","targetHints":{"allow":["GET"]}}],"collection":[{"href":"https:\/\/www.fivecontinentseditions.com\/fr\/wp-json\/wp\/v2\/product"}],"about":[{"href":"https:\/\/www.fivecontinentseditions.com\/fr\/wp-json\/wp\/v2\/types\/product"}],"wp:attachment":[{"href":"https:\/\/www.fivecontinentseditions.com\/fr\/wp-json\/wp\/v2\/media?parent=29226"}],"wp:term":[{"taxonomy":"product_brand","embeddable":true,"href":"https:\/\/www.fivecontinentseditions.com\/fr\/wp-json\/wp\/v2\/product_brand?post=29226"},{"taxonomy":"product_cat","embeddable":true,"href":"https:\/\/www.fivecontinentseditions.com\/fr\/wp-json\/wp\/v2\/product_cat?post=29226"},{"taxonomy":"product_tag","embeddable":true,"href":"https:\/\/www.fivecontinentseditions.com\/fr\/wp-json\/wp\/v2\/product_tag?post=29226"}],"curies":[{"name":"wp","href":"https:\/\/api.w.org\/{rel}","templated":true}]}}