{"id":29094,"date":"2023-09-01T05:00:00","date_gmt":"2023-09-01T05:00:00","guid":{"rendered":"https:\/\/www.fivecontinentseditions.com\/?post_type=product&#038;p=29094"},"modified":"2024-03-07T15:42:20","modified_gmt":"2024-03-07T15:42:20","slug":"the-color-of-light","status":"publish","type":"product","link":"https:\/\/www.fivecontinentseditions.com\/fr\/p\/the-color-of-light\/","title":{"rendered":"The Color of Light"},"content":{"rendered":"<p>Ce volume constitue la premi\u00e8re monographie d\u00e9di\u00e9e \u00e0 l\u2019\u0153uvre du photographe Jo\u00ebl Denot. Ses photographies \u00e9chappent au regard comme \u00e0 la classification: elles ne sont ni figuratives ni abstraites, elles s\u2019inscrivent simultan\u00e9ment dans une pens\u00e9e picturale. Elles sont avant tout mati\u00e8re, forme et couleur. Elles sont au-del\u00e0 de l\u2019image. On voit des surfaces color\u00e9es flottant dans le vide, s\u2019encadrant les unes dans les autres et projetant des ombres de couleur qui se superposent : orange puis rose p\u00e2le puis bleu puis rose vif ; rouge puis vert puis rose puis gris-bleu. Une succession de plans flottant dans le vide color\u00e9 qui les entoure. Avec aussi, au bout d\u2019un moment, dans un coin, si l\u2019on regarde bien, une forme autre, celle d\u2019un corps en train d\u2019appara\u00eetre. Ou de dispara\u00eetre. \u00c9chappant au regard l\u00e0 encore. Corps de l\u2019artiste qui se met \u00e0 l\u2019\u0153uvre, dans l\u2019\u0153uvre, retrouvant ainsi la trace photographique que le reste de l\u2019image ferait oublier, articulant geste pictural et geste photographique au travers de la figure de ce corps qui transpara\u00eet, comme coul\u00e9 dans la couleur.<\/p>\n<p>&nbsp;<\/p>\n<p><strong>Jo\u00ebl Denot<\/strong> est n\u00e9 \u00e0 Rennes (France), en 1961. L\u2019achat de son premier appareil photographique \u00e0 16 ans sera un choc : la fabrication et la d\u00e9couverte du monde de l\u2019image. Il est photographe de studio, puis de reportage, dans les ann\u00e9es 80 \u00e0 Paris. En 1993, \u00e0 la suite d\u2019une d\u00e9pression, il s\u2019enferme chez lui et il fait ses premi\u00e8res photographies sur un mur int\u00e9rieur blanc. D\u00e8s le d\u00e9but il met au point un protocole : faire une s\u00e9rie d\u2019une trentaine de photographies par an, sur un mur int\u00e9rieur blanc en lumi\u00e8re naturelle et en tirages uniques. La s\u00e9rie sera toujours le r\u00e9sultat d\u2019une longue r\u00e9flexion faite de notes sur la lumi\u00e8re, sur l\u2019histoire de la photographie (et de l\u2019Art en g\u00e9n\u00e9ral), et sur sa vie dans les diff\u00e9rents lieux d\u2019habitation. Jo\u00ebl Denot vit maintenant dans le sud de la France. Et depuis trente ans, il a toujours le m\u00eame protocole.<\/p>\n","protected":false},"excerpt":{"rendered":"<p>Ce volume constitue la premi\u00e8re monographie d\u00e9di\u00e9e \u00e0 l\u2019\u0153uvre du photographe Jo\u00ebl Denot. Ses photographies \u00e9chappent au regard comme \u00e0 la classification: elles ne sont ni figuratives ni abstraites, elles s\u2019inscrivent simultan\u00e9ment dans une pens\u00e9e picturale. Elles sont avant tout mati\u00e8re, forme et couleur. Elles sont au-del\u00e0 de l\u2019image. On voit des surfaces color\u00e9es flottant&hellip;<\/p>\n","protected":false},"featured_media":29262,"template":"","meta":{"_acf_changed":false,"inline_featured_image":false},"product_brand":[],"product_cat":[73],"product_tag":[],"class_list":{"0":"post-29094","1":"product","2":"type-product","3":"status-publish","4":"has-post-thumbnail","6":"product_cat-photographie","7":"disponibilita-si","8":"description-off","10":"first","11":"instock","12":"shipping-taxable","13":"purchasable","14":"product-type-simple"},"acf":[],"_links":{"self":[{"href":"https:\/\/www.fivecontinentseditions.com\/fr\/wp-json\/wp\/v2\/product\/29094","targetHints":{"allow":["GET"]}}],"collection":[{"href":"https:\/\/www.fivecontinentseditions.com\/fr\/wp-json\/wp\/v2\/product"}],"about":[{"href":"https:\/\/www.fivecontinentseditions.com\/fr\/wp-json\/wp\/v2\/types\/product"}],"wp:featuredmedia":[{"embeddable":true,"href":"https:\/\/www.fivecontinentseditions.com\/fr\/wp-json\/wp\/v2\/media\/29262"}],"wp:attachment":[{"href":"https:\/\/www.fivecontinentseditions.com\/fr\/wp-json\/wp\/v2\/media?parent=29094"}],"wp:term":[{"taxonomy":"product_brand","embeddable":true,"href":"https:\/\/www.fivecontinentseditions.com\/fr\/wp-json\/wp\/v2\/product_brand?post=29094"},{"taxonomy":"product_cat","embeddable":true,"href":"https:\/\/www.fivecontinentseditions.com\/fr\/wp-json\/wp\/v2\/product_cat?post=29094"},{"taxonomy":"product_tag","embeddable":true,"href":"https:\/\/www.fivecontinentseditions.com\/fr\/wp-json\/wp\/v2\/product_tag?post=29094"}],"curies":[{"name":"wp","href":"https:\/\/api.w.org\/{rel}","templated":true}]}}