{"id":2902,"date":"2005-09-01T05:00:00","date_gmt":"2005-09-01T05:00:00","guid":{"rendered":"http:\/\/www.fivecontinentseditions.com\/prodotto\/la-pittura-in-liguria-nel-xv-secolo-2\/"},"modified":"2018-02-07T16:22:11","modified_gmt":"2018-02-07T16:22:11","slug":"la-pittura-in-liguria-nel-xv-secolo-2","status":"publish","type":"product","link":"https:\/\/www.fivecontinentseditions.com\/fr\/p\/la-pittura-in-liguria-nel-xv-secolo-2\/","title":{"rendered":"La pittura in Liguria nel XV secolo"},"content":{"rendered":"<p>La peinture en Ligurie au XVesi\u00e8cle est une p\u00e9riode peu connue de la culture figurative italienne, malgr\u00e9 la pr\u00e9sence d&rsquo;artistes issus des r\u00e9gions voisines et l&rsquo;int\u00e9r\u00eat pr\u00e9coce des commanditaires \u00e0l&rsquo;\u00e9gard des nouveaut\u00e9s venues de l&rsquo;\u00e9tranger: l&rsquo;interpr\u00e9tation sophistiqu\u00e9e de la peinture flamande par Donato de&rsquo; Bardi, les s\u00e9jours \u00e0G\u00eanes et \u00e0Savone de Vincenzo Foppa, l&rsquo;\u00e9nigme fascinante de Carlo Braccesco sont les \u00e9l\u00e9ments caract\u00e9ristiques d&rsquo;une p\u00e9riode tr\u00e8s complexe. S&rsquo;ins\u00e8rent \u00e9galement dans ce paysage les diff\u00e9rentes orientations des principaux centres culturels qui ne se reconnaissaient pas toujours dans le chef-lieu et \u00e9taient pr\u00eats \u00e0accueillir les nouvelles tendances ou \u00e0inventer leur propre langage.<\/p>\n","protected":false},"excerpt":{"rendered":"<p>La peinture en Ligurie au XVesi\u00e8cle est une p\u00e9riode peu connue de la culture figurative italienne, malgr\u00e9 la pr\u00e9sence d&rsquo;artistes issus des r\u00e9gions voisines et l&rsquo;int\u00e9r\u00eat pr\u00e9coce des commanditaires \u00e0l&rsquo;\u00e9gard des nouveaut\u00e9s venues de l&rsquo;\u00e9tranger: l&rsquo;interpr\u00e9tation sophistiqu\u00e9e de la peinture flamande par Donato de&rsquo; Bardi, les s\u00e9jours \u00e0G\u00eanes et \u00e0Savone de Vincenzo Foppa, l&rsquo;\u00e9nigme fascinante&hellip;<\/p>\n","protected":false},"featured_media":2877,"template":"","meta":{"_acf_changed":false,"inline_featured_image":false},"product_brand":[],"product_cat":[68],"product_tag":[],"class_list":{"0":"post-2902","1":"product","2":"type-product","3":"status-publish","4":"has-post-thumbnail","6":"product_cat-art-moderne","7":"collana-galerie-des-arts","8":"collana-galleria-delle-arti","9":"disponibilita-no","10":"description-off","12":"first","13":"outofstock","14":"shipping-taxable","15":"purchasable","16":"product-type-simple"},"acf":[],"_links":{"self":[{"href":"https:\/\/www.fivecontinentseditions.com\/fr\/wp-json\/wp\/v2\/product\/2902","targetHints":{"allow":["GET"]}}],"collection":[{"href":"https:\/\/www.fivecontinentseditions.com\/fr\/wp-json\/wp\/v2\/product"}],"about":[{"href":"https:\/\/www.fivecontinentseditions.com\/fr\/wp-json\/wp\/v2\/types\/product"}],"wp:featuredmedia":[{"embeddable":true,"href":"https:\/\/www.fivecontinentseditions.com\/fr\/wp-json\/wp\/v2\/media\/2877"}],"wp:attachment":[{"href":"https:\/\/www.fivecontinentseditions.com\/fr\/wp-json\/wp\/v2\/media?parent=2902"}],"wp:term":[{"taxonomy":"product_brand","embeddable":true,"href":"https:\/\/www.fivecontinentseditions.com\/fr\/wp-json\/wp\/v2\/product_brand?post=2902"},{"taxonomy":"product_cat","embeddable":true,"href":"https:\/\/www.fivecontinentseditions.com\/fr\/wp-json\/wp\/v2\/product_cat?post=2902"},{"taxonomy":"product_tag","embeddable":true,"href":"https:\/\/www.fivecontinentseditions.com\/fr\/wp-json\/wp\/v2\/product_tag?post=2902"}],"curies":[{"name":"wp","href":"https:\/\/api.w.org\/{rel}","templated":true}]}}