{"id":28958,"date":"2023-07-26T05:00:00","date_gmt":"2023-07-26T05:00:00","guid":{"rendered":"https:\/\/www.fivecontinentseditions.com\/?post_type=product&#038;p=28958"},"modified":"2025-04-27T16:42:58","modified_gmt":"2025-04-27T16:42:58","slug":"interieurs-pompeiens","status":"publish","type":"product","link":"https:\/\/www.fivecontinentseditions.com\/fr\/p\/interieurs-pompeiens\/","title":{"rendered":"Int\u00e9rieurs Pomp\u00e9iens"},"content":{"rendered":"<p>Ce volume pr\u00e9sente le travail photographique in\u00e9dit r\u00e9alis\u00e9 par Luigi Spina dans le Parc arch\u00e9ologique de Pomp\u00e9i avec un appareil Hasselblad. Spina a pu ainsi se plonger au c\u0153ur de plus de 60 <em>domus<\/em>, fouler leurs p\u00e9ristyles, parcourir leurs pavements de mosa\u00efque, scruter la composition de l\u2019<em>opus sectile<\/em>, \u00e9prouver la chaleur du rouge pomp\u00e9ien, sans oublier de s\u2019arr\u00eater, f\u00fbt-ce plus bri\u00e8vement, sur les murs couverts de fresques, les colonnes au rev\u00eatement de pl\u00e2tre, les perspectives ouvertes sur le paysage environnant. \u00c0 l\u2019\u00e9poque o\u00f9 le Parc arch\u00e9ologique, durant la pand\u00e9mie, \u00e9tait ferm\u00e9 au public, et o\u00f9 nous \u00e9tions tenus de nous confiner dans nos appartements,<\/p>\n<p>Luigi Spina a \u00e9lu domicile \u00e0 Pomp\u00e9i, a habit\u00e9 ses maisons, a vu la lumi\u00e8re naturelle donner sa forme \u00e0 la ville et en a recueilli les variations. Il a ressenti dans sa chair l\u2019arch\u00e9ologie vivante, le classicisme vibrant. Telle est la gen\u00e8se de <em>Interno pompeiano<\/em>, un album photographique o\u00f9 la recherche plastique s\u2019enrichit, pour chacune des huit\u00a0<em>regiones<\/em>, de textes brefs qui accompagnent le lecteur dans l&rsquo;exploration de chaque\u00a0<em>domus\u00a0<\/em>en \u00e9clairant ses particularit\u00e9s et en \u00e9voquant les anecdotes insolites qui lui sont li\u00e9es. Deux textes sur la naissance et le d\u00e9veloppement de l&rsquo;imaginaire pomp\u00e9ien viennent compl\u00e9ter l&rsquo;ensemble.<\/p>\n<p><strong>Luigi Spina<\/strong>\u00a0est photographe. Sa recherche visuelle d\u00e9bute avec une s\u00e9rie de photographies consacr\u00e9es aux amphith\u00e9\u00e2tres et au sens civique du sacr\u00e9, aux liens entre l\u2019art et la foi, \u00e0 la recherche d\u2019identit\u00e9s culturelles, \u00e0 la confrontation physique avec la sculpture classique. Avec 5 Continents Editions il a publi\u00e9\u00a0<em>The Buchner Boxes<\/em>\u00a0(2014),\u00a0<em>Hemba<\/em>\u00a0(2017) et\u00a0<em>Diario Mitico<\/em>\u00a0(2017). Avec cette m\u00eame maison d\u2019\u00e9dition, il a inaugur\u00e9 la collection \u00ab\u00a0Tr\u00e9sors cach\u00e9s\u00a0\u00bb, qui propose les titres suivants\u00a0:\u00a0<em>Vase Farn\u00e8se<\/em>,\u00a0<em>Mosa\u00efque d\u2019Alexandre<\/em>,\u00a0<em>Saint Dominique<\/em>\u00a0<em>de Niccol\u00f2 dell\u2019Arca<\/em>.<\/p>\n","protected":false},"excerpt":{"rendered":"<p>Ce volume pr\u00e9sente le travail photographique in\u00e9dit r\u00e9alis\u00e9 par Luigi Spina dans le Parc arch\u00e9ologique de Pomp\u00e9i avec un appareil Hasselblad. Spina a pu ainsi se plonger au c\u0153ur de plus de 60 domus, fouler leurs p\u00e9ristyles, parcourir leurs pavements de mosa\u00efque, scruter la composition de l\u2019opus sectile, \u00e9prouver la chaleur du rouge pomp\u00e9ien, sans&hellip;<\/p>\n","protected":false},"featured_media":31102,"template":"","meta":{"_acf_changed":false,"inline_featured_image":false},"product_brand":[],"product_cat":[47],"product_tag":[],"class_list":{"0":"post-28958","1":"product","2":"type-product","3":"status-publish","4":"has-post-thumbnail","6":"product_cat-archeologie","7":"disponibilita-si","8":"description-off","10":"first","11":"instock","12":"shipping-taxable","13":"purchasable","14":"product-type-simple"},"acf":[],"_links":{"self":[{"href":"https:\/\/www.fivecontinentseditions.com\/fr\/wp-json\/wp\/v2\/product\/28958","targetHints":{"allow":["GET"]}}],"collection":[{"href":"https:\/\/www.fivecontinentseditions.com\/fr\/wp-json\/wp\/v2\/product"}],"about":[{"href":"https:\/\/www.fivecontinentseditions.com\/fr\/wp-json\/wp\/v2\/types\/product"}],"wp:featuredmedia":[{"embeddable":true,"href":"https:\/\/www.fivecontinentseditions.com\/fr\/wp-json\/wp\/v2\/media\/31102"}],"wp:attachment":[{"href":"https:\/\/www.fivecontinentseditions.com\/fr\/wp-json\/wp\/v2\/media?parent=28958"}],"wp:term":[{"taxonomy":"product_brand","embeddable":true,"href":"https:\/\/www.fivecontinentseditions.com\/fr\/wp-json\/wp\/v2\/product_brand?post=28958"},{"taxonomy":"product_cat","embeddable":true,"href":"https:\/\/www.fivecontinentseditions.com\/fr\/wp-json\/wp\/v2\/product_cat?post=28958"},{"taxonomy":"product_tag","embeddable":true,"href":"https:\/\/www.fivecontinentseditions.com\/fr\/wp-json\/wp\/v2\/product_tag?post=28958"}],"curies":[{"name":"wp","href":"https:\/\/api.w.org\/{rel}","templated":true}]}}