{"id":28631,"date":"2023-05-30T05:00:00","date_gmt":"2023-05-30T05:00:00","guid":{"rendered":"https:\/\/www.fivecontinentseditions.com\/?post_type=product&#038;p=28631"},"modified":"2023-06-24T10:58:32","modified_gmt":"2023-06-24T10:58:32","slug":"graver-la-lumiere","status":"publish","type":"product","link":"https:\/\/www.fivecontinentseditions.com\/fr\/p\/graver-la-lumiere\/","title":{"rendered":"Graver la lumi\u00e8re"},"content":{"rendered":"<p>Albrecht D\u00fcrer, Rembrandt, Piran\u00e8se, Tiepolo, Pal\u00e9zieux, Morandi et Corot, tels sont quelques-uns des grands noms figurant dans les pages de ce volume. Les \u0153uvres pr\u00e9sent\u00e9es dans l\u2019ouvrage sont de v\u00e9ritables chefs-d\u2019\u0153uvre de la gravure et de l\u2019h\u00e9liographie. Leurs reproductions permettent de retracer l\u2019histoire de la gravure, de la xylographie du XV<sup>e<\/sup> si\u00e8cle aux inventions plus libres du XX<sup>e<\/sup> si\u00e8cle, dont certaines sont dues \u00e0 des artistes outsiders.<\/p>\n<p>La narration visuelle ne suit pas un parcours chronologique : Florian Rodari, \u00e9diteur de l\u2019ouvrage, s\u2019est fix\u00e9 pour objectif de faire ressortir les affinit\u00e9s entre les ma\u00eetres anciens et les artistes modernes, ce qu\u2019un rapprochement libre et sensible est seul \u00e0 permettre. Loin de l\u2019id\u00e9e de confrontation et de hi\u00e9rarchie, ce volume rappelle que les interrogations formelles et les ambitions techniques transcendent le temps de l\u2019histoire de l\u2019art.<\/p>\n<p>&nbsp;<\/p>\n<p><strong>Florian Rodari\u00a0<\/strong>conduit\u00a0depuis pr\u00e8s de cinquante ans une carri\u00e8re d\u2019\u00e9crivain et d\u2019historien de l\u2019art. Il\u00a0est notamment\u00a0l\u2019auteur d\u2019un essai d\u00e9cisif sur <em>Le\u00a0Collage (papiers coll\u00e9s, papiers d\u00e9chir\u00e9s, papiers\u00a0d\u00e9coup\u00e9s)<\/em>\u00a0aux \u00e9ditions d\u2019art Albert\u00a0Skira (1988) pour\u00a0lesquelles il dirigea plusieurs collections. Directeur du mus\u00e9e de l\u2019Elys\u00e9e \u00e0\u00a0Lausanne de 1979 \u00e0\u00a01983, il est depuis 1977 le conservateur de la fondation William\u00a0Cuendet &amp; Atelier de Saint-Prex et, depuis 1998,\u00a0\u00e9galement celui de la\u00a0collection Jean et Suzanne Planque, d\u00e9pos\u00e9e au mus\u00e9e Granet d\u2019Aix-en-Provence. Dans\u00a0ce\u00a0cadre, il a organis\u00e9 un nombre important d\u2019expositions dans le monde entier,\u00a0dans les domaines de la peinture, de la\u00a0gravure et de la photographie. \u00c0 c\u00f4t\u00e9\u00a0d\u2019ouvrages destin\u00e9s \u00e0 la jeunesse et de plusieurs monographies de peintres, il\u00a0est l\u2019auteur de nombreux essais qui ont \u00e9t\u00e9 r\u00e9unis en 2016 aux \u00e9ditions\u00a0Gallimard sous le titre<em>\u00a0L\u2019Univers comme\u00a0alphabet<\/em>. Il est \u00e9galement le\u00a0directeur litt\u00e9raire des \u00e9ditions\u00a0La Dogana\u00a0qu\u2019il a cr\u00e9\u00e9es \u00e0 Gen\u00e8ve en\u00a01981.<\/p>\n","protected":false},"excerpt":{"rendered":"<p>Albrecht D\u00fcrer, Rembrandt, Piran\u00e8se, Tiepolo, Pal\u00e9zieux, Morandi et Corot, tels sont quelques-uns des grands noms figurant dans les pages de ce volume. Les \u0153uvres pr\u00e9sent\u00e9es dans l\u2019ouvrage sont de v\u00e9ritables chefs-d\u2019\u0153uvre de la gravure et de l\u2019h\u00e9liographie. Leurs reproductions permettent de retracer l\u2019histoire de la gravure, de la xylographie du XVe si\u00e8cle aux inventions plus&hellip;<\/p>\n","protected":false},"featured_media":28875,"template":"","meta":{"_acf_changed":false,"inline_featured_image":false},"product_brand":[],"product_cat":[71],"product_tag":[],"class_list":{"0":"post-28631","1":"product","2":"type-product","3":"status-publish","4":"has-post-thumbnail","6":"product_cat-arts-graphiques","7":"disponibilita-si","8":"description-off","10":"first","11":"instock","12":"shipping-taxable","13":"purchasable","14":"product-type-simple"},"acf":[],"_links":{"self":[{"href":"https:\/\/www.fivecontinentseditions.com\/fr\/wp-json\/wp\/v2\/product\/28631","targetHints":{"allow":["GET"]}}],"collection":[{"href":"https:\/\/www.fivecontinentseditions.com\/fr\/wp-json\/wp\/v2\/product"}],"about":[{"href":"https:\/\/www.fivecontinentseditions.com\/fr\/wp-json\/wp\/v2\/types\/product"}],"wp:featuredmedia":[{"embeddable":true,"href":"https:\/\/www.fivecontinentseditions.com\/fr\/wp-json\/wp\/v2\/media\/28875"}],"wp:attachment":[{"href":"https:\/\/www.fivecontinentseditions.com\/fr\/wp-json\/wp\/v2\/media?parent=28631"}],"wp:term":[{"taxonomy":"product_brand","embeddable":true,"href":"https:\/\/www.fivecontinentseditions.com\/fr\/wp-json\/wp\/v2\/product_brand?post=28631"},{"taxonomy":"product_cat","embeddable":true,"href":"https:\/\/www.fivecontinentseditions.com\/fr\/wp-json\/wp\/v2\/product_cat?post=28631"},{"taxonomy":"product_tag","embeddable":true,"href":"https:\/\/www.fivecontinentseditions.com\/fr\/wp-json\/wp\/v2\/product_tag?post=28631"}],"curies":[{"name":"wp","href":"https:\/\/api.w.org\/{rel}","templated":true}]}}