{"id":28560,"date":"2023-05-09T05:00:00","date_gmt":"2023-05-09T05:00:00","guid":{"rendered":"https:\/\/www.fivecontinentseditions.com\/?post_type=product&#038;p=28560"},"modified":"2023-05-16T15:06:53","modified_gmt":"2023-05-16T15:06:53","slug":"enzo-cucchi","status":"publish","type":"product","link":"https:\/\/www.fivecontinentseditions.com\/fr\/p\/enzo-cucchi\/","title":{"rendered":"Enzo Cucchi"},"content":{"rendered":"<p>Enzo Cucchi est l\u2019un des grands ma\u00eetres qui ont marqu\u00e9 l\u2019histoire de l\u2019art italien. Aujourd\u2019hui son nom se distingue parmi ceux des artistes les plus prolifiques et novateurs de la sc\u00e8ne contemporaine au point d\u2019\u00eatre devenu une r\u00e9f\u00e9rence pour la jeune g\u00e9n\u00e9ration artistique. Sa production recourt \u00e0 des langages expressifs h\u00e9t\u00e9rog\u00e8nes\u00a0: signes, symboles, techniques mixtes, mais \u00e9galement peinture de grand format, vers transcrits rapidement sur une feuille de papier, images monumentales et mots\u2026 autant d\u2019\u00e9l\u00e9ments qui le rattachent \u00e0 la nouvelle conception de la cr\u00e9ation artistique et \u00e0 la centralit\u00e9 de l\u2019artiste apparue entre la fin des ann\u00e9es\u00a01960 et le d\u00e9but des ann\u00e9es\u00a01980.<\/p>\n<p>Le volume qui accompagne l\u2019exposition \u00ab\u00a0Enzo Cucchi. Le po\u00e8te et le magicien\u00a0\u00bb, au programme du Museo MAXXI de Rome entre mai et novembre 2023, \u00e9claire la personnalit\u00e9 libre de l\u2019artiste qui trouve le pivot de sa recherche dans la po\u00e9sie et la parole \u00e9crite et qui, gr\u00e2ce \u00e0 une grande diversit\u00e9 de moyens expressifs, d\u00e9passe la conception d\u2019un langage unique avec lequel raconter et repr\u00e9senter le pr\u00e9sent.<\/p>\n<p>Les \u0153uvres de l\u2019artiste ne sont pas pr\u00e9sent\u00e9es dans l\u2019ordre chronologique, mais regroup\u00e9es par th\u00e8mes et assonances. On aura ainsi l\u2019occasion d\u2019approfondir sa production de c\u00e9ramiques, de petits bronzes, sa production graphique, ses dessins et ses livres d\u2019artiste.<\/p>\n<p>&nbsp;<\/p>\n<p><strong>Luigia Lonardelli<\/strong> a obtenu un master en conservation aupr\u00e8s de la Facult\u00e9 d\u2019architecture de Valle Giulia \u00e0 Rome en 2005 et est titulaire d\u2019une th\u00e8se en histoire de la photographie pr\u00e9sent\u00e9e en 2009 \u00e0 la Scuola di Specializzazione de Sienne. En 2012, elle a soutenu une th\u00e8se de doctorat. \u00c0 partir de 2005, elle a collabor\u00e9 avec la Direction g\u00e9n\u00e9rale pour l\u2019art contemporain, s\u2019occupant de la promotion de l\u2019art italien \u00e0 l\u2019\u00e9tranger et du suivi des travaux pr\u00e9c\u00e9dant l\u2019ouverture du MAXXI o\u00f9 elle a commenc\u00e9 \u00e0 travailler en 2010 dans le secteur de la recherche. Depuis 2011, elle travaille au d\u00e9partement de conservation et d\u2019exposition des \u0153uvres d\u2019art du mus\u00e9e. Elle a \u00e9t\u00e9 l\u2019une des commissaires de la XVI<sup>e <\/sup>Quadriennale d\u2019art de Rome, la conseill\u00e8re en mati\u00e8re d\u2019art lors de la r\u00e9daction de la nouvelle annexe de l\u2019<em>Enciclopedia<\/em> <em>Treccani<\/em> et est actuellement membre du comit\u00e9 scientifique de la Fondazione Maria Lai.<\/p>\n<p><strong>Bartolomeo Pietromarchi<\/strong>, n\u00e9 \u00e0 Rome en 1968, est critique d\u2019art et commissaire d\u2019exposition. Depuis mai 2016, il dirige le MAXXI, Museo nazionale delle arti del XXI secolo. Entre 2011 et 2013, il a exerc\u00e9 les fonctions de directeur du MACRO \u2013 Museo di Arte Contemporanea di Roma. De 1998 \u00e0 2003, il a \u00e9t\u00e9 responsable du programme d\u2019art contemporain \u00e0 la Fondazione Adriano Olivetti dont il a assum\u00e9 la direction de 2003 \u00e0 2007. Entre 2007 et 2008, il a \u00e9t\u00e9 commissaire d\u2019exposition aupr\u00e8s de la Fondazione Hangar Bicocca de Milan. Il est l\u2019auteur de nombreux articles et publications sur l\u2019art. Il a \u00e9t\u00e9 le commissaire du Pavillon italien lors de la 55<sup>e<\/sup> Biennale d\u2019Art de Venise (2013).<\/p>\n","protected":false},"excerpt":{"rendered":"<p>Enzo Cucchi est l\u2019un des grands ma\u00eetres qui ont marqu\u00e9 l\u2019histoire de l\u2019art italien. Aujourd\u2019hui son nom se distingue parmi ceux des artistes les plus prolifiques et novateurs de la sc\u00e8ne contemporaine au point d\u2019\u00eatre devenu une r\u00e9f\u00e9rence pour la jeune g\u00e9n\u00e9ration artistique. Sa production recourt \u00e0 des langages expressifs h\u00e9t\u00e9rog\u00e8nes\u00a0: signes, symboles, techniques mixtes,&hellip;<\/p>\n","protected":false},"featured_media":28568,"template":"","meta":{"_acf_changed":false,"inline_featured_image":false},"product_brand":[],"product_cat":[57],"product_tag":[],"class_list":{"0":"post-28560","1":"product","2":"type-product","3":"status-publish","4":"has-post-thumbnail","6":"product_cat-art-contemporain","7":"disponibilita-si","8":"description-off","10":"first","11":"instock","12":"shipping-taxable","13":"purchasable","14":"product-type-simple"},"acf":[],"_links":{"self":[{"href":"https:\/\/www.fivecontinentseditions.com\/fr\/wp-json\/wp\/v2\/product\/28560","targetHints":{"allow":["GET"]}}],"collection":[{"href":"https:\/\/www.fivecontinentseditions.com\/fr\/wp-json\/wp\/v2\/product"}],"about":[{"href":"https:\/\/www.fivecontinentseditions.com\/fr\/wp-json\/wp\/v2\/types\/product"}],"wp:featuredmedia":[{"embeddable":true,"href":"https:\/\/www.fivecontinentseditions.com\/fr\/wp-json\/wp\/v2\/media\/28568"}],"wp:attachment":[{"href":"https:\/\/www.fivecontinentseditions.com\/fr\/wp-json\/wp\/v2\/media?parent=28560"}],"wp:term":[{"taxonomy":"product_brand","embeddable":true,"href":"https:\/\/www.fivecontinentseditions.com\/fr\/wp-json\/wp\/v2\/product_brand?post=28560"},{"taxonomy":"product_cat","embeddable":true,"href":"https:\/\/www.fivecontinentseditions.com\/fr\/wp-json\/wp\/v2\/product_cat?post=28560"},{"taxonomy":"product_tag","embeddable":true,"href":"https:\/\/www.fivecontinentseditions.com\/fr\/wp-json\/wp\/v2\/product_tag?post=28560"}],"curies":[{"name":"wp","href":"https:\/\/api.w.org\/{rel}","templated":true}]}}