{"id":28321,"date":"2023-04-06T05:00:00","date_gmt":"2023-04-06T05:00:00","guid":{"rendered":"https:\/\/www.fivecontinentseditions.com\/?post_type=product&#038;p=28321"},"modified":"2023-05-08T18:28:48","modified_gmt":"2023-05-08T18:28:48","slug":"new-york-waterfront-diary","status":"publish","type":"product","link":"https:\/\/www.fivecontinentseditions.com\/fr\/p\/new-york-waterfront-diary\/","title":{"rendered":"New York Waterfront Diary"},"content":{"rendered":"<p>L\u2019album <em>New York Waterfront Diary<\/em> de la photographe franco-am\u00e9ricaine Sophie Fenwick nous pr\u00e9sente un portrait in\u00e9dit et puissamment \u00e9vocateur d\u2019un front de mer new-yorkais en pleine mutation. Ses quelque deux cents clich\u00e9s, r\u00e9alis\u00e9s dans une grande vari\u00e9t\u00e9 de formats \u2013 tirages g\u00e9latino-argentiques, images fixes de films en super-8, instantan\u00e9s num\u00e9riques \u2013, sont tir\u00e9s de plusieurs d\u00e9cennies d\u2019archives de l\u2019artiste.<\/p>\n<p>Les photographies nous montrent en m\u00eame temps des lieux \u00e0 l\u2019abandon, vou\u00e9s \u00e0 une in\u00e9vitable d\u00e9cr\u00e9pitude, et d\u2019autres, comme Coney Island ou Red Hook \u00e0 Brooklyn, dont la vitalit\u00e9 semble inalt\u00e9rable. Elles traduisent aussi un voyage personnel, int\u00e9rieur, gr\u00e2ce au contrepoint qu\u2019apportent les po\u00e8mes que Sophie Fenwick a \u00e9crits aux premiers temps de la pand\u00e9mie de Covid-19. Le livre, \u00e0 l\u2019impressionnante maquette aux allures de <em>scrapbook<\/em> de Lev Zeitlin, de l\u2019agence Red Square Design, comporte en outre un entretien des plus \u00e9clairants entre l\u2019artiste et Pauline Vermare, essayiste et historienne de la photographie. En documentant ce qui est une partie essentielle de la vie de la m\u00e9galopole, <em>New York Waterfront Diary <\/em>convoque \u00e0 la fois la m\u00e9moire et l\u2019imagination, et nous invite \u00e0 m\u00e9diter sur le temps et l\u2019\u00e9loignement.<\/p>\n<p>&nbsp;<\/p>\n<p><strong>Sophie Fenwick <\/strong>est une photographe franco-am\u00e9ricaine n\u00e9e en 1969 \u00e0 New York. Elle a \u00e9tudi\u00e9 la photographie \u00e0 la Parsons Paris et \u00e0 l&rsquo;International Center of Photography de New York. Elle a commenc\u00e9 \u00e0 documenter le front de mer new-yorkais alors qu\u2019elle travaillait pour l\u2019agence Magnum au d\u00e9but des ann\u00e9es 1990, puis dans le cadre de sa premi\u00e8re exposition personnelle, \u00ab Entrep\u00f4ts d&rsquo;Eaux \u00bb (Homage to the Port of New York), chez Victoire Schlumberger \u00e0 Paris. Au nombre de ses expositions, on rappellera celles de New York \u00e0 la galerie Philippe Briet, au Thread Waxing Space, \u00e0 l&rsquo;Istituto della Chiesa dei Marinai, au mus\u00e9e de la Ville de New York et \u00e0 la Brooklyn Public Library. En plus de sa carri\u00e8re de photographe, Sophie Fenwick a travaill\u00e9 comme commissaire cin\u00e9matographique en cr\u00e9ant le Cin\u00e9 Club de la galerie Guillaume Gallozzi (NYC) et en \u00e9laborant la programmation d\u2019Anthology Film Archives et d\u2019Ocularis (NYC). Elle vit \u00e0 Brooklyn avec son \u00e9poux le r\u00e9alisateur Julius Ziz. Ils ont deux filles, Sia et Lara. Cet ouvrage est son premier livre.<\/p>\n<p><strong>Pauline Vermare<\/strong> est curatrice et historienne de la photographie. Elle a exerc\u00e9 les fonctions de directrice culturelle de Magnum Photos \u00e0 New York, et de curatrice aupr\u00e8s du Center of Photography (ICP) et du Museum of Modern Art (MoMA). De 2002 \u00e0 2009, elle a travaill\u00e9 \u00e0 la fondation Henri Cartier-Bresson \u00e0 Paris. Elle est l\u2019auteur de nombreux entretiens et d\u2019essais sur la photographie. Elle fait partie du conseil d\u2019administration de la Saul Leiter Foundation et du Catherine Leroy Fund.<\/p>\n","protected":false},"excerpt":{"rendered":"<p>L\u2019album New York Waterfront Diary de la photographe franco-am\u00e9ricaine Sophie Fenwick nous pr\u00e9sente un portrait in\u00e9dit et puissamment \u00e9vocateur d\u2019un front de mer new-yorkais en pleine mutation. Ses quelque deux cents clich\u00e9s, r\u00e9alis\u00e9s dans une grande vari\u00e9t\u00e9 de formats \u2013 tirages g\u00e9latino-argentiques, images fixes de films en super-8, instantan\u00e9s num\u00e9riques \u2013, sont tir\u00e9s de plusieurs&hellip;<\/p>\n","protected":false},"featured_media":28405,"template":"","meta":{"_acf_changed":false,"inline_featured_image":false},"product_brand":[],"product_cat":[73],"product_tag":[],"class_list":{"0":"post-28321","1":"product","2":"type-product","3":"status-publish","4":"has-post-thumbnail","6":"product_cat-photographie","7":"disponibilita-si","8":"description-off","10":"first","11":"instock","12":"shipping-taxable","13":"purchasable","14":"product-type-simple"},"acf":[],"_links":{"self":[{"href":"https:\/\/www.fivecontinentseditions.com\/fr\/wp-json\/wp\/v2\/product\/28321","targetHints":{"allow":["GET"]}}],"collection":[{"href":"https:\/\/www.fivecontinentseditions.com\/fr\/wp-json\/wp\/v2\/product"}],"about":[{"href":"https:\/\/www.fivecontinentseditions.com\/fr\/wp-json\/wp\/v2\/types\/product"}],"wp:featuredmedia":[{"embeddable":true,"href":"https:\/\/www.fivecontinentseditions.com\/fr\/wp-json\/wp\/v2\/media\/28405"}],"wp:attachment":[{"href":"https:\/\/www.fivecontinentseditions.com\/fr\/wp-json\/wp\/v2\/media?parent=28321"}],"wp:term":[{"taxonomy":"product_brand","embeddable":true,"href":"https:\/\/www.fivecontinentseditions.com\/fr\/wp-json\/wp\/v2\/product_brand?post=28321"},{"taxonomy":"product_cat","embeddable":true,"href":"https:\/\/www.fivecontinentseditions.com\/fr\/wp-json\/wp\/v2\/product_cat?post=28321"},{"taxonomy":"product_tag","embeddable":true,"href":"https:\/\/www.fivecontinentseditions.com\/fr\/wp-json\/wp\/v2\/product_tag?post=28321"}],"curies":[{"name":"wp","href":"https:\/\/api.w.org\/{rel}","templated":true}]}}