{"id":28107,"date":"2022-12-13T05:00:00","date_gmt":"2022-12-13T05:00:00","guid":{"rendered":"https:\/\/www.fivecontinentseditions.com\/?post_type=product&#038;p=28107"},"modified":"2023-01-27T09:32:41","modified_gmt":"2023-01-27T09:32:41","slug":"canova-quattro-tempi-vol-iii","status":"publish","type":"product","link":"https:\/\/www.fivecontinentseditions.com\/fr\/p\/canova-quattro-tempi-vol-iii\/","title":{"rendered":"CANOVA Quattro Tempi vol. III"},"content":{"rendered":"<p>Le troisi\u00e8me volume du projet \u00e9ditorial <em>Canova. Quatre Temps<\/em>, consacr\u00e9 aux pl\u00e2tres d\u2019Antonio Canova conserv\u00e9s par la gypsoth\u00e8que de Possagno, s\u2019ouvre sur l\u2019une des \u0153uvres les plus c\u00e9l\u00e8bres de l\u2019artiste \u00e0 travers le monde\u00a0: le groupe sculpt\u00e9 des <em>Trois Gr\u00e2ces<\/em>, les trois filles de Zeus, Agla\u00e9, Euphrosyne et Thalie, enlac\u00e9es dans une d\u00e9licate \u00e9treinte.<\/p>\n<p>La recherche photographique de Luigi Spina, qui s\u2019accompagne d\u2019un texte de pr\u00e9sentation sign\u00e9 par Vittorio Sgarbi, s\u2019attarde toutefois sur d\u2019autres chefs-d\u2019\u0153uvre dont les petits clous en bronze nous invitent \u00e0 une r\u00e9flexion jamais satisfaite sur le processus de travail du grand sculpteur n\u00e9oclassique. Nous d\u00e9couvrons le portrait en pied de George Washington, repr\u00e9sent\u00e9 \u00e0 la mani\u00e8re d\u2019un condottiere romain, unique \u0153uvre que Canova r\u00e9alisa pour un commanditaire d\u2019outre-Atlantique, et celui d\u2019\u00c9lisa Baciocchi Bonaparte \u2013 l\u2019une des femmes les plus importantes et entreprenantes du cercle des Napol\u00e9onides \u2013, figur\u00e9e en muse Polymnie. Le regard de Luigi Spina s\u2019arr\u00eate ensuite sur la <em>Danseuse<\/em> aux mains sur les hanches, sculpt\u00e9e pour l\u2019imp\u00e9ratrice Jos\u00e9phine de Beauharnais, sur la <em>V\u00e9nus italique<\/em> o\u00f9 transpara\u00eet l\u2019\u00e9tude que fit Canova non seulement de la <em>V\u00e9nus M\u00e9dicis<\/em>, mais encore de chefs-d\u2019\u0153uvre tels que la <em>V\u00e9nus capitoline<\/em> et la <em>V\u00e9nus callipyge<\/em>, et enfin sur la <em>Nymphe endormie<\/em>.<\/p>\n<p>&nbsp;<\/p>\n<p><strong>Luigi Spina<\/strong> est photographe. Avec 5 Continents Editions, il a publi\u00e9 <em>The Buchner Boxes<\/em> (2014), <em>Hemba<\/em> (2017) et <em>Des jours et des mythes<\/em> (2017). Pour la m\u00eame maison d\u2019\u00e9dition, il a cr\u00e9\u00e9 avec Valeria Sampaolo la collection \u00ab\u00a0Oggetti rari e preziosi al Museo Archeologico Nazionale di Napoli\u00a0\u00bb et la s\u00e9rie \u00ab\u00a0Tr\u00e9sors cach\u00e9s\u00a0\u00bb qui propose les titres suivants\u00a0: <em>La Tasse Farn\u00e8se<\/em>, <em>La<\/em> <em>Mosa\u00efque d\u2019Alexandre<\/em>, <em>Saint Dominique de Niccol\u00f2<\/em> <em>dell\u2019Arca<\/em> et <em>Les Bronzes de Riace<\/em>.<\/p>\n<p><strong>Vittorio Sgarbi<\/strong> est critique d\u2019art, commissaire d\u2019expositions d\u2019envergure internationale, collectionneur raffin\u00e9 et auteur d\u2019ouvrages de vulgarisation consacr\u00e9s au r\u00f4le central de la culture et de l\u2019art. Au nombre de ses publications les plus r\u00e9centes, rappelons <em>Ecce Caravaggio. Da Roberto Longhi a oggi<\/em> (La Nave di Teseo, 2021). Il est aussi un homme politique et un libre penseur.<\/p>\n","protected":false},"excerpt":{"rendered":"<p>Le troisi\u00e8me volume du projet \u00e9ditorial Canova. Quatre Temps, consacr\u00e9 aux pl\u00e2tres d\u2019Antonio Canova conserv\u00e9s par la gypsoth\u00e8que de Possagno, s\u2019ouvre sur l\u2019une des \u0153uvres les plus c\u00e9l\u00e8bres de l\u2019artiste \u00e0 travers le monde\u00a0: le groupe sculpt\u00e9 des Trois Gr\u00e2ces, les trois filles de Zeus, Agla\u00e9, Euphrosyne et Thalie, enlac\u00e9es dans une d\u00e9licate \u00e9treinte. La&hellip;<\/p>\n","protected":false},"featured_media":28241,"template":"","meta":{"_acf_changed":false,"inline_featured_image":false},"product_brand":[],"product_cat":[73],"product_tag":[],"class_list":{"0":"post-28107","1":"product","2":"type-product","3":"status-publish","4":"has-post-thumbnail","6":"product_cat-photographie","7":"disponibilita-si","8":"description-off","10":"first","11":"instock","12":"shipping-taxable","13":"purchasable","14":"product-type-simple"},"acf":[],"_links":{"self":[{"href":"https:\/\/www.fivecontinentseditions.com\/fr\/wp-json\/wp\/v2\/product\/28107","targetHints":{"allow":["GET"]}}],"collection":[{"href":"https:\/\/www.fivecontinentseditions.com\/fr\/wp-json\/wp\/v2\/product"}],"about":[{"href":"https:\/\/www.fivecontinentseditions.com\/fr\/wp-json\/wp\/v2\/types\/product"}],"wp:featuredmedia":[{"embeddable":true,"href":"https:\/\/www.fivecontinentseditions.com\/fr\/wp-json\/wp\/v2\/media\/28241"}],"wp:attachment":[{"href":"https:\/\/www.fivecontinentseditions.com\/fr\/wp-json\/wp\/v2\/media?parent=28107"}],"wp:term":[{"taxonomy":"product_brand","embeddable":true,"href":"https:\/\/www.fivecontinentseditions.com\/fr\/wp-json\/wp\/v2\/product_brand?post=28107"},{"taxonomy":"product_cat","embeddable":true,"href":"https:\/\/www.fivecontinentseditions.com\/fr\/wp-json\/wp\/v2\/product_cat?post=28107"},{"taxonomy":"product_tag","embeddable":true,"href":"https:\/\/www.fivecontinentseditions.com\/fr\/wp-json\/wp\/v2\/product_tag?post=28107"}],"curies":[{"name":"wp","href":"https:\/\/api.w.org\/{rel}","templated":true}]}}