{"id":27941,"date":"2022-11-17T05:00:00","date_gmt":"2022-11-17T05:00:00","guid":{"rendered":"https:\/\/www.fivecontinentseditions.com\/?post_type=product&#038;p=27941"},"modified":"2023-11-22T13:15:25","modified_gmt":"2023-11-22T13:15:25","slug":"passage-de-temoins-pour-luciano-fabro","status":"publish","type":"product","link":"https:\/\/www.fivecontinentseditions.com\/fr\/p\/passage-de-temoins-pour-luciano-fabro\/","title":{"rendered":"Passages de T\u00e9moins pour Luciano Fabro"},"content":{"rendered":"<p>Con\u00e7u et dirig\u00e9 par l\u2019artiste italo-suisse Vivianne van Singer, le volume rend hommage \u00e0 Luciano Fabro, artiste et th\u00e9oricien, l\u2019un des premiers fondateurs du mouvement de l\u2019Arte povera.<\/p>\n<p>Van Singer, qui a aim\u00e9 son \u0153uvre et a collabor\u00e9 avec lui en diverses occasions dans l\u2019\u00e9cole o\u00f9 elle enseignait, revient sur la disparition pr\u00e9matur\u00e9e de Fabro. D\u00e9sireuse d\u2019honorer son travail, elle r\u00e9unit ici des textes, des images, des \u0153uvres d\u2019artistes, de critiques et de directeurs de mus\u00e9e, des protagonistes du monde de l\u2019art et des amis de l\u2019artiste qui ont r\u00e9pondu \u00e0 son invitation en donnant vie \u00e0 une sorte de banquet. Leur contribution a pris la forme d\u2019un texte, d\u2019une image, d\u2019une \u0153uvre, d\u2019une phrase ou d\u2019un mot : une mani\u00e8re pour chacun de donner corps \u00e0 ce que l\u2019on peut appeler un \u00ab passage de t\u00e9moin \u00bb.<\/p>\n<p>Ce livre est n\u00e9 du d\u00e9sir de van Singer de r\u00e9unir autour de la pens\u00e9e de Fabro ce qui en demeure vivant et pr\u00e9sent aujourd\u2019hui, qui permet de perp\u00e9tuer les gestes, la culture et le chemin qu\u2019il avait trac\u00e9s. Il propose de nombreuses illustrations d\u2019\u0153uvres de l\u2019artiste et r\u00e9unit plusieurs de ses \u00e9crits et de ses conf\u00e9rences que van Singer consid\u00e8re d\u2019une grande actualit\u00e9 car, en les relisant, elle les a trouv\u00e9s pr\u00e9monitoires.<\/p>\n<p>Auteurs\u00a0: Luciano Fabro et Giovanni Anselmo, Marie-Laure Bernadac, Stefano Boccalini, Saskia Bos, Jan Braet, Gianni Caravaggio, Davide De Francesco, Thierry de Duve<strong>, <\/strong>Franca Falletti, Rudi Fuchs, Arianna Giorgi, Ve\u0301ronique Goudinoux, Jan Hoet, Arcangelo Izzo, Jacinto Lageira, The\u0301re\u0300se Legierse, Giovanni Lista, Alessandra Lukinovich, Marcello Maloberti, Massimo Minini, Hidetoshi Nagasawa, Maria Nordman, Liliana Moro, Werner \u0152chslin, Giulio Paolini, Margit Rowell, Bernhard Ru\u0308diger, Sarkis, Pascal Schwaighofer, Martin Schwander, Theodora Vischer, Dieter Schwarz, Didier Semin, Daniel Soutif, Ettore Spalletti, Micheline Szwajcer-Tob, Niele Toroni, Luciana Trombetta, Adelina von Fu\u0308rstenberg, Denys Zacharopoulos, Vivianne van Singer.<\/p>\n<p>&nbsp;<\/p>\n<p><strong>Vivianne van Singer<\/strong> partage son temps entre son activit\u00e9 artistique et l\u2019enseignement de l\u2019histoire de l\u2019art contemporain. Le lien \u00e9troit unissant th\u00e9orie et pratique, recherche, cr\u00e9ation et transmission est au c\u0153ur de son existence.<\/p>\n","protected":false},"excerpt":{"rendered":"<p>Con\u00e7u et dirig\u00e9 par l\u2019artiste italo-suisse Vivianne van Singer, le volume rend hommage \u00e0 Luciano Fabro, artiste et th\u00e9oricien, l\u2019un des premiers fondateurs du mouvement de l\u2019Arte povera. Van Singer, qui a aim\u00e9 son \u0153uvre et a collabor\u00e9 avec lui en diverses occasions dans l\u2019\u00e9cole o\u00f9 elle enseignait, revient sur la disparition pr\u00e9matur\u00e9e de Fabro.&hellip;<\/p>\n","protected":false},"featured_media":28141,"template":"","meta":{"_acf_changed":false,"inline_featured_image":false},"product_brand":[],"product_cat":[57],"product_tag":[],"class_list":{"0":"post-27941","1":"product","2":"type-product","3":"status-publish","4":"has-post-thumbnail","6":"product_cat-art-contemporain","7":"disponibilita-si","8":"description-off","10":"first","11":"instock","12":"shipping-taxable","13":"purchasable","14":"product-type-simple"},"acf":[],"_links":{"self":[{"href":"https:\/\/www.fivecontinentseditions.com\/fr\/wp-json\/wp\/v2\/product\/27941","targetHints":{"allow":["GET"]}}],"collection":[{"href":"https:\/\/www.fivecontinentseditions.com\/fr\/wp-json\/wp\/v2\/product"}],"about":[{"href":"https:\/\/www.fivecontinentseditions.com\/fr\/wp-json\/wp\/v2\/types\/product"}],"wp:featuredmedia":[{"embeddable":true,"href":"https:\/\/www.fivecontinentseditions.com\/fr\/wp-json\/wp\/v2\/media\/28141"}],"wp:attachment":[{"href":"https:\/\/www.fivecontinentseditions.com\/fr\/wp-json\/wp\/v2\/media?parent=27941"}],"wp:term":[{"taxonomy":"product_brand","embeddable":true,"href":"https:\/\/www.fivecontinentseditions.com\/fr\/wp-json\/wp\/v2\/product_brand?post=27941"},{"taxonomy":"product_cat","embeddable":true,"href":"https:\/\/www.fivecontinentseditions.com\/fr\/wp-json\/wp\/v2\/product_cat?post=27941"},{"taxonomy":"product_tag","embeddable":true,"href":"https:\/\/www.fivecontinentseditions.com\/fr\/wp-json\/wp\/v2\/product_tag?post=27941"}],"curies":[{"name":"wp","href":"https:\/\/api.w.org\/{rel}","templated":true}]}}