{"id":2776,"date":"2004-12-31T05:00:00","date_gmt":"2004-12-31T05:00:00","guid":{"rendered":"http:\/\/www.fivecontinentseditions.com\/prodotto\/i-giri-del-mondo-2\/"},"modified":"2018-02-07T16:21:55","modified_gmt":"2018-02-07T16:21:55","slug":"i-giri-del-mondo-2","status":"publish","type":"product","link":"https:\/\/www.fivecontinentseditions.com\/fr\/p\/i-giri-del-mondo-2\/","title":{"rendered":"I Giri del Mondo"},"content":{"rendered":"<p>En 2000 Paolo Pellizzari a eu la chance de suivre le Tour de France et il a publi\u00e9 un livre au titre <em>La France du Tour<\/em> (Catleya). Avec le soutien de UCI et des f\u00e9d\u00e9rations cyclistes locales, il a suivi pendant trois ans sur sa motocyclette des tours cyclistes. Ce livre se compose de 90 photographies en couleur de 18 tours cyclistes dans des pays diff\u00e9rents. Qui regarde ces images est frapp\u00e9 par la diversit\u00e9 de paysages et de foule qui t\u00e9moigne de l&rsquo;extraordinaire popularit\u00e9 du cyclisme dans le monde et de son esprit libre.<\/p>\n<p><strong>Paolo Pellizzari<\/strong>, 48 ans, italien, vit en Belgique. Il est ing\u00e9nieur civil et il a obtenu un MBA de l&rsquo;INSEAD en France. Apr\u00e8s une carri\u00e8re dans le monde des affaires, il est devenu photographe \u00e0plein temps. En 2000 il a publi\u00e9 un livre sur le cyclisme, <em>La France en Tour<\/em> (Catleya) et en 2003 un livre sur l&rsquo;Inde, <em>Un milliard d&rsquo;Indiens<\/em>, publi\u00e9 en trois \u00e9ditions (italienne, fran\u00e7aise et anglaise) par 5 Continents Editions.<\/p>\n","protected":false},"excerpt":{"rendered":"<p>En 2000 Paolo Pellizzari a eu la chance de suivre le Tour de France et il a publi\u00e9 un livre au titre La France du Tour (Catleya). Avec le soutien de UCI et des f\u00e9d\u00e9rations cyclistes locales, il a suivi pendant trois ans sur sa motocyclette des tours cyclistes. Ce livre se compose de 90&hellip;<\/p>\n","protected":false},"featured_media":2751,"template":"","meta":{"_acf_changed":false,"inline_featured_image":false},"product_brand":[],"product_cat":[73],"product_tag":[],"class_list":{"0":"post-2776","1":"product","2":"type-product","3":"status-publish","4":"has-post-thumbnail","6":"product_cat-photographie","7":"disponibilita-si","8":"description-off","10":"first","11":"outofstock","12":"shipping-taxable","13":"purchasable","14":"product-type-simple"},"acf":[],"_links":{"self":[{"href":"https:\/\/www.fivecontinentseditions.com\/fr\/wp-json\/wp\/v2\/product\/2776","targetHints":{"allow":["GET"]}}],"collection":[{"href":"https:\/\/www.fivecontinentseditions.com\/fr\/wp-json\/wp\/v2\/product"}],"about":[{"href":"https:\/\/www.fivecontinentseditions.com\/fr\/wp-json\/wp\/v2\/types\/product"}],"wp:featuredmedia":[{"embeddable":true,"href":"https:\/\/www.fivecontinentseditions.com\/fr\/wp-json\/wp\/v2\/media\/2751"}],"wp:attachment":[{"href":"https:\/\/www.fivecontinentseditions.com\/fr\/wp-json\/wp\/v2\/media?parent=2776"}],"wp:term":[{"taxonomy":"product_brand","embeddable":true,"href":"https:\/\/www.fivecontinentseditions.com\/fr\/wp-json\/wp\/v2\/product_brand?post=2776"},{"taxonomy":"product_cat","embeddable":true,"href":"https:\/\/www.fivecontinentseditions.com\/fr\/wp-json\/wp\/v2\/product_cat?post=2776"},{"taxonomy":"product_tag","embeddable":true,"href":"https:\/\/www.fivecontinentseditions.com\/fr\/wp-json\/wp\/v2\/product_tag?post=2776"}],"curies":[{"name":"wp","href":"https:\/\/api.w.org\/{rel}","templated":true}]}}