{"id":27633,"date":"2022-10-20T05:00:00","date_gmt":"2022-10-20T05:00:00","guid":{"rendered":"https:\/\/www.fivecontinentseditions.com\/?post_type=product&#038;p=27633"},"modified":"2023-10-23T09:37:01","modified_gmt":"2023-10-23T09:37:01","slug":"rainbow-paintings-fabienne-verdier","status":"publish","type":"product","link":"https:\/\/www.fivecontinentseditions.com\/fr\/p\/rainbow-paintings-fabienne-verdier\/","title":{"rendered":"Rainbow Paintings Fabienne Verdier"},"content":{"rendered":"<p>L\u2019essai passionnant de Corinna Thierolf porte sur le travail artistique de Fabienne Verdier n\u00e9 de son dialogue visuel et spirituel avec le retable d\u2019Issenheim de Matthias Gr\u00fcnewald (1516), conserv\u00e9 au mus\u00e9e Unterlinden de Colmar. Entre 2019 et 2022, l\u2019artiste a donn\u00e9 vie \u00e0 un ensemble de 78 peintures de grandes dimensions o\u00f9 elle poursuit sa m\u00e9ditation sur la lumi\u00e8re de Gr\u00fcnewald en faisant appel non seulement aux moments significatifs de l\u2019histoire de la science, mais encore aux th\u00e8mes fondamentaux de la culture picturale, orientale comme occidentale, mani\u00e8re d\u2019illustrer la force universelle de l\u2019art.<\/p>\n<p>Le Christ fluctuant, qui vient de se lib\u00e9rer de sa vie terrestre, trouve sa contrepartie dans la lumi\u00e8re \u00e9vanescente des peintures de l\u2019artiste, dont les cercles refl\u00e8tent la forme id\u00e9ale de la sph\u00e8re, et donc du monde, et peuvent \u00eatre appel\u00e9s \u00e0 juste titre \u00ab\u00a0soleils nocturnes\u00a0\u00bb (Jean Paul).<\/p>\n<p>Avec les <em>Rainbow-Paintings<\/em>, Fabienne Verdier \u00e9voque un ph\u00e9nom\u00e8ne naturel, elle raconte le lien entre l\u2019existence et sa disparition, entre la proximit\u00e9 et l\u2019\u00e9loignement, l\u2019\u00e9ternit\u00e9 et l\u2019infini, les mondes visible et invisible. De l\u00e0 surgissent les th\u00e8mes de la vie et de la mort, deux p\u00f4les qui ne sont pas interpr\u00e9t\u00e9s dans une optique antagoniste, mais comme un <em>status<\/em> en perp\u00e9tuelle \u00e9volution. L\u2019artiste montre un tout vital en constante mutation et, par sa force po\u00e9tique, elle rend le vide habitable.<\/p>\n<p>&nbsp;<\/p>\n<p><strong>Corinna Thierolf<\/strong> est historienne de l\u2019art et conservatrice ind\u00e9pendante. Jusqu\u2019en 2020, elle se trouvait \u00e0 la t\u00eate de la collection \u00ab\u00a0Art depuis 1945\u00a0\u00bb de la Bayerische Staatsgem\u00e4ldesammlungen (Collection de peintures de l&rsquo;\u00c9tat de Bavi\u00e8re) \u00e0 Munich. Elle a fa\u00e7onn\u00e9 le visage de la Pinakothek der Moderne pendant plus de vingt-cinq ans gr\u00e2ce \u00e0 de nombreuses expositions et acquisitions, et \u00e0 un travail de conservatrice et d\u2019auteur de publications. Elle est \u00e0 l\u2019origine de la cr\u00e9ation de l&rsquo;<em>International Patrons of the Pinakothek, <\/em>qui a apport\u00e9 son soutien aux K\u00f6nigsklassen, des expositions estivales couronn\u00e9es de succ\u00e8s accueillies dans les salles du ch\u00e2teau de Herrenchiemsee (2013-2019). L\u2019un de ses sujets d\u2019int\u00e9r\u00eat est le rapport entre collections particuli\u00e8res et collections publiques. R\u00e9cemment, elle a organis\u00e9 une exposition consacr\u00e9e \u00e0 Joseph Beuys et Tony Cragg (2021), et a dirig\u00e9 avec Sergio Risaliti et Gerhard Wolf la publication d\u2019un volume d\u00e9di\u00e9 aux \u0153uvres de Wolfgang Laib expos\u00e9es \u00e0 Florence dans des contextes monumentaux.<\/p>\n","protected":false},"excerpt":{"rendered":"<p>L\u2019essai passionnant de Corinna Thierolf porte sur le travail artistique de Fabienne Verdier n\u00e9 de son dialogue visuel et spirituel avec le retable d\u2019Issenheim de Matthias Gr\u00fcnewald (1516), conserv\u00e9 au mus\u00e9e Unterlinden de Colmar. Entre 2019 et 2022, l\u2019artiste a donn\u00e9 vie \u00e0 un ensemble de 78 peintures de grandes dimensions o\u00f9 elle poursuit sa&hellip;<\/p>\n","protected":false},"featured_media":0,"template":"","meta":{"_acf_changed":false,"inline_featured_image":false},"product_brand":[],"product_cat":[57],"product_tag":[],"class_list":{"0":"post-27633","1":"product","2":"type-product","3":"status-publish","5":"product_cat-art-contemporain","6":"disponibilita-si","7":"description-off","9":"first","10":"instock","11":"shipping-taxable","12":"purchasable","13":"product-type-simple"},"acf":[],"_links":{"self":[{"href":"https:\/\/www.fivecontinentseditions.com\/fr\/wp-json\/wp\/v2\/product\/27633","targetHints":{"allow":["GET"]}}],"collection":[{"href":"https:\/\/www.fivecontinentseditions.com\/fr\/wp-json\/wp\/v2\/product"}],"about":[{"href":"https:\/\/www.fivecontinentseditions.com\/fr\/wp-json\/wp\/v2\/types\/product"}],"wp:attachment":[{"href":"https:\/\/www.fivecontinentseditions.com\/fr\/wp-json\/wp\/v2\/media?parent=27633"}],"wp:term":[{"taxonomy":"product_brand","embeddable":true,"href":"https:\/\/www.fivecontinentseditions.com\/fr\/wp-json\/wp\/v2\/product_brand?post=27633"},{"taxonomy":"product_cat","embeddable":true,"href":"https:\/\/www.fivecontinentseditions.com\/fr\/wp-json\/wp\/v2\/product_cat?post=27633"},{"taxonomy":"product_tag","embeddable":true,"href":"https:\/\/www.fivecontinentseditions.com\/fr\/wp-json\/wp\/v2\/product_tag?post=27633"}],"curies":[{"name":"wp","href":"https:\/\/api.w.org\/{rel}","templated":true}]}}