{"id":27630,"date":"2022-10-17T05:00:00","date_gmt":"2022-10-17T05:00:00","guid":{"rendered":"https:\/\/www.fivecontinentseditions.com\/?post_type=product&#038;p=27630"},"modified":"2022-11-16T16:06:11","modified_gmt":"2022-11-16T16:06:11","slug":"classical-antiquities","status":"publish","type":"product","link":"https:\/\/www.fivecontinentseditions.com\/fr\/p\/classical-antiquities\/","title":{"rendered":"Classical Antiquities"},"content":{"rendered":"<p>Ce double volume pr\u00e9sente la collection d\u2019antiquit\u00e9s classiques de la Fondation Gandur, r\u00e9unies au cours d\u2019une quarantaine d\u2019ann\u00e9es par Jean-Claude Gandur dans le respect de la l\u00e9gislation qui r\u00e9glemente le commerce des antiquit\u00e9s\u00a0; elle se distingue par la richesse, la vari\u00e9t\u00e9 et la beaut\u00e9 de ses quelque 400 objets de culture mat\u00e9rielle totalement in\u00e9dits, dont 200 sont examin\u00e9s dans la pr\u00e9sente publication.<\/p>\n<p>Si le premier volume approfondit le th\u00e8me de la religion antique \u00e0 l\u2019aide de repr\u00e9sentations d\u2019idoles, de dieux et de d\u00e9esses, de porteurs d\u2019offrandes, et donc des pratiques et des rites cultuels qui s\u2019y rattachent, le second se concentre sur des objets particuli\u00e8rement raffin\u00e9s, de luxueuses frivolit\u00e9s qualifi\u00e9es d\u00e8s l\u2019Antiquit\u00e9 de <em>delici\u00e6<\/em>.<\/p>\n<p>N\u00e9anmoins, dans les deux cas l\u2019objectif est double\u00a0: d\u2019abord faire conna\u00eetre ces objets \u00e0 un public le plus large possible de sp\u00e9cialistes et de passionn\u00e9s, ensuite permettre \u00e0 ces objets de prendre la parole, c\u2019est-\u00e0-dire de transmettre une connaissance sans cesse plus profonde de th\u00e8mes li\u00e9s \u00e0 l\u2019arch\u00e9ologie, \u00e0 l\u2019histoire des religions, \u00e0 l\u2019iconographie et aux multiples facettes de l\u2019histoire de l\u2019Antiquit\u00e9 et, en particulier, des relations entre l\u2019homme et le monde.<\/p>\n<p>Ces deux volumes, qui interagissent entre eux et constituent un tout, offrent un panorama \u00e9tincelant de l\u2019Antiquit\u00e9 gr\u00e9co-romaine, de l\u2019Italie g\u00e9om\u00e9trique \u00e0 l\u2019Orient romain de l\u2019Empire tardif en passant par la Chypre archa\u00efque, la Gr\u00e8ce classique et l\u2019\u00c9gypte hell\u00e9nistique. Chacun de ces objets, class\u00e9s par th\u00e8me, origine et date, est analys\u00e9 du point de vue typologique et iconographique, avant d\u2019\u00eatre replac\u00e9 dans le contexte historique o\u00f9 il a \u00e9t\u00e9 cr\u00e9\u00e9.<\/p>\n<p>Cet ouvrage est une invitation adress\u00e9e au lecteur pour qu\u2019il prenne part \u00e0 un tr\u00e8s beau voyage en compagnie des dieux et des hommes de la M\u00e9diterran\u00e9e antique.<\/p>\n<p>&nbsp;<\/p>\n<p><strong>Isabelle Tassignon<\/strong> est docteur en arch\u00e9ologie et histoire des religions. Ancien membre de l\u2019\u00c9cole fran\u00e7aise d\u2019Ath\u00e8nes et professeur \u00e0 l\u2019universit\u00e9 de Namur, elle est actuellement conservatrice des collections d\u2019arch\u00e9ologie classique et d\u2019ethnologie de la Fondation Gandur pour l\u2019Art.<\/p>\n<p><strong>Henri Lavagne<\/strong> est titulaire d\u2019un doctorat \u00e8s Lettres. Apr\u00e8s avoir \u00e9t\u00e9 membre de l\u2019\u00c9cole fran\u00e7aise de Rome, il a enseign\u00e9 \u00e0 l\u2019\u00c9cole pratique des hautes \u00e9tudes (Paris-Sorbonne) avant d\u2019\u00eatre nomm\u00e9 \u00e0 l\u2019Institut (Acad\u00e9mie des inscriptions et belles-lettres) en 2006.<\/p>\n","protected":false},"excerpt":{"rendered":"<p>Ce double volume pr\u00e9sente la collection d\u2019antiquit\u00e9s classiques de la Fondation Gandur, r\u00e9unies au cours d\u2019une quarantaine d\u2019ann\u00e9es par Jean-Claude Gandur dans le respect de la l\u00e9gislation qui r\u00e9glemente le commerce des antiquit\u00e9s\u00a0; elle se distingue par la richesse, la vari\u00e9t\u00e9 et la beaut\u00e9 de ses quelque 400 objets de culture mat\u00e9rielle totalement in\u00e9dits, dont&hellip;<\/p>\n","protected":false},"featured_media":28053,"template":"","meta":{"_acf_changed":false,"inline_featured_image":false},"product_brand":[],"product_cat":[47],"product_tag":[],"class_list":{"0":"post-27630","1":"product","2":"type-product","3":"status-publish","4":"has-post-thumbnail","6":"product_cat-archeologie","7":"disponibilita-si","8":"description-off","10":"first","11":"instock","12":"shipping-taxable","13":"purchasable","14":"product-type-simple"},"acf":[],"_links":{"self":[{"href":"https:\/\/www.fivecontinentseditions.com\/fr\/wp-json\/wp\/v2\/product\/27630","targetHints":{"allow":["GET"]}}],"collection":[{"href":"https:\/\/www.fivecontinentseditions.com\/fr\/wp-json\/wp\/v2\/product"}],"about":[{"href":"https:\/\/www.fivecontinentseditions.com\/fr\/wp-json\/wp\/v2\/types\/product"}],"wp:featuredmedia":[{"embeddable":true,"href":"https:\/\/www.fivecontinentseditions.com\/fr\/wp-json\/wp\/v2\/media\/28053"}],"wp:attachment":[{"href":"https:\/\/www.fivecontinentseditions.com\/fr\/wp-json\/wp\/v2\/media?parent=27630"}],"wp:term":[{"taxonomy":"product_brand","embeddable":true,"href":"https:\/\/www.fivecontinentseditions.com\/fr\/wp-json\/wp\/v2\/product_brand?post=27630"},{"taxonomy":"product_cat","embeddable":true,"href":"https:\/\/www.fivecontinentseditions.com\/fr\/wp-json\/wp\/v2\/product_cat?post=27630"},{"taxonomy":"product_tag","embeddable":true,"href":"https:\/\/www.fivecontinentseditions.com\/fr\/wp-json\/wp\/v2\/product_tag?post=27630"}],"curies":[{"name":"wp","href":"https:\/\/api.w.org\/{rel}","templated":true}]}}