{"id":27269,"date":"2022-08-30T05:00:00","date_gmt":"2022-08-30T05:00:00","guid":{"rendered":"https:\/\/www.fivecontinentseditions.com\/?post_type=product&#038;p=27269"},"modified":"2024-04-15T08:33:57","modified_gmt":"2024-04-15T08:33:57","slug":"le-secret-des-couleurs","status":"publish","type":"product","link":"https:\/\/www.fivecontinentseditions.com\/fr\/p\/le-secret-des-couleurs\/","title":{"rendered":"Le secret des couleurs"},"content":{"rendered":"<p>Si notre \u0153il a pris aujourd\u2019hui l\u2019habitude de percevoir une palette infinie de couleurs se d\u00e9ployant sur toutes sortes d\u2019objets, du panneau publicitaire au dessin anim\u00e9 en passant par l\u2019estampe et la photographie, il n\u2019en a pas toujours \u00e9t\u00e9 ainsi. En c\u00e9ramique comme au cin\u00e9ma, la couleur a fait l\u2019objet d\u2019une qu\u00eate, parfois longue et fastidieuse, mais souvent source d\u2019une \u00e9mulation sans pr\u00e9c\u00e9dent.<\/p>\n<p>Cet ouvrage raconte l\u2019histoire tumultueuse de cette qu\u00eate de la couleur sur porcelaine en Chine et en France. Il propose de mettre en regard deux moments phares de l\u2019histoire de la porcelaine caract\u00e9ris\u00e9s par la volont\u00e9 d\u2019\u00e9tendre la palette des \u00e9maux sur porcelaine\u00a0: les tournants du XVIII<sup>e<\/sup> si\u00e8cle en Chine et du XIX<sup>e<\/sup> si\u00e8cle en France. Un premier volet montre le d\u00e9veloppement des \u00e9maux opaques sur porcelaine et sur cuivre au XVIII<sup>e<\/sup> si\u00e8cle \u00e0 travers la tr\u00e8s riche collection de porcelaines imp\u00e9riales d\u2019Alfred Baur, les \u00e9maux de Canton de la Fondation Zoubov et les porcelaines d\u2019exportation du mus\u00e9e Ariana (Gen\u00e8ve). La deuxi\u00e8me partie d\u00e9bute en France au XIX<sup>e<\/sup> si\u00e8cle \u00e0 la manufacture de S\u00e8vres et suit le p\u00e9riple des diff\u00e9rentes missions men\u00e9es en Chine pour en rapporter des \u00e9chantillons de couleur, les analyser chimiquement et les imiter\u00a0; elle se termine par les exp\u00e9rimentations de l\u2019artiste Fance Franck (1927-2008) sur le rouge sacrificiel. Ouvrant sur la p\u00e9riode contemporaine, la derni\u00e8re partie de l\u2019ouvrage interroge le travail sur la couleur du c\u00e9ramiste autrichien Thomas Bohle (n\u00e9 en 1958).<\/p>\n","protected":false},"excerpt":{"rendered":"<p>Si notre \u0153il a pris aujourd\u2019hui l\u2019habitude de percevoir une palette infinie de couleurs se d\u00e9ployant sur toutes sortes d\u2019objets, du panneau publicitaire au dessin anim\u00e9 en passant par l\u2019estampe et la photographie, il n\u2019en a pas toujours \u00e9t\u00e9 ainsi. En c\u00e9ramique comme au cin\u00e9ma, la couleur a fait l\u2019objet d\u2019une qu\u00eate, parfois longue et&hellip;<\/p>\n","protected":false},"featured_media":27353,"template":"","meta":{"_acf_changed":false,"inline_featured_image":false},"product_brand":[],"product_cat":[56,70],"product_tag":[],"class_list":{"0":"post-27269","1":"product","2":"type-product","3":"status-publish","4":"has-post-thumbnail","6":"product_cat-art-asiatique","7":"product_cat-arts-appliques","8":"disponibilita-si","9":"description-off","11":"first","12":"instock","13":"shipping-taxable","14":"purchasable","15":"product-type-simple"},"acf":[],"_links":{"self":[{"href":"https:\/\/www.fivecontinentseditions.com\/fr\/wp-json\/wp\/v2\/product\/27269","targetHints":{"allow":["GET"]}}],"collection":[{"href":"https:\/\/www.fivecontinentseditions.com\/fr\/wp-json\/wp\/v2\/product"}],"about":[{"href":"https:\/\/www.fivecontinentseditions.com\/fr\/wp-json\/wp\/v2\/types\/product"}],"wp:featuredmedia":[{"embeddable":true,"href":"https:\/\/www.fivecontinentseditions.com\/fr\/wp-json\/wp\/v2\/media\/27353"}],"wp:attachment":[{"href":"https:\/\/www.fivecontinentseditions.com\/fr\/wp-json\/wp\/v2\/media?parent=27269"}],"wp:term":[{"taxonomy":"product_brand","embeddable":true,"href":"https:\/\/www.fivecontinentseditions.com\/fr\/wp-json\/wp\/v2\/product_brand?post=27269"},{"taxonomy":"product_cat","embeddable":true,"href":"https:\/\/www.fivecontinentseditions.com\/fr\/wp-json\/wp\/v2\/product_cat?post=27269"},{"taxonomy":"product_tag","embeddable":true,"href":"https:\/\/www.fivecontinentseditions.com\/fr\/wp-json\/wp\/v2\/product_tag?post=27269"}],"curies":[{"name":"wp","href":"https:\/\/api.w.org\/{rel}","templated":true}]}}