{"id":2716,"date":"2004-12-31T05:00:00","date_gmt":"2004-12-31T05:00:00","guid":{"rendered":"http:\/\/www.fivecontinentseditions.com\/prodotto\/passage-europe-2\/"},"modified":"2018-02-07T16:21:51","modified_gmt":"2018-02-07T16:21:51","slug":"passage-europe-2","status":"publish","type":"product","link":"https:\/\/www.fivecontinentseditions.com\/fr\/p\/passage-europe-2\/","title":{"rendered":"Passage Europe"},"content":{"rendered":"<p>L&rsquo;exposition &laquo; Passage Europe &raquo;, qui s&rsquo;est deroul\u00e9e au Mus\u00e9e d&rsquo;art Moderne de Saint-Etienne M\u00e9tropole, a abord\u00e9 la question de la dualit\u00e9 des langages et des visions du monde par la pr\u00e9sentation, d&rsquo;une part, d&rsquo;une s\u00e9lection de strat\u00e9gies esth\u00e9tiques de jeunes artistes contemporains des nouveaux membres de l&rsquo;union qui th\u00e9matisent la situation actuelle de ces pays et participent du discours artistique de notre \u00e9poque, et, d&rsquo;autre part, une s\u00e9lection de grands cr\u00e9ateurs historiques qui influencent la cr\u00e9ation artistique d&rsquo;aujourd&rsquo;hui.<\/p>\n<p>Loin d&rsquo;une simplification et d&rsquo;une r\u00e9duction dangereuse de l&rsquo;art de l&rsquo;Est, l&#39;exposition propose un regard approfondi sur cette &laquo; terra incognita &raquo; que repr\u00e9sente la cr\u00e9ation artistique de cette partie du continent. Structur\u00e9e selon 5 th\u00e8mes l&rsquo;exposition a accueilli une soixantaine d&rsquo;artistes, a propos\u00e9 une vision &laquo; globale-europ\u00e9enne &raquo; nouvelle, refl\u00e9tant la diversit\u00e9 r\u00e9elle de la cr\u00e9ation artistique et soulignant l&rsquo;importance de la d\u00e9termination historique, ethnoculturelle, politique et \u00e9conomique.<\/p>\n<p><strong>Hommage<\/strong><br \/>\nPr\u00e9sentation d&rsquo;&oelig;uvres de grands cr\u00e9ateurs historiques des derni\u00e8res d\u00e9cennies qui repr\u00e9sentent le milieu artistique dans plusieurs centres d&rsquo;Europe centrale et orientale.<br \/>\n<em>Zdenek Sykora, Stanislav Kolibal, Milan Knizak, Simon Hantai, Roman Opalka, Ilya Kabakov, Magdalena Abakanowicz, Josef Jankovic, Dezs\u00f6 Korniss, Jiri Kolar<\/em><\/p>\n<p><strong>Carrefour<\/strong><br \/>\nCes artistes vivent entre leur pays d&rsquo;origine et la France et participent activement \u00e0 la vie culturelle de leur terre natale.<br \/>\n<em>Braco Dimitrievic, Marina Abramovic, Ari Sala, Michael Milunovic, Kalin Dan, Danica Dakic, Maja Bajevic<\/em><\/p>\n<p><strong>Discours<\/strong><br \/>\nPr\u00e9sentation d&rsquo;&oelig;uvres de jeunes artistes t\u00e9moins, \u00e0travers leur production artistique, des changements intervenus dans leurs pays.<br \/>\n<em>SubReal, Alma Suljevic, Zbigniew Libera, Milica Tomic, Rosa El-Hassan, Anur, Ivana Keser, Ilona Nemeth, Irwin, Jiri Suruvka, Uros Duric, Oleg Kulig, Dan Perjovschi, Gordana Andelic-Galic<\/em><\/p>\n<p><strong>Nomade<\/strong><br \/>\nEn voyage perp\u00e9tuel, l&rsquo;&oelig;uvre des ces artistes en est forc\u00e9ment impr\u00e9gn\u00e9e.<br \/>\n<em>Nebojsa Seric-Soba, Jusuf Hadzifejzovic, Renata Poljak, Akos Birkas, Jiri Georg Dokoupil, Marjetica Potrc, Dean Jokanovic-Toumin<\/em><\/p>\n<p><strong>Insula<\/strong><br \/>\nArtistes po\u00e8tes, mystiques, \u00e9sot\u00e9riques, hors des temps des styles et des modes.<br \/>\n<em>Karel Malich, Karel Bostik, Tamas Hencze, Goran Petercol, Gyorgy Jovanovics, Miroslav Balka<\/em><\/p>\n","protected":false},"excerpt":{"rendered":"<p>L&rsquo;exposition &laquo; Passage Europe &raquo;, qui s&rsquo;est deroul\u00e9e au Mus\u00e9e d&rsquo;art Moderne de Saint-Etienne M\u00e9tropole, a abord\u00e9 la question de la dualit\u00e9 des langages et des visions du monde par la pr\u00e9sentation, d&rsquo;une part, d&rsquo;une s\u00e9lection de strat\u00e9gies esth\u00e9tiques de jeunes artistes contemporains des nouveaux membres de l&rsquo;union qui th\u00e9matisent la situation actuelle de ces&hellip;<\/p>\n","protected":false},"featured_media":2691,"template":"","meta":{"_acf_changed":false,"inline_featured_image":false},"product_brand":[],"product_cat":[57],"product_tag":[],"class_list":{"0":"post-2716","1":"product","2":"type-product","3":"status-publish","4":"has-post-thumbnail","6":"product_cat-art-contemporain","7":"disponibilita-si","8":"description-off","10":"first","11":"instock","12":"shipping-taxable","13":"purchasable","14":"product-type-simple"},"acf":[],"_links":{"self":[{"href":"https:\/\/www.fivecontinentseditions.com\/fr\/wp-json\/wp\/v2\/product\/2716","targetHints":{"allow":["GET"]}}],"collection":[{"href":"https:\/\/www.fivecontinentseditions.com\/fr\/wp-json\/wp\/v2\/product"}],"about":[{"href":"https:\/\/www.fivecontinentseditions.com\/fr\/wp-json\/wp\/v2\/types\/product"}],"wp:featuredmedia":[{"embeddable":true,"href":"https:\/\/www.fivecontinentseditions.com\/fr\/wp-json\/wp\/v2\/media\/2691"}],"wp:attachment":[{"href":"https:\/\/www.fivecontinentseditions.com\/fr\/wp-json\/wp\/v2\/media?parent=2716"}],"wp:term":[{"taxonomy":"product_brand","embeddable":true,"href":"https:\/\/www.fivecontinentseditions.com\/fr\/wp-json\/wp\/v2\/product_brand?post=2716"},{"taxonomy":"product_cat","embeddable":true,"href":"https:\/\/www.fivecontinentseditions.com\/fr\/wp-json\/wp\/v2\/product_cat?post=2716"},{"taxonomy":"product_tag","embeddable":true,"href":"https:\/\/www.fivecontinentseditions.com\/fr\/wp-json\/wp\/v2\/product_tag?post=2716"}],"curies":[{"name":"wp","href":"https:\/\/api.w.org\/{rel}","templated":true}]}}