{"id":27128,"date":"2022-07-21T05:00:00","date_gmt":"2022-07-21T05:00:00","guid":{"rendered":"https:\/\/www.fivecontinentseditions.com\/?post_type=product&#038;p=27128"},"modified":"2024-10-10T16:11:53","modified_gmt":"2024-10-10T16:11:53","slug":"the-riace-bronzes","status":"publish","type":"product","link":"https:\/\/www.fivecontinentseditions.com\/fr\/p\/the-riace-bronzes\/","title":{"rendered":"The Riace Bronzes"},"content":{"rendered":"<p>Le quatri\u00e8me volume de la collection \u00ab\u00a0Tr\u00e9sors cach\u00e9s\u00a0\u00bb est consacr\u00e9 aux bronzes de Riace, deux des tr\u00e8s rares statues originales qui ont surv\u00e9cu \u00e0 l\u2019Antiquit\u00e9, aujourd\u2019hui conserv\u00e9s au Museo Archeologico Nazionale de Reggio Calabria. La publication, qui voit le jo<a class=\"wp-first-item current\" href=\"https:\/\/www.fivecontinentseditions.com\/wp-admin\/edit.php?post_type=product\" aria-current=\"page\">Tous les produits<\/a>ur \u00e0 l\u2019occasion du cinquantenaire de leur d\u00e9couverte, fait dialoguer l\u2019enqu\u00eate photographique de Luigi Spina avec les textes de Carmelo Malacrino.<\/p>\n<p>Le photographe Spina d\u00e9veloppe un r\u00e9cit continu qui propose une comparaison directe des deux sculptures, nomm\u00e9es A et B, en mettant en lumi\u00e8re la lecture corporelle des sujets et la tridimensionnalit\u00e9 de leurs corps en bronze, souvent masqu\u00e9e par le caract\u00e8re bidimensionnel des images photographiques.<\/p>\n<p>Carmelo Malacrino analyse les c\u00e9l\u00e8bres chefs-d\u2019\u0153uvre du V<sup>e<\/sup> si\u00e8cle avant J.-C. sous l\u2019angle de l\u2019\u0153uvre d\u2019art antique et sous celui de leur signification dans la culture contemporaine. Il retrace l\u2019aventure des bronzes \u00e0 partir de leur d\u00e9couverte en ao\u00fbt 1972, d\u00e9taillant les circonstances de leur r\u00e9cup\u00e9ration, de leur restauration et de leurs expositions, ainsi que leur effet sur le public national et international. Une importance tout aussi grande est accord\u00e9e \u00e0 la relecture des deux statues, de leur contextualisation au sein de l\u2019art grec aux questions stylistiques qu\u2019elles soul\u00e8vent, et \u00e0 une r\u00e9flexion sur les pratiques et les savoirs des ateliers de sculpture classique.<\/p>\n<p>Cet ouvrage surprendra les amoureux de statuaire classique, les passionn\u00e9s d\u2019arch\u00e9ologie, et tous ceux qui ne se contentent pas d\u2019un regard fugace lorsqu\u2019ils admirent une \u0153uvre d\u2019art.<\/p>\n<p>&nbsp;<\/p>\n<p><strong>Luigi Spina<\/strong> est photographe. Sa recherche visuelle d\u00e9bute avec une s\u00e9rie de photographies consacr\u00e9es aux amphith\u00e9\u00e2tres et au sens civique du sacr\u00e9, aux liens entre l\u2019art et la foi, \u00e0 la recherche d\u2019identit\u00e9s culturelles, \u00e0 la confrontation physique avec la sculpture classique. Avec 5 Continents Editions il a publi\u00e9 <em>The Buchner Boxes<\/em> (2014), <em>Hemba<\/em> (2017) et <em>Diario Mitico<\/em> (2017). Avec cette m\u00eame maison d\u2019\u00e9dition, il a inaugur\u00e9 la collection \u00ab\u00a0Tr\u00e9sors cach\u00e9s\u00a0\u00bb, qui propose les titres suivants\u00a0: <em>Vase Farn\u00e8se<\/em>, <em>Mosa\u00efque d\u2019Alexandre<\/em>, <em>Saint Dominique<\/em> <em>de Niccol\u00f2 dell\u2019Arca<\/em>.<\/p>\n<p><strong>Carmelo Malacrino<\/strong> dirige le Museo Archeologico Nazionale de Reggio Calabria depuis 2015. Il a exerc\u00e9 les fonctions d\u2019enseignant-chercheur aupr\u00e8s de l\u2019universit\u00e9 Mediterranea de Reggio Calabria et de chercheur \u00e0 l\u2019universit\u00e9 IUAV de Venise. Auteur de nombreuses publications scientifiques, il a \u00e0 son actif diverses missions d\u2019\u00e9tudes et plusieurs expositions.<\/p>\n<p><strong>Riccardo Di Cesare<\/strong> est professeur d\u2019arch\u00e9ologie classique et m\u00e9diterran\u00e9enne, il enseigne \u00e0 l\u2019universit\u00e9 de Foggia. Il a \u00e9t\u00e9 \u00e9l\u00e8ve de l\u2019\u00c9cole arch\u00e9ologique italienne d\u2019Ath\u00e8nes et de l\u2019\u00c9cole sup\u00e9rieure d\u2019\u00e9tudes historiques de Saint-Marin. Ses recherches portent sur l\u2019arch\u00e9ologie et les cultures artistiques des mondes grec et romain auxquelles il a consacr\u00e9 nombre d\u2019essais et d\u2019ouvrages. Il dirige les fouilles men\u00e9es par l\u2019universit\u00e9 de Foggia et par l\u2019\u00c9cole arch\u00e9ologique italienne d\u2019Ath\u00e8nes en Italie (site d\u2019Alba Fucens) et en Gr\u00e8ce (site d\u2019H\u00e9phaistia sur l\u2019\u00eele de Lemnos).<\/p>\n","protected":false},"excerpt":{"rendered":"<p>Le quatri\u00e8me volume de la collection \u00ab\u00a0Tr\u00e9sors cach\u00e9s\u00a0\u00bb est consacr\u00e9 aux bronzes de Riace, deux des tr\u00e8s rares statues originales qui ont surv\u00e9cu \u00e0 l\u2019Antiquit\u00e9, aujourd\u2019hui conserv\u00e9s au Museo Archeologico Nazionale de Reggio Calabria. La publication, qui voit le joTous les produitsur \u00e0 l\u2019occasion du cinquantenaire de leur d\u00e9couverte, fait dialoguer l\u2019enqu\u00eate photographique de Luigi&hellip;<\/p>\n","protected":false},"featured_media":27204,"template":"","meta":{"_acf_changed":false,"inline_featured_image":false},"product_brand":[],"product_cat":[47,73],"product_tag":[],"class_list":{"0":"post-27128","1":"product","2":"type-product","3":"status-publish","4":"has-post-thumbnail","6":"product_cat-archeologie","7":"product_cat-photographie","8":"disponibilita-si","9":"description-off","11":"first","12":"instock","13":"shipping-taxable","14":"purchasable","15":"product-type-simple"},"acf":[],"_links":{"self":[{"href":"https:\/\/www.fivecontinentseditions.com\/fr\/wp-json\/wp\/v2\/product\/27128","targetHints":{"allow":["GET"]}}],"collection":[{"href":"https:\/\/www.fivecontinentseditions.com\/fr\/wp-json\/wp\/v2\/product"}],"about":[{"href":"https:\/\/www.fivecontinentseditions.com\/fr\/wp-json\/wp\/v2\/types\/product"}],"wp:featuredmedia":[{"embeddable":true,"href":"https:\/\/www.fivecontinentseditions.com\/fr\/wp-json\/wp\/v2\/media\/27204"}],"wp:attachment":[{"href":"https:\/\/www.fivecontinentseditions.com\/fr\/wp-json\/wp\/v2\/media?parent=27128"}],"wp:term":[{"taxonomy":"product_brand","embeddable":true,"href":"https:\/\/www.fivecontinentseditions.com\/fr\/wp-json\/wp\/v2\/product_brand?post=27128"},{"taxonomy":"product_cat","embeddable":true,"href":"https:\/\/www.fivecontinentseditions.com\/fr\/wp-json\/wp\/v2\/product_cat?post=27128"},{"taxonomy":"product_tag","embeddable":true,"href":"https:\/\/www.fivecontinentseditions.com\/fr\/wp-json\/wp\/v2\/product_tag?post=27128"}],"curies":[{"name":"wp","href":"https:\/\/api.w.org\/{rel}","templated":true}]}}