{"id":27116,"date":"2022-07-21T05:00:00","date_gmt":"2022-07-21T05:00:00","guid":{"rendered":"https:\/\/www.fivecontinentseditions.com\/?post_type=product&#038;p=27116"},"modified":"2022-09-22T14:09:55","modified_gmt":"2022-09-22T14:09:55","slug":"photomachinees-2","status":"publish","type":"product","link":"https:\/\/www.fivecontinentseditions.com\/fr\/p\/photomachinees-2\/","title":{"rendered":"Photomachin\u00e9es"},"content":{"rendered":"<p>\u00ab\u00a0L\u2019art ne vient pas coucher dans les lits qu\u2019on a faits pour lui\u00a0; il se sauve aussit\u00f4t qu\u2019on prononce son nom. Ce qu\u2019il aime, c\u2019est l\u2019incognito [&#8230;].\u00a0\u00bb<\/p>\n<p>La c\u00e9l\u00e8bre phrase de Jean Dubuffet revient suffisamment souvent pour que toute personne qui s&rsquo;int\u00e9resse \u00e0 l\u2019Art brut l\u2019ait en t\u00eate. Clair et sans concession, cet appel \u00e0 la prospection offre \u00e0 celui qui l&rsquo;entend des indices pour d\u00e9couvrir ce qui est suffisamment proche de soi pour ne pas \u00eatre consid\u00e9r\u00e9 et suffisamment loin des lieux d\u2019exposition pour ne pas \u00eatre vu.<\/p>\n<p>L\u2019incognito que l\u2019on croise r\u00e9guli\u00e8rement sur les march\u00e9s aux puces et chez les brocanteurs se trouve ici dans les photographies de famille. Dans cette masse indomptable de souvenirs vou\u00e9s \u00e0 l\u2019oubli se d\u00e9couvrent des formes qui ne sont ni tout \u00e0 fait des photographies ni tout \u00e0 fait des objets. Ces petits f\u00e9tiches, charg\u00e9s d\u2019affects, n&rsquo;ont jamais eu vocation \u00e0 \u00eatre expos\u00e9s. Les collectionneurs les appellent les <em>photomachin\u00e9es<\/em>.<\/p>\n<p>\u00c0 force de patience et de recherches, ils ont constitu\u00e9 un ensemble allant du simple d\u00e9coupage jusqu&rsquo;\u00e0 des mises en sc\u00e8nes plus complexes o\u00f9 les photographies initiales s\u2019inscrivent alors dans une autre histoire. R\u00e9alis\u00e9es \u00e0 partir de la fin du XIX<sup>e<\/sup>\u00a0si\u00e8cle, ces cr\u00e9ations disparaissent en m\u00eame temps que la photographie papier et l&rsquo;arriv\u00e9e du num\u00e9rique. En collectionnant ces photomachin\u00e9es, ils ont constat\u00e9 des similitudes qui, ind\u00e9pendamment de leur origine g\u00e9ographique et de leur \u00e9poque de production, finissent par constituer des ensembles homog\u00e8nes\u00a0: <em>photorejet\u00e9es, photorescap\u00e9es, photocaviard\u00e9es, photoencadr\u00e9es, photoador\u00e9es\u2026<\/em><\/p>\n<p>\u00c0 la suite de leur rencontre en 2017, Antoine Gentil et Lucas Reitalov ont commenc\u00e9 ensemble une collection de photos de famille qui aujourd\u2019hui compte plusieurs dizaines de milliers de tirages et quelques centaines de <em>photomachin\u00e9es<\/em> pr\u00e9sent\u00e9es dans cet ouvrage.<\/p>\n<p><em>\u00a0<\/em><\/p>\n<p><strong>Antoine Gentil<\/strong>, 35 ans, commissaire d\u2019exposition et auteur, passionn\u00e9 par l\u2019Art brut, il expose au 57 bis, dans une \u00e9choppe de v\u00eatements d\u2019occasion situ\u00e9e dans le quartier de Pigalle, des artistes plus ou moins connus. Son fil conducteur est la recherche du suc de l\u2019art.<\/p>\n<p><strong>Lucas Reitalov<\/strong>, 53 ans, d\u2019Amsterdam. Amateur d\u2019art et collectionneur, il se passionne pour les \u0153uvres qui ne sont pas \u00e0 la mode. Des lettristes aux feuilles de ch\u00eane ajour\u00e9es par les Poilus, en passant par les V\u00e9nus de Al Hansen, l\u2019art populaire et l\u2019Art brut, ses collections sont multiples.<\/p>\n","protected":false},"excerpt":{"rendered":"<p>\u00ab\u00a0L\u2019art ne vient pas coucher dans les lits qu\u2019on a faits pour lui\u00a0; il se sauve aussit\u00f4t qu\u2019on prononce son nom. Ce qu\u2019il aime, c\u2019est l\u2019incognito [&#8230;].\u00a0\u00bb La c\u00e9l\u00e8bre phrase de Jean Dubuffet revient suffisamment souvent pour que toute personne qui s&rsquo;int\u00e9resse \u00e0 l\u2019Art brut l\u2019ait en t\u00eate. Clair et sans concession, cet appel \u00e0&hellip;<\/p>\n","protected":false},"featured_media":27471,"template":"","meta":{"_acf_changed":false,"inline_featured_image":false},"product_brand":[],"product_cat":[49],"product_tag":[],"class_list":{"0":"post-27116","1":"product","2":"type-product","3":"status-publish","4":"has-post-thumbnail","6":"product_cat-art-brut-fr","7":"disponibilita-si","8":"description-off","10":"first","11":"instock","12":"shipping-taxable","13":"purchasable","14":"product-type-simple"},"acf":[],"_links":{"self":[{"href":"https:\/\/www.fivecontinentseditions.com\/fr\/wp-json\/wp\/v2\/product\/27116","targetHints":{"allow":["GET"]}}],"collection":[{"href":"https:\/\/www.fivecontinentseditions.com\/fr\/wp-json\/wp\/v2\/product"}],"about":[{"href":"https:\/\/www.fivecontinentseditions.com\/fr\/wp-json\/wp\/v2\/types\/product"}],"wp:featuredmedia":[{"embeddable":true,"href":"https:\/\/www.fivecontinentseditions.com\/fr\/wp-json\/wp\/v2\/media\/27471"}],"wp:attachment":[{"href":"https:\/\/www.fivecontinentseditions.com\/fr\/wp-json\/wp\/v2\/media?parent=27116"}],"wp:term":[{"taxonomy":"product_brand","embeddable":true,"href":"https:\/\/www.fivecontinentseditions.com\/fr\/wp-json\/wp\/v2\/product_brand?post=27116"},{"taxonomy":"product_cat","embeddable":true,"href":"https:\/\/www.fivecontinentseditions.com\/fr\/wp-json\/wp\/v2\/product_cat?post=27116"},{"taxonomy":"product_tag","embeddable":true,"href":"https:\/\/www.fivecontinentseditions.com\/fr\/wp-json\/wp\/v2\/product_tag?post=27116"}],"curies":[{"name":"wp","href":"https:\/\/api.w.org\/{rel}","templated":true}]}}