{"id":27109,"date":"2022-07-11T05:00:00","date_gmt":"2022-07-11T05:00:00","guid":{"rendered":"https:\/\/www.fivecontinentseditions.com\/?post_type=product&#038;p=27109"},"modified":"2024-05-06T16:49:06","modified_gmt":"2024-05-06T16:49:06","slug":"la-statuaire-des-bari-du-haut-nil","status":"publish","type":"product","link":"https:\/\/www.fivecontinentseditions.com\/fr\/p\/la-statuaire-des-bari-du-haut-nil\/","title":{"rendered":"La statuaire des Bari du Haut Nil"},"content":{"rendered":"<p>Unique en son genre, ce volume entend \u00eatre une r\u00e9f\u00e9rence pour le lecteur \u2013 \u00e9rudit, passionn\u00e9 ou simple curieux \u2013 en mati\u00e8re de statuaire bari. La majeure partie de celle qui nous est connue est aujourd\u2019hui conserv\u00e9e dans des institutions mus\u00e9ales internationales\u00a0; aussi, des soixante-quatre pi\u00e8ces pr\u00e9sent\u00e9es dans cet ouvrage, seules six appartiennent \u00e0 des collectionneurs particuliers. Ces statuettes en bois, qui ne mesurent pas plus de cinquante centim\u00e8tres de haut, n\u2019\u00e9taient pas des idoles v\u00e9n\u00e9r\u00e9es par leurs propri\u00e9taires, mais avaient \u2013\u00a0selon toute probabilit\u00e9\u00a0\u2013 une fonction comparable \u00e0 celle d\u2019esprits tut\u00e9laires de la maison et de la famille.<\/p>\n<p>Jean-Baptiste Sevette, l\u2019un des rares sp\u00e9cialistes de la culture mat\u00e9rielle du Soudan, Dominik Remondino, historien de l\u2019art sp\u00e9cialis\u00e9 en cultures africaines, et Bertrand Goy, fin connaisseur de l\u2019histoire des arts premiers et auteur de l\u2019introduction, dressent un \u00e9tat de l\u2019art de ces objets. Non seulement ils approfondissent les aspects relatifs \u00e0 la culture mat\u00e9rielle et aux particularit\u00e9s de cette production artistique, mais ils fournissent un vaste panorama des exp\u00e9ditions \u00e9gyptiennes au Soudan, de la fondation de Khartoum en 1821 et des premiers contacts nou\u00e9s entre les Occidentaux et la population bari, non sans d\u00e9finir les figures cl\u00e9s des collections naissantes d\u2019objets ethnographiques soudanais.<\/p>\n<p>&nbsp;<\/p>\n<p><strong>Jean-Baptiste Sevette<\/strong>, apr\u00e8s avoir \u00e9t\u00e9 actif comme photographe \u00e0 T\u00e9h\u00e9ran entre 1964 et 1967, travaille pour la Mission arch\u00e9ologique suisse au Soudan de 1967 \u00e0 1982, sous la direction du professeur Charles Bonnet. En 2006, il publie un livre photographique\u00a0: <em>Bil\u00e2d-Al-Soudan\u00a0\u2013 Les p\u00e2tres du Nil Blanc<\/em>. Pendant toutes ces ann\u00e9es, il n\u2019a cess\u00e9 de photographier le quotidien des Soudanais, t\u00e9moin d\u2019un pass\u00e9 r\u00e9volu.<\/p>\n<p><strong>Dominik Remondino<\/strong>, fils de parents architectes, a grandi dans un pays de l\u2019Afrique des Grands Lacs, le Burundi, o\u00f9 il a \u00e9t\u00e9 sensibilis\u00e9 d\u00e8s son plus jeune \u00e2ge \u00e0 la culture mat\u00e9rielle et immat\u00e9rielle ainsi qu\u2019\u00e0 l\u2019histoire de cette Afrique orientale. Il fera des \u00e9tudes d\u2019histoire de l\u2019art et d\u2019histoire \u00e0 Gen\u00e8ve, se sp\u00e9cialisera dans l\u2019art m\u00e9di\u00e9val europ\u00e9en, mais restera toujours un passionn\u00e9 d\u2019art africain et d\u2019arts premiers en g\u00e9n\u00e9ral.<\/p>\n","protected":false},"excerpt":{"rendered":"<p>Unique en son genre, ce volume entend \u00eatre une r\u00e9f\u00e9rence pour le lecteur \u2013 \u00e9rudit, passionn\u00e9 ou simple curieux \u2013 en mati\u00e8re de statuaire bari. La majeure partie de celle qui nous est connue est aujourd\u2019hui conserv\u00e9e dans des institutions mus\u00e9ales internationales\u00a0; aussi, des soixante-quatre pi\u00e8ces pr\u00e9sent\u00e9es dans cet ouvrage, seules six appartiennent \u00e0 des&hellip;<\/p>\n","protected":false},"featured_media":27307,"template":"","meta":{"_acf_changed":false,"inline_featured_image":false},"product_brand":[],"product_cat":[54],"product_tag":[],"class_list":{"0":"post-27109","1":"product","2":"type-product","3":"status-publish","4":"has-post-thumbnail","6":"product_cat-art-africain","7":"disponibilita-si","8":"description-off","10":"first","11":"instock","12":"shipping-taxable","13":"purchasable","14":"product-type-simple"},"acf":[],"_links":{"self":[{"href":"https:\/\/www.fivecontinentseditions.com\/fr\/wp-json\/wp\/v2\/product\/27109","targetHints":{"allow":["GET"]}}],"collection":[{"href":"https:\/\/www.fivecontinentseditions.com\/fr\/wp-json\/wp\/v2\/product"}],"about":[{"href":"https:\/\/www.fivecontinentseditions.com\/fr\/wp-json\/wp\/v2\/types\/product"}],"wp:featuredmedia":[{"embeddable":true,"href":"https:\/\/www.fivecontinentseditions.com\/fr\/wp-json\/wp\/v2\/media\/27307"}],"wp:attachment":[{"href":"https:\/\/www.fivecontinentseditions.com\/fr\/wp-json\/wp\/v2\/media?parent=27109"}],"wp:term":[{"taxonomy":"product_brand","embeddable":true,"href":"https:\/\/www.fivecontinentseditions.com\/fr\/wp-json\/wp\/v2\/product_brand?post=27109"},{"taxonomy":"product_cat","embeddable":true,"href":"https:\/\/www.fivecontinentseditions.com\/fr\/wp-json\/wp\/v2\/product_cat?post=27109"},{"taxonomy":"product_tag","embeddable":true,"href":"https:\/\/www.fivecontinentseditions.com\/fr\/wp-json\/wp\/v2\/product_tag?post=27109"}],"curies":[{"name":"wp","href":"https:\/\/api.w.org\/{rel}","templated":true}]}}