{"id":26885,"date":"2022-05-11T05:00:00","date_gmt":"2022-05-11T05:00:00","guid":{"rendered":"https:\/\/www.fivecontinentseditions.com\/?post_type=product&#038;p=26885"},"modified":"2023-03-14T17:46:18","modified_gmt":"2023-03-14T17:46:18","slug":"moliere-en-costumes","status":"publish","type":"product","link":"https:\/\/www.fivecontinentseditions.com\/fr\/p\/moliere-en-costumes\/","title":{"rendered":"Moli\u00e8re en costumes"},"content":{"rendered":"<p>Richement illustr\u00e9, ce volume constitue une v\u00e9ritable surprise pour les yeux du lecteur qui se prom\u00e8ne dans les diff\u00e9rentes sections du livre destin\u00e9 \u00e0 f\u00eater le 400<sup>e<\/sup> anniversaire de la naissance du c\u00e9l\u00e8bre auteur, acteur et dramaturge que fut Moli\u00e8re.<\/p>\n<p>Quelque 150 costumes de th\u00e9\u00e2tre et une collection de croquis et de photographies constituent l\u2019important apparat iconographique de l\u2019ouvrage et mettent en lumi\u00e8re les diff\u00e9rents th\u00e8mes liant Moli\u00e8re au costume de sc\u00e8ne. S\u00e9lectionn\u00e9s pour leur caract\u00e8re singulier ou embl\u00e9matique d\u2019un metteur en sc\u00e8ne \u2013 <em>Dom Juan<\/em> de Louis Jouvet, <em>Dandin<\/em> de Roger Planchon ou <em>Le Malade imaginaire<\/em> de Jean-Marie Vill\u00e9gier \u2013 ou d\u2019un costumier comme Christian B\u00e9rard, Suzanne Lalique ou Patrice Cauchetier, les costumes sont aussi le reflet de tendances particuli\u00e8res\u00a0: reconstitution historique, \u00e9cho de la mode d\u2019une \u00e9poque ou transposition historique, ou encore fruit de l\u2019imaginaire d\u2019un designer.<\/p>\n<p>Aux \u0153uvres et aux costumes dont la plupart proviennent des collections du Centre national du costume de sc\u00e8ne de Moulins, de la Com\u00e9die-Fran\u00e7aise et du d\u00e9partement des Arts du spectacle de la Biblioth\u00e8que nationale de France, s\u2019ajoutent les pr\u00eats de th\u00e9\u00e2tres, de compagnies ou d\u2019institutions culturelles comme le Th\u00e9\u00e2tre national populaire de Villeurbanne et la Maison Jean Vilar.<\/p>\n<p>Le volume accompagne la grande exposition intitul\u00e9e \u00ab\u00a0Moli\u00e8re en costumes\u00a0\u00bb organis\u00e9e par le Centre national du costume de sc\u00e8ne de Moulins, qui se tiendra du 26 mai au 6 novembre 2022.<\/p>\n<p>&nbsp;<\/p>\n<p><strong>V\u00e9ronique Meunier<\/strong> est conservatrice g\u00e9n\u00e9rale des biblioth\u00e8ques au d\u00e9partement des Arts du spectacle de la Biblioth\u00e8que nationale de France. Elle est membre du bureau de la SIBMAS (Soci\u00e9t\u00e9 internationale des biblioth\u00e8ques, des mus\u00e9es, archives et centres de documentation des arts du spectacle).<\/p>\n","protected":false},"excerpt":{"rendered":"<p>Richement illustr\u00e9, ce volume constitue une v\u00e9ritable surprise pour les yeux du lecteur qui se prom\u00e8ne dans les diff\u00e9rentes sections du livre destin\u00e9 \u00e0 f\u00eater le 400e anniversaire de la naissance du c\u00e9l\u00e8bre auteur, acteur et dramaturge que fut Moli\u00e8re. Quelque 150 costumes de th\u00e9\u00e2tre et une collection de croquis et de photographies constituent l\u2019important&hellip;<\/p>\n","protected":false},"featured_media":26896,"template":"","meta":{"_acf_changed":false,"inline_featured_image":false},"product_brand":[],"product_cat":[70],"product_tag":[],"class_list":{"0":"post-26885","1":"product","2":"type-product","3":"status-publish","4":"has-post-thumbnail","6":"product_cat-arts-appliques","7":"disponibilita-si","8":"description-off","10":"first","11":"instock","12":"shipping-taxable","13":"purchasable","14":"product-type-simple"},"acf":[],"_links":{"self":[{"href":"https:\/\/www.fivecontinentseditions.com\/fr\/wp-json\/wp\/v2\/product\/26885","targetHints":{"allow":["GET"]}}],"collection":[{"href":"https:\/\/www.fivecontinentseditions.com\/fr\/wp-json\/wp\/v2\/product"}],"about":[{"href":"https:\/\/www.fivecontinentseditions.com\/fr\/wp-json\/wp\/v2\/types\/product"}],"wp:featuredmedia":[{"embeddable":true,"href":"https:\/\/www.fivecontinentseditions.com\/fr\/wp-json\/wp\/v2\/media\/26896"}],"wp:attachment":[{"href":"https:\/\/www.fivecontinentseditions.com\/fr\/wp-json\/wp\/v2\/media?parent=26885"}],"wp:term":[{"taxonomy":"product_brand","embeddable":true,"href":"https:\/\/www.fivecontinentseditions.com\/fr\/wp-json\/wp\/v2\/product_brand?post=26885"},{"taxonomy":"product_cat","embeddable":true,"href":"https:\/\/www.fivecontinentseditions.com\/fr\/wp-json\/wp\/v2\/product_cat?post=26885"},{"taxonomy":"product_tag","embeddable":true,"href":"https:\/\/www.fivecontinentseditions.com\/fr\/wp-json\/wp\/v2\/product_tag?post=26885"}],"curies":[{"name":"wp","href":"https:\/\/api.w.org\/{rel}","templated":true}]}}