{"id":26634,"date":"2022-02-24T05:00:00","date_gmt":"2022-02-24T05:00:00","guid":{"rendered":"https:\/\/www.fivecontinentseditions.com\/?post_type=product&#038;p=26634"},"modified":"2022-03-03T11:52:30","modified_gmt":"2022-03-03T11:52:30","slug":"maria-lai-2","status":"publish","type":"product","link":"https:\/\/www.fivecontinentseditions.com\/fr\/p\/maria-lai-2\/","title":{"rendered":"MARIA LAI"},"content":{"rendered":"<p>L\u2019univers artistique de Maria Lai est fortement empreint de l\u2019influence r\u00e9ciproque des spiritualit\u00e9s la\u00efque et religieuse, tout en silence. Les <em>Cr\u00e8ches<\/em> et les <em>Chemins de croix<\/em> pr\u00e9sent\u00e9s dans les pages de ce volume mettent en lumi\u00e8re, une fois encore, la mani\u00e8re dont le \u00ab\u00a0faire art\u00a0\u00bb, pour Maria Lai, doit r\u00e9pondre aux exigences et aux demandes concr\u00e8tes et fondamentales de l\u2019homme, \u00e0 un besoin de recherche qui part d\u2019abord de son intimit\u00e9.<\/p>\n<p>Aux \u0153uvres illustrant sa r\u00e9\u00e9criture de l\u2019histoire sainte s\u2019opposent les dessins o\u00f9, \u00e0 l\u2019aide de traits aussi essentiels que d\u00e9cisifs, l\u2019artiste retrace la culture locale et le quotidien domestique. Pour Maria Lai, l\u2019art a un lien avec le sens de l\u2019existence, et c\u2019est \u00e0 cette recherche que la parole est donn\u00e9e ici.<\/p>\n<p>&nbsp;<\/p>\n<p><strong>Micol Forti<\/strong> dirige la collection d\u2019art contemporain des mus\u00e9es du Vatican depuis 2000. Apr\u00e8s sa sp\u00e9cialisation et l\u2019obtention d\u2019un doctorat de recherche en histoire de l\u2019art, elle a enseign\u00e9 la litt\u00e9rature artistique et mus\u00e9ologique \u00e0 l\u2019universit\u00e9 La Sapienza, \u00e0 Rome, de 2001 \u00e0 2015. Ses domaines de recherche vont de l\u2019histoire et de la critique d\u2019art au XX<sup>e<\/sup> si\u00e8cle \u00e0 l\u2019art sacr\u00e9 contemporain et \u00e0 la collection pontificale, sans oublier certains aspects li\u00e9s \u00e0 l\u2019histoire de la conservation du patrimoine historique et artistique.<\/p>\n","protected":false},"excerpt":{"rendered":"<p>L\u2019univers artistique de Maria Lai est fortement empreint de l\u2019influence r\u00e9ciproque des spiritualit\u00e9s la\u00efque et religieuse, tout en silence. Les Cr\u00e8ches et les Chemins de croix pr\u00e9sent\u00e9s dans les pages de ce volume mettent en lumi\u00e8re, une fois encore, la mani\u00e8re dont le \u00ab\u00a0faire art\u00a0\u00bb, pour Maria Lai, doit r\u00e9pondre aux exigences et aux demandes&hellip;<\/p>\n","protected":false},"featured_media":26646,"template":"","meta":{"_acf_changed":false,"inline_featured_image":false},"product_brand":[],"product_cat":[57],"product_tag":[],"class_list":{"0":"post-26634","1":"product","2":"type-product","3":"status-publish","4":"has-post-thumbnail","6":"product_cat-art-contemporain","7":"disponibilita-no","8":"description-off","10":"first","11":"outofstock","12":"shipping-taxable","13":"purchasable","14":"product-type-simple"},"acf":[],"_links":{"self":[{"href":"https:\/\/www.fivecontinentseditions.com\/fr\/wp-json\/wp\/v2\/product\/26634","targetHints":{"allow":["GET"]}}],"collection":[{"href":"https:\/\/www.fivecontinentseditions.com\/fr\/wp-json\/wp\/v2\/product"}],"about":[{"href":"https:\/\/www.fivecontinentseditions.com\/fr\/wp-json\/wp\/v2\/types\/product"}],"wp:featuredmedia":[{"embeddable":true,"href":"https:\/\/www.fivecontinentseditions.com\/fr\/wp-json\/wp\/v2\/media\/26646"}],"wp:attachment":[{"href":"https:\/\/www.fivecontinentseditions.com\/fr\/wp-json\/wp\/v2\/media?parent=26634"}],"wp:term":[{"taxonomy":"product_brand","embeddable":true,"href":"https:\/\/www.fivecontinentseditions.com\/fr\/wp-json\/wp\/v2\/product_brand?post=26634"},{"taxonomy":"product_cat","embeddable":true,"href":"https:\/\/www.fivecontinentseditions.com\/fr\/wp-json\/wp\/v2\/product_cat?post=26634"},{"taxonomy":"product_tag","embeddable":true,"href":"https:\/\/www.fivecontinentseditions.com\/fr\/wp-json\/wp\/v2\/product_tag?post=26634"}],"curies":[{"name":"wp","href":"https:\/\/api.w.org\/{rel}","templated":true}]}}