{"id":26494,"date":"2022-01-24T05:00:00","date_gmt":"2022-01-24T05:00:00","guid":{"rendered":"https:\/\/www.fivecontinentseditions.com\/?post_type=product&#038;p=26494"},"modified":"2025-12-09T19:14:05","modified_gmt":"2025-12-09T19:14:05","slug":"art-brut","status":"publish","type":"product","link":"https:\/\/www.fivecontinentseditions.com\/fr\/p\/art-brut\/","title":{"rendered":"ART BRUT"},"content":{"rendered":"<p>\u00ab <em>Dirige ton \u0153il en toi et trouve mille r\u00e9gions en ton esprit encore inconnues. Parcours-les et sois expert en cosmographie intime<\/em>. \u00bb Henry David Thoreau<\/p>\n<p><em>Art Brut. Le livre des livres<\/em> invite \u00e0 tourner les pages de plus de 60 ouvrages cr\u00e9\u00e9s par ces g\u00e9nies mystiques, artistes visionnaires et autres \u00ab fous litt\u00e9raires \u00bb que sont les grandes figures de l&rsquo;Art brut.<\/p>\n<p>Cette anthologie sans pr\u00e9c\u00e9dent de cahiers d\u2019esquisses, de r\u00e9cits en images, de trait\u00e9s, de grimoires, ou de journaux intimes a \u00e9t\u00e9 compos\u00e9e sp\u00e9cialement pour la pr\u00e9sente publication et provient de collections publiques et priv\u00e9es. Chacun des volumes retenus, assembl\u00e9 \u00e0 la main par l\u2019artiste lui-m\u00eame, fait l\u2019objet d\u2019un chapitre distinct, o\u00f9 sont reproduits sa couverture et un choix de pages, accompagn\u00e9es d\u2019un commentaire. La p\u00e9riode \u00e9tudi\u00e9e s\u2019\u00e9tend du d\u00e9but du XX<sup>e<\/sup> si\u00e8cle jusqu\u2019\u00e0 nos jours, nous permettant de d\u00e9couvrir les \u0153uvres d\u2019artistes outsiders parmi les plus remarquables, comme Horst Ademeit, Alo\u00efse, il faut la placer entre Castle et Darger dans l\u2019ordre alphab\u00e9tique], Giovanni Bosco, James Castle, Henry Darger, Charles Dellschau, Malcolm MacKesson, Dan Miller, Michel Nedjar, Jean Perdrizet, Royal Robertson, Charles Steffen, Oskar Voll, August Walla ou encore Adolf W\u00f6lfli, pour ne citer que ces quelques noms.<\/p>\n<p>P\u00e9n\u00e9trer ces volumes, en suivant leur rythme int\u00e9rieur, rend leurs auteurs plus proches de nous qu&rsquo;ils ne l&rsquo;ont jamais \u00e9t\u00e9. En nous r\u00e9v\u00e9lant leurs obsessions, leurs passions, leurs souffrances aussi, ils nous font toucher du doigt leur humanit\u00e9 la plus profonde, et donc la n\u00f4tre.<\/p>\n","protected":false},"excerpt":{"rendered":"<p>\u00ab Dirige ton \u0153il en toi et trouve mille r\u00e9gions en ton esprit encore inconnues. Parcours-les et sois expert en cosmographie intime. \u00bb Henry David Thoreau Art Brut. Le livre des livres invite \u00e0 tourner les pages de plus de 60 ouvrages cr\u00e9\u00e9s par ces g\u00e9nies mystiques, artistes visionnaires et autres \u00ab fous litt\u00e9raires \u00bb&hellip;<\/p>\n","protected":false},"featured_media":26553,"template":"","meta":{"_acf_changed":false,"inline_featured_image":false},"product_brand":[],"product_cat":[49],"product_tag":[],"class_list":{"0":"post-26494","1":"product","2":"type-product","3":"status-publish","4":"has-post-thumbnail","6":"product_cat-art-brut-fr","7":"disponibilita-si","8":"description-off","10":"first","11":"outofstock","12":"featured","13":"shipping-taxable","14":"purchasable","15":"product-type-simple"},"acf":[],"_links":{"self":[{"href":"https:\/\/www.fivecontinentseditions.com\/fr\/wp-json\/wp\/v2\/product\/26494","targetHints":{"allow":["GET"]}}],"collection":[{"href":"https:\/\/www.fivecontinentseditions.com\/fr\/wp-json\/wp\/v2\/product"}],"about":[{"href":"https:\/\/www.fivecontinentseditions.com\/fr\/wp-json\/wp\/v2\/types\/product"}],"wp:featuredmedia":[{"embeddable":true,"href":"https:\/\/www.fivecontinentseditions.com\/fr\/wp-json\/wp\/v2\/media\/26553"}],"wp:attachment":[{"href":"https:\/\/www.fivecontinentseditions.com\/fr\/wp-json\/wp\/v2\/media?parent=26494"}],"wp:term":[{"taxonomy":"product_brand","embeddable":true,"href":"https:\/\/www.fivecontinentseditions.com\/fr\/wp-json\/wp\/v2\/product_brand?post=26494"},{"taxonomy":"product_cat","embeddable":true,"href":"https:\/\/www.fivecontinentseditions.com\/fr\/wp-json\/wp\/v2\/product_cat?post=26494"},{"taxonomy":"product_tag","embeddable":true,"href":"https:\/\/www.fivecontinentseditions.com\/fr\/wp-json\/wp\/v2\/product_tag?post=26494"}],"curies":[{"name":"wp","href":"https:\/\/api.w.org\/{rel}","templated":true}]}}