{"id":26355,"date":"2021-11-30T05:00:00","date_gmt":"2021-11-30T05:00:00","guid":{"rendered":"https:\/\/www.fivecontinentseditions.com\/?post_type=product&#038;p=26355"},"modified":"2024-09-16T09:38:48","modified_gmt":"2024-09-16T09:38:48","slug":"beliefs","status":"publish","type":"product","link":"https:\/\/www.fivecontinentseditions.com\/fr\/p\/beliefs\/","title":{"rendered":"BELIEFS"},"content":{"rendered":"<p>La 5<sup>e<\/sup>\u00a0Biennale de l\u2019Art Brut proposera une nouvelle facette des fonds de la Collection de l\u2019Art Brut. Consacr\u00e9e au th\u00e8me des croyances, elle r\u00e9v\u00e9lera autant le lien particulier que les auteurs d\u2019Art Brut entretiennent avec la religion que les sciences occultes.<\/p>\n<p>Plusieurs cr\u00e9ateurs illustrent des sujets mystiques en les r\u00e9interpr\u00e9tant ou en s\u2019appropriant des rites religieux. D\u2019autres inventent une doctrine toute personnelle pour leur propre usage et, tels des d\u00e9miurges tout-puissants, ils int\u00e8grent leurs productions \u00e0 leur nouvelle confession, en les utilisant comme support \u00e0 des proph\u00e9ties ou pour conjurer le mauvais sort. Quant aux nombreux spirites ou m\u00e9diums inspires qui affirment \u00eatre en relation avec l\u2019au-del\u00e0, ils cr\u00e9ent sous la dict\u00e9e de d\u00e9funts, d\u2019esprits ou de forces surnaturelles et se soustraient \u00e0 la paternit\u00e9<br \/>\nde leurs travaux.<\/p>\n<p>Par leur croyance diverse et originale, tous transcendent \u00e0 leur mani\u00e8re des conditions de vie souvent difficiles. La s\u00e9lection des \u0153uvres pr\u00e9sentera aussi bien des illustrations de divinit\u00e9s, de saints ou de personnages religieux, que des compositions abstraites d\u2019un grand raffinement, des peintures de caract\u00e8re symboliste et des objets rituels.<\/p>\n<p>&nbsp;<\/p>\n<p><strong>Sarah Lombardi<\/strong> est directrice de la Collection de l\u2019Art Brut, \u00e0 Lausanne, depuis 2013. Historienne de l\u2019art dipl\u00f4m\u00e9e de l\u2019universit\u00e9 de Lausanne, Sarah Lombardi a \u00e9t\u00e9 commissaire d\u2019expositions ind\u00e9pendante. Entre 2007 et 2013, elle a \u00e9t\u00e9 conservatrice, puis directrice ad interim \u00e0 la Collection de l\u2019Art Brut. Elle a publi\u00e9 de nombreux ouvrages en lien avec les expositions du mus\u00e9e et a r\u00e9dig\u00e9 des articles sur l\u2019art brut dans des catalogues d\u2019exposition et des revues sp\u00e9cialis\u00e9es. En 2013, elle cr\u00e9e les biennales de l\u2019Art Brut \u2013 des expositions th\u00e9matiques pr\u00e9sentant exclusivement des oeuvres issues du fonds de l\u2019institution \u2013 et une nouvelle s\u00e9rie \u00e9ditoriale bilingue intitul\u00e9e Art Brut, la collection \u2013 Art Brut, the Collection.<\/p>\n","protected":false},"excerpt":{"rendered":"<p>La 5e\u00a0Biennale de l\u2019Art Brut proposera une nouvelle facette des fonds de la Collection de l\u2019Art Brut. Consacr\u00e9e au th\u00e8me des croyances, elle r\u00e9v\u00e9lera autant le lien particulier que les auteurs d\u2019Art Brut entretiennent avec la religion que les sciences occultes. Plusieurs cr\u00e9ateurs illustrent des sujets mystiques en les r\u00e9interpr\u00e9tant ou en s\u2019appropriant des rites&hellip;<\/p>\n","protected":false},"featured_media":26421,"template":"","meta":{"_acf_changed":false,"inline_featured_image":false},"product_brand":[],"product_cat":[49],"product_tag":[],"class_list":{"0":"post-26355","1":"product","2":"type-product","3":"status-publish","4":"has-post-thumbnail","6":"product_cat-art-brut-fr","7":"collana-art-brut-la-collection","8":"disponibilita-si","9":"description-off","11":"first","12":"instock","13":"shipping-taxable","14":"purchasable","15":"product-type-simple"},"acf":[],"_links":{"self":[{"href":"https:\/\/www.fivecontinentseditions.com\/fr\/wp-json\/wp\/v2\/product\/26355","targetHints":{"allow":["GET"]}}],"collection":[{"href":"https:\/\/www.fivecontinentseditions.com\/fr\/wp-json\/wp\/v2\/product"}],"about":[{"href":"https:\/\/www.fivecontinentseditions.com\/fr\/wp-json\/wp\/v2\/types\/product"}],"wp:featuredmedia":[{"embeddable":true,"href":"https:\/\/www.fivecontinentseditions.com\/fr\/wp-json\/wp\/v2\/media\/26421"}],"wp:attachment":[{"href":"https:\/\/www.fivecontinentseditions.com\/fr\/wp-json\/wp\/v2\/media?parent=26355"}],"wp:term":[{"taxonomy":"product_brand","embeddable":true,"href":"https:\/\/www.fivecontinentseditions.com\/fr\/wp-json\/wp\/v2\/product_brand?post=26355"},{"taxonomy":"product_cat","embeddable":true,"href":"https:\/\/www.fivecontinentseditions.com\/fr\/wp-json\/wp\/v2\/product_cat?post=26355"},{"taxonomy":"product_tag","embeddable":true,"href":"https:\/\/www.fivecontinentseditions.com\/fr\/wp-json\/wp\/v2\/product_tag?post=26355"}],"curies":[{"name":"wp","href":"https:\/\/api.w.org\/{rel}","templated":true}]}}