{"id":26146,"date":"2021-11-03T05:00:00","date_gmt":"2021-11-03T05:00:00","guid":{"rendered":"https:\/\/www.fivecontinentseditions.com\/?post_type=product&#038;p=26146"},"modified":"2023-02-20T16:43:18","modified_gmt":"2023-02-20T16:43:18","slug":"temples","status":"publish","type":"product","link":"https:\/\/www.fivecontinentseditions.com\/fr\/p\/temples\/","title":{"rendered":"Temples"},"content":{"rendered":"<p style=\"text-align: right;\">\u00ab\u00a0L\u2019image ne doit pas \u00eatre comprise, mais regard\u00e9e, sans plus,<\/p>\n<p style=\"text-align: right;\">bouche b\u00e9e, sans effort intellectuel\u00a0\u00bb<\/p>\n<p style=\"text-align: right;\">Sandor Marai<\/p>\n<p>&nbsp;<\/p>\n<p>Dans l\u2019\u00eele nomm\u00e9e <em>Ichnusa<\/em> par les Grecs et compar\u00e9e \u00e0 un pied humain, parmi les chardons sauvages, les touffes de lentisques et d\u2019immortelles au parfum intense, dans des paysages br\u00fbl\u00e9s par le soleil et battus par les vents, se trouvent des \u00e9glises et des monast\u00e8res fort anciens dont la plupart sont d\u00e9saffect\u00e9s. Il s\u2019agit d\u2019\u00e9difices portant un nom de saint, qui faisaient partie jadis d\u2019un tissu urbain aujourd\u2019hui d\u00e9sert\u00e9 par les hommes, qui ont en commun un isolement qui en accentue la fascination paysag\u00e8re\u00a0: v\u00e9ritables miracles de pierre, d\u2019une rare beaut\u00e9, symbole de la sacralit\u00e9 intrins\u00e8que du territoire. C\u2019est dans cette Sardaigne m\u00e9connue, loin de la mer, que lors de son voyage dans l\u2019arri\u00e8re-pays Giancarlo Pradelli puise son inspiration. Son regard ne s\u2019arr\u00eate pas seulement sur des \u00e9difices prestigieux, fruit des incursions culturelles historiques dans l\u2019\u00eele, mais privil\u00e9gie des constructions modestes de styles divers et des \u00e9glises rustiques d\u2019origine pastorale, que des artisans locaux ont b\u00e2ties pour r\u00e9sister au vent et au climat m\u00e9diterran\u00e9en. Souvenir vague des architectures d\u2019origine, ces vestiges que la force corrosive du temps a souvent r\u00e9duits \u00e0 l\u2019\u00e9tat de murs effondr\u00e9s, ont pris une nouvelle forme, inexorablement destin\u00e9e \u00e0 conna\u00eetre d\u2019autres mutations silencieuses.<\/p>\n<p>&nbsp;<\/p>\n<p>Apr\u00e8s avoir enseign\u00e9 la photographie pendant quelques ann\u00e9es, <strong>Giancarlo Pradelli<\/strong> s\u2019est install\u00e9 aux \u00c9tats-Unis o\u00f9 il a approfondi sa technique du noir et blanc et du portrait. Il m\u00e8ne depuis longtemps des recherches sur l\u2019architecture et le paysage <em>Eolie<\/em> (2005), <em>Pierluigi Ghianda<\/em> (2006), <em>Home<\/em> (2012). Ses clich\u00e9s sont pr\u00e9sents dans diff\u00e9rentes collections publiques comme la Galleria Civica de Mod\u00e8ne, le Studio e Archivio della Communicazione de l\u2019Universit\u00e9 de Parme et la Biblioth\u00e8que nationale de France.<\/p>\n<p>Historienne de l\u2019art et sp\u00e9cialiste d\u2019\u00e9toffes anciennes, <strong>Elisabetta Bazzani <\/strong>a exerc\u00e9 son activit\u00e9 dans les domaines du d\u00e9veloppement et de la recherche \u00e0 l\u2019Istituto per i beni artistici, culturali, naturali de la R\u00e9gion \u00c9milie-Romagne (IBC) et a enseign\u00e9 aupr\u00e8s de l\u2019Istituto superiore d\u2019Arte \u00ab\u00a0Adolfo Venturi\u00a0\u00bb de Mod\u00e8ne. Elle a pris part \u00e0 l\u2019organisation d\u2019expositions et \u00e0 la r\u00e9daction de catalogues sur les textiles et collabore avec <em>L\u2019Indice<\/em> de Turin et la revue <em>Jacquard<\/em> de la Fondation Lisio de Florence.<\/p>\n","protected":false},"excerpt":{"rendered":"<p>\u00ab\u00a0L\u2019image ne doit pas \u00eatre comprise, mais regard\u00e9e, sans plus, bouche b\u00e9e, sans effort intellectuel\u00a0\u00bb Sandor Marai &nbsp; Dans l\u2019\u00eele nomm\u00e9e Ichnusa par les Grecs et compar\u00e9e \u00e0 un pied humain, parmi les chardons sauvages, les touffes de lentisques et d\u2019immortelles au parfum intense, dans des paysages br\u00fbl\u00e9s par le soleil et battus par les&hellip;<\/p>\n","protected":false},"featured_media":26269,"template":"","meta":{"_acf_changed":false,"inline_featured_image":false},"product_brand":[],"product_cat":[73],"product_tag":[],"class_list":{"0":"post-26146","1":"product","2":"type-product","3":"status-publish","4":"has-post-thumbnail","6":"product_cat-photographie","7":"disponibilita-si","8":"description-off","10":"first","11":"instock","12":"shipping-taxable","13":"purchasable","14":"product-type-simple"},"acf":[],"_links":{"self":[{"href":"https:\/\/www.fivecontinentseditions.com\/fr\/wp-json\/wp\/v2\/product\/26146","targetHints":{"allow":["GET"]}}],"collection":[{"href":"https:\/\/www.fivecontinentseditions.com\/fr\/wp-json\/wp\/v2\/product"}],"about":[{"href":"https:\/\/www.fivecontinentseditions.com\/fr\/wp-json\/wp\/v2\/types\/product"}],"wp:featuredmedia":[{"embeddable":true,"href":"https:\/\/www.fivecontinentseditions.com\/fr\/wp-json\/wp\/v2\/media\/26269"}],"wp:attachment":[{"href":"https:\/\/www.fivecontinentseditions.com\/fr\/wp-json\/wp\/v2\/media?parent=26146"}],"wp:term":[{"taxonomy":"product_brand","embeddable":true,"href":"https:\/\/www.fivecontinentseditions.com\/fr\/wp-json\/wp\/v2\/product_brand?post=26146"},{"taxonomy":"product_cat","embeddable":true,"href":"https:\/\/www.fivecontinentseditions.com\/fr\/wp-json\/wp\/v2\/product_cat?post=26146"},{"taxonomy":"product_tag","embeddable":true,"href":"https:\/\/www.fivecontinentseditions.com\/fr\/wp-json\/wp\/v2\/product_tag?post=26146"}],"curies":[{"name":"wp","href":"https:\/\/api.w.org\/{rel}","templated":true}]}}