{"id":2602,"date":"2004-12-31T05:00:00","date_gmt":"2004-12-31T05:00:00","guid":{"rendered":"http:\/\/www.fivecontinentseditions.com\/prodotto\/fleeting-instants-2\/"},"modified":"2018-02-07T16:21:37","modified_gmt":"2018-02-07T16:21:37","slug":"fleeting-instants-2","status":"publish","type":"product","link":"https:\/\/www.fivecontinentseditions.com\/fr\/p\/fleeting-instants-2\/","title":{"rendered":"Fleeting Instants"},"content":{"rendered":"<p>Marion-Valentine commence \u00e0\u00e9tudier la photographie \u00e0l&rsquo;\u00e2ge de seize ans et s&rsquo;int\u00e9resse d\u00e9j\u00e0\u00e0 la danse qui repr\u00e9sente pour elle une perfection de l&rsquo;\u00eatre. Tr\u00e8s vite elle prend contact avec une revue dans le but d&rsquo;apprendre \u00e0saisir l&rsquo;art de ces \u00e9toiles qui la fascinent. Ses premi\u00e8res photographies de danse sont publi\u00e9es dans la revue <em>La Danse <\/em>en 1957. Depuis, elle a photographi\u00e9 une grande partie des spectacles chor\u00e9graphiques \u00e0 Paris, en s&rsquo;attachant d&rsquo;abord aux spectacles de danse classique puis \u00e0toutes les formes de danse.<\/p>\n<p>Cet ouvrage se propose de faire d\u00e9couvrir, parmi les photographies r\u00e9alis\u00e9es au cours de plus de quarante ann\u00e9es, celles qui, pour Marion-Valentine, sont les plus dynamiques, celles qui fixent l&rsquo;instant d&rsquo;aboutissement et de perfection du mouvement. La mise en page cherche \u00e0privil\u00e9gier une dynamique en faisant se r\u00e9pondre ou se confronter des photographies de danseurs de diff\u00e9rentes \u00e9coles, prises \u00e0diff\u00e9rentes \u00e9poques. La photographie est l&rsquo;art qui permet la captation d&rsquo;un instant \u00e9ph\u00e9m\u00e8re, d&rsquo;une vision fulgurante qui touche \u00e9motionnellement le &laquo;regardeur&raquo; au point de vouloir le fixer pour renouveler son \u00e9merveillement. C&rsquo;est surtout dans les spectacles de danse que Marion-Valentine trouve ces instants d&rsquo;\u00e9motion fulgurante, quand les corps des danseurs tracent des lignes subtiles et parfaites dans l&rsquo;espace, lorsqu&rsquo;un mouvement est port\u00e9 \u00e0son extr\u00eame ou qu&rsquo;il est saisi dans l&rsquo;instant d&rsquo;apesanteur d&rsquo;un saut. Parmi ces photos, on trouvera des \u00e9toiles internationales tels Rudolf Nureyev, Sylvie Guillem, Nicolas Le Riche ou Jorge Donn et les danseurs de compagnies comme Forsythe, B\u00e9jart ou Pina Bausch.<\/p>\n<p>N\u00e9e \u00e0 Paris, Marion-Valentine d\u00e8s les ann\u00e9es Cinquante se d\u00e9die \u00e0 la photographie de danse qu&rsquo;elle pratique jusqu&rsquo;\u00e0ce jour.<\/p>\n<p><strong>Daniel Dobbels<\/strong> est n\u00e9 en 1947. apr\u00e8s quelques exp\u00e9riences th\u00e9\u00e2trales et une formation de mime, il d\u00e9couvre la pratique de la danse contemporaine avec le Danse Th\u00e9\u00e2tre exp\u00e9rience. Chor\u00e9ographe, il d\u00e9veloppe parall\u00e8lement une activit\u00e9 d&rsquo;\u00e9crivain, de critique d&rsquo;art, de conf\u00e9rencier, de chercheur historique et th\u00e9orique sur la danse.<\/p>\n<p><strong>Manuela Binaghi<\/strong> est n\u00e9e en 1963 \u00e0Milan. Comme journaliste, elle a collabor\u00e9 \u00e0<em>Panorama<\/em>, <em>Lo Specchio<\/em>, <em>Marie-Claire <\/em>et <em>Carnet<\/em>. Elle \u00e9crit actuellement pour les rubriques de danse de <em>La Repubblica<\/em>, <em>Tutto Milano<\/em>, <em>La Repubblica delle Donne <\/em>et <em>Donna Moderna<\/em>.<\/p>\n","protected":false},"excerpt":{"rendered":"<p>Marion-Valentine commence \u00e0\u00e9tudier la photographie \u00e0l&rsquo;\u00e2ge de seize ans et s&rsquo;int\u00e9resse d\u00e9j\u00e0\u00e0 la danse qui repr\u00e9sente pour elle une perfection de l&rsquo;\u00eatre. Tr\u00e8s vite elle prend contact avec une revue dans le but d&rsquo;apprendre \u00e0saisir l&rsquo;art de ces \u00e9toiles qui la fascinent. Ses premi\u00e8res photographies de danse sont publi\u00e9es dans la revue La Danse en&hellip;<\/p>\n","protected":false},"featured_media":2577,"template":"","meta":{"_acf_changed":false,"inline_featured_image":false},"product_brand":[],"product_cat":[73],"product_tag":[],"class_list":{"0":"post-2602","1":"product","2":"type-product","3":"status-publish","4":"has-post-thumbnail","6":"product_cat-photographie","7":"disponibilita-si","8":"description-off","10":"first","11":"instock","12":"shipping-taxable","13":"purchasable","14":"product-type-simple"},"acf":[],"_links":{"self":[{"href":"https:\/\/www.fivecontinentseditions.com\/fr\/wp-json\/wp\/v2\/product\/2602","targetHints":{"allow":["GET"]}}],"collection":[{"href":"https:\/\/www.fivecontinentseditions.com\/fr\/wp-json\/wp\/v2\/product"}],"about":[{"href":"https:\/\/www.fivecontinentseditions.com\/fr\/wp-json\/wp\/v2\/types\/product"}],"wp:featuredmedia":[{"embeddable":true,"href":"https:\/\/www.fivecontinentseditions.com\/fr\/wp-json\/wp\/v2\/media\/2577"}],"wp:attachment":[{"href":"https:\/\/www.fivecontinentseditions.com\/fr\/wp-json\/wp\/v2\/media?parent=2602"}],"wp:term":[{"taxonomy":"product_brand","embeddable":true,"href":"https:\/\/www.fivecontinentseditions.com\/fr\/wp-json\/wp\/v2\/product_brand?post=2602"},{"taxonomy":"product_cat","embeddable":true,"href":"https:\/\/www.fivecontinentseditions.com\/fr\/wp-json\/wp\/v2\/product_cat?post=2602"},{"taxonomy":"product_tag","embeddable":true,"href":"https:\/\/www.fivecontinentseditions.com\/fr\/wp-json\/wp\/v2\/product_tag?post=2602"}],"curies":[{"name":"wp","href":"https:\/\/api.w.org\/{rel}","templated":true}]}}