{"id":25998,"date":"2021-10-18T05:00:00","date_gmt":"2021-10-18T05:00:00","guid":{"rendered":"https:\/\/www.fivecontinentseditions.com\/?post_type=product&#038;p=25998"},"modified":"2021-11-18T11:18:22","modified_gmt":"2021-11-18T11:18:22","slug":"canova-four-tempos-vol-ii","status":"publish","type":"product","link":"https:\/\/www.fivecontinentseditions.com\/fr\/p\/canova-four-tempos-vol-ii\/","title":{"rendered":"CANOVA Four Tempos vol. II"},"content":{"rendered":"<p>Ce volume fait suite au premier ouvrage du projet Canova \/ Quatre Temps co\u00e9dit\u00e9 avec la Fondazione Pallavicino de G\u00eanes, qui se propose d\u2019accueillir dans une mise en page raffin\u00e9e le travail photographique que Luigi Spina consacre aux mod\u00e8les en pl\u00e2tre r\u00e9alis\u00e9s par Antonio Canova et conserv\u00e9s dans leur quasi-totalit\u00e9 \u00e0 la gypsoth\u00e8que de Possagno.<\/p>\n<p>Le projet, qui accompagne les c\u00e9l\u00e9brations canoviennes de la p\u00e9riode 2019-2022, s\u2019articule autour de quatre publications\u00a0; chacune d\u2019entre elles est consacr\u00e9e \u00e0 un ensemble particulier de mod\u00e8les en pl\u00e2tre et entend restituer sa dignit\u00e9 au geste cr\u00e9ateur d\u2019Antonio Canova en soulignant par ailleurs le r\u00f4le incontournable des petits clous en bronze (rep\u00e8res) qui ont permis la m\u00e9tamorphose du mod\u00e8le de pl\u00e2tre en sculpture de marbre.<\/p>\n<p>Si le premier volume est d\u00e9di\u00e9 au dialogue entre mythe et foi, illustr\u00e9 par Spina et ses photographies qui montrent <em>Amour<\/em><em>et Psych\u00e9<\/em>, <em>Pauline Borgh\u00e8se<\/em>, <em>V\u00e9nus et Mars<\/em>, <em>Madeleine gisante<\/em>, la <em>Paix<\/em> et la <em>D\u00e9ploration du Christ<\/em>, le second volume est consacr\u00e9 au mythe. Les sculptures auxquelles s\u2019attache la narration visuelle sont les suivantes\u00a0: <em>Danseuse, le doigt au menton<\/em>, <em>D\u00e9dale et Icare<\/em>, <em>Th\u00e9s\u00e9e luttant contre le Centaure<\/em>, <em>Na\u00efade<\/em>, <em>Pie VII<\/em>, <em>V\u00e9nus et Adonis<\/em>, <em>Nymphe endormie<\/em>.<\/p>\n<p>&nbsp;<\/p>\n<p><strong>Luigi Spina<\/strong> est photographe. Son oeuvre s\u2019articule autour des amphith\u00e9\u00e2tres et du sens civique du sacr\u00e9, des liens entre l\u2019art et la foi, de la recherche d\u2019identit\u00e9s culturelles anciennes, de la confrontation physique avec la sculpture classique. Chez 5 Continents Editions il a publi\u00e9 <em>The Buchner Boxes<\/em>, <em>Hemba<\/em> et <em>Des jours et des mythes<\/em>. Il anime avec Valeria Sampaolo la collection \u00ab Oggetti rari e preziosi al Museo Archeologico Nazionale di Napoli \u00bb, qui compte \u00e0 ce jour les titres <em>Memorie del Vaso blu<\/em>, <em>Amazzonomachia<\/em>, <em>Centauri<\/em>, <em>Zefiro e Clori<\/em>, <em>Sette sapienti<\/em> et <em>Satiro ebbro<\/em>. Gr\u00e2ce \u00e0 <em>La Tasse Farn\u00e8se<\/em>, il a en outre ouvert la s\u00e9rie \u00ab Tr\u00e9sors cach\u00e9s \u00bb . Enfin, chez le m\u00eame \u00e9diteur, il a publi\u00e9, dans la s\u00e9rie Tailormade, <em>Les Danseuses de la villa des Papyrus<\/em>.<\/p>\n<p><strong>Vittorio Sgarbi<\/strong> est critique d\u2019art, commissaire de grandes expositions internationales, collectionneur raffin\u00e9 et auteur d\u2019ouvrages de vulgarisation tous centr\u00e9s sur l\u2019importance de la culture et de l\u2019art. Parmi ses derni\u00e8res publications, citons <em>Dall\u2019ombra alla luce. Da Caravaggio a Tiepolo<\/em> et <em>Dal mito alla favola bella. Da Canaletto a Boldini<\/em>, dans la s\u00e9rie \u00ab Il Tesoro d\u2019Italia \u00bb. Il est \u00e9galement homme politique et se d\u00e9finit comme un libre penseur ind\u00e9pendant.<\/p>\n","protected":false},"excerpt":{"rendered":"<p>Ce volume fait suite au premier ouvrage du projet Canova \/ Quatre Temps co\u00e9dit\u00e9 avec la Fondazione Pallavicino de G\u00eanes, qui se propose d\u2019accueillir dans une mise en page raffin\u00e9e le travail photographique que Luigi Spina consacre aux mod\u00e8les en pl\u00e2tre r\u00e9alis\u00e9s par Antonio Canova et conserv\u00e9s dans leur quasi-totalit\u00e9 \u00e0 la gypsoth\u00e8que de Possagno.&hellip;<\/p>\n","protected":false},"featured_media":26235,"template":"","meta":{"_acf_changed":false,"inline_featured_image":false},"product_brand":[],"product_cat":[73],"product_tag":[],"class_list":{"0":"post-25998","1":"product","2":"type-product","3":"status-publish","4":"has-post-thumbnail","6":"product_cat-photographie","7":"disponibilita-si","8":"description-off","10":"first","11":"instock","12":"shipping-taxable","13":"purchasable","14":"product-type-simple"},"acf":[],"_links":{"self":[{"href":"https:\/\/www.fivecontinentseditions.com\/fr\/wp-json\/wp\/v2\/product\/25998","targetHints":{"allow":["GET"]}}],"collection":[{"href":"https:\/\/www.fivecontinentseditions.com\/fr\/wp-json\/wp\/v2\/product"}],"about":[{"href":"https:\/\/www.fivecontinentseditions.com\/fr\/wp-json\/wp\/v2\/types\/product"}],"wp:featuredmedia":[{"embeddable":true,"href":"https:\/\/www.fivecontinentseditions.com\/fr\/wp-json\/wp\/v2\/media\/26235"}],"wp:attachment":[{"href":"https:\/\/www.fivecontinentseditions.com\/fr\/wp-json\/wp\/v2\/media?parent=25998"}],"wp:term":[{"taxonomy":"product_brand","embeddable":true,"href":"https:\/\/www.fivecontinentseditions.com\/fr\/wp-json\/wp\/v2\/product_brand?post=25998"},{"taxonomy":"product_cat","embeddable":true,"href":"https:\/\/www.fivecontinentseditions.com\/fr\/wp-json\/wp\/v2\/product_cat?post=25998"},{"taxonomy":"product_tag","embeddable":true,"href":"https:\/\/www.fivecontinentseditions.com\/fr\/wp-json\/wp\/v2\/product_tag?post=25998"}],"curies":[{"name":"wp","href":"https:\/\/api.w.org\/{rel}","templated":true}]}}