{"id":25985,"date":"2021-10-12T05:00:00","date_gmt":"2021-10-12T05:00:00","guid":{"rendered":"https:\/\/www.fivecontinentseditions.com\/?post_type=product&#038;p=25985"},"modified":"2022-08-28T16:20:04","modified_gmt":"2022-08-28T16:20:04","slug":"hampi-inde-sacrae-inde-glorieuse","status":"publish","type":"product","link":"https:\/\/www.fivecontinentseditions.com\/fr\/p\/hampi-inde-sacrae-inde-glorieuse\/","title":{"rendered":"HAMPI Inde sacr\u00e9e Inde glorieuse"},"content":{"rendered":"<p>Datant du XIVe si\u00e8cle, Hampi est un lieu de d\u00e9votion o\u00f9 se pratiquaient les cultes de \u015aiv\u0101 et de Vi\u1e63\u1e47u et en m\u00eame temps une ville fortifi\u00e9e centre du pouvoir royal, \u00e0 la fois lieu de p\u00e8lerinage et capitale de l&#8217;empire Vijayanagara. L&rsquo;histoire marque cette ambivalence dans le nom du site. Dans son ensemble, il a toujours \u00e9t\u00e9 appel\u00e9 Hampi. Aux XIVe-XVe-XVIe si\u00e8cles, les rois ont ajout\u00e9 au site d\u00e9j\u00e0 vaste une plus grande ville qu&rsquo;ils ont nomm\u00e9e Vijayanagara \u00ab\u00a0Ville de la victoire\u00a0\u00bb.<\/p>\n<p>Hampi est un site \u00e0 la fois remarquable et admirable. L\u2019environnement g\u00e9ologique empreint l\u2019espace d\u2019une atmosph\u00e8re magique et ses monuments majestueux sont porteurs d\u2019une richesse iconographique consid\u00e9rable.<\/p>\n<p>La passion de la Galerie Hioco pour l&rsquo;Asie s&rsquo;exprime avant tout \u00e0 travers la galerie d&rsquo;art parisienne sp\u00e9cialis\u00e9e dans les sculptures anciennes d&rsquo;Inde et d&rsquo;Asie du Sud-Est, mais \u00e9galement par un projet philanthropique qui leur tient \u00e0 c\u0153ur, visant \u00e0 publier des ouvrages de r\u00e9f\u00e9rence sur des sites majeurs mais non document\u00e9s en Inde. Ce projet a \u00e9t\u00e9 motiv\u00e9 par une visite qu\u2019ils ont fait en 2015 du site de Khajur\u0101ho. D\u00e9\u00e7us de ne trouver aucune monographie r\u00e9cente sur ces temples majeurs, ils ont d\u00e9cid\u00e9 de publier avec nous un livre sur ce site de Khajur\u0101ho en 2017 et un autre sur les grottes d&rsquo;Ellora en 2020.<\/p>\n<p>Ce livre est disponible uniquement \u00e0 la Galerie Hioco.<\/p>\n<p>&nbsp;<\/p>\n<p>Le livre est \u00e9crit par un \u00e9minent sp\u00e9cialiste de l&rsquo;Inde, <strong>Pierre-Sylvain Filliozat<\/strong>. Lors de ses missions en Inde, \u00e0 Pondich\u00e9ry de 1955 \u00e0 1992, et \u00e0 Mysore depuis 1993, il a effectu\u00e9 avec son \u00e9pouse Vasundhara des recherches et des \u00e9tudes sur Hampi. Les r\u00e9alisations de M. Filliozat ont \u00e9t\u00e9 particuli\u00e8rement reconnues en 2000, lorsqu&rsquo;il a \u00e9t\u00e9 \u00e9lu membre de l&rsquo;Acad\u00e9mie des Inscriptions et Belles-lettres (Institut de France, Paris).<\/p>\n<p>Il a obtenu un dipl\u00f4me en hindi \u00e0 l&rsquo;Institut National des Langues et Civilisations Orientales en 1959, puis en 1962 un dipl\u00f4me de l&rsquo;\u00c9cole Pratique des Hautes \u00c9tudes avec une th\u00e8se sur \u00ab\u00a0Le Prat\u00e2parudr\u00eeya de Vidy\u00e2n\u00e2tha\u00a0\u00bb sous la direction de Louis Renou. Il a \u00e9t\u00e9 membre de l&rsquo;\u00c9cole fran\u00e7aise d&rsquo;Extr\u00eame-Orient de 1963 \u00e0 1967. Par la suite, de 1967 jusqu&rsquo;\u00e0 aujourd&rsquo;hui, il a \u00e9t\u00e9 directeur des \u00e9tudes de sanscrit \u00e0 l&rsquo;\u00c9cole Pratique des Hautes \u00c9tudes. Depuis 1998, il est \u00e9galement membre associ\u00e9 du Centre d&rsquo;Histoire des Sciences et des Philosophies Arabes et M\u00e9di\u00e9vales. Le 25 mars 2015 \u00e0 New Delhi, le pr\u00e9sident de l&rsquo;Inde, Shri Pranab Mukherje, lui a remis le prix appel\u00e9 <em>Letter of recognition for skill in Sanskrit letters and scholarship in science<\/em>, en reconnaissance de son travail sur la langue et la litt\u00e9rature sanskrite.<\/p>\n","protected":false},"excerpt":{"rendered":"<p>Datant du XIVe si\u00e8cle, Hampi est un lieu de d\u00e9votion o\u00f9 se pratiquaient les cultes de \u015aiv\u0101 et de Vi\u1e63\u1e47u et en m\u00eame temps une ville fortifi\u00e9e centre du pouvoir royal, \u00e0 la fois lieu de p\u00e8lerinage et capitale de l&#8217;empire Vijayanagara. L&rsquo;histoire marque cette ambivalence dans le nom du site. Dans son ensemble, il&hellip;<\/p>\n","protected":false},"featured_media":26335,"template":"","meta":{"_acf_changed":false,"inline_featured_image":false},"product_brand":[],"product_cat":[56],"product_tag":[],"class_list":{"0":"post-25985","1":"product","2":"type-product","3":"status-publish","4":"has-post-thumbnail","6":"product_cat-art-asiatique","7":"disponibilita-si","8":"description-off","10":"first","11":"instock","12":"shipping-taxable","13":"purchasable","14":"product-type-simple"},"acf":[],"_links":{"self":[{"href":"https:\/\/www.fivecontinentseditions.com\/fr\/wp-json\/wp\/v2\/product\/25985","targetHints":{"allow":["GET"]}}],"collection":[{"href":"https:\/\/www.fivecontinentseditions.com\/fr\/wp-json\/wp\/v2\/product"}],"about":[{"href":"https:\/\/www.fivecontinentseditions.com\/fr\/wp-json\/wp\/v2\/types\/product"}],"wp:featuredmedia":[{"embeddable":true,"href":"https:\/\/www.fivecontinentseditions.com\/fr\/wp-json\/wp\/v2\/media\/26335"}],"wp:attachment":[{"href":"https:\/\/www.fivecontinentseditions.com\/fr\/wp-json\/wp\/v2\/media?parent=25985"}],"wp:term":[{"taxonomy":"product_brand","embeddable":true,"href":"https:\/\/www.fivecontinentseditions.com\/fr\/wp-json\/wp\/v2\/product_brand?post=25985"},{"taxonomy":"product_cat","embeddable":true,"href":"https:\/\/www.fivecontinentseditions.com\/fr\/wp-json\/wp\/v2\/product_cat?post=25985"},{"taxonomy":"product_tag","embeddable":true,"href":"https:\/\/www.fivecontinentseditions.com\/fr\/wp-json\/wp\/v2\/product_tag?post=25985"}],"curies":[{"name":"wp","href":"https:\/\/api.w.org\/{rel}","templated":true}]}}