{"id":25981,"date":"2021-10-01T05:00:00","date_gmt":"2021-10-01T05:00:00","guid":{"rendered":"https:\/\/www.fivecontinentseditions.com\/?post_type=product&#038;p=25981"},"modified":"2024-10-10T09:33:30","modified_gmt":"2024-10-10T09:33:30","slug":"omar-victor-diop","status":"publish","type":"product","link":"https:\/\/www.fivecontinentseditions.com\/fr\/p\/omar-victor-diop\/","title":{"rendered":"Omar Victor Diop"},"content":{"rendered":"<p>\u00c0 41 ans, Omar Victor Diop est l\u2019un des photographes les plus prometteurs de sa g\u00e9n\u00e9ration. Artiste autodidacte, son \u0153uvre s\u2019inscrit directement dans l\u2019h\u00e9ritage de la photographie de studio africaine de Seydou Ke\u00efta, Mama Casset ou Malick Sidib\u00e9, un genre dont il a su s\u2019approprier les codes tout en s\u2019en affranchissant.\u00a0L\u2019ouvrage <em>Omar Victor Diop<\/em>, r\u00e9alis\u00e9 en collaboration avec la galerie MAGNIN-A, rassemble pour la premi\u00e8re fois les trois derni\u00e8res s\u00e9ries embl\u00e9matiques du photographe : <em>Diaspora<\/em> (2014), <em>Liberty<\/em> (2017) et <em>Allegoria<\/em> (2021).<\/p>\n<p>Dans <em>Diaspora<\/em>, Omar Victor Diop choisit l\u2019art de l\u2019autoportrait. Le photographe s\u00e9n\u00e9galais incarne dans ses images dix-huit figures de la diaspora africaine aux destins hors du commun, mais oubli\u00e9es de l\u2019histoire occidentale. En agr\u00e9mentant ses images d\u2019objets li\u00e9s au football, il estompe la charge dramatique tout en propulsant ses personnages historiques dans le pr\u00e9sent. Il les inscrit ainsi dans le d\u00e9bat sur l\u2019immigration et l\u2019insertion des \u00e9trangers dans les soci\u00e9t\u00e9s europ\u00e9ennes.<\/p>\n<p>Pour <em>Liberty<\/em> r\u00e9alis\u00e9e en 2017, Omar Victor Diop poursuit la mise en lumi\u00e8re du continent africain et de sa diaspora en proposant une lecture universelle de l\u2019histoire de la protestation noire. Par un jeu de r\u00e9f\u00e9rences visuelles m\u00ealant autoportraits et mises en sc\u00e8ne, l\u2019artiste revisite les \u00e9v\u00e9nements marquants de cette histoire, certes diff\u00e9renci\u00e9s par le temps, la g\u00e9ographie et l\u2019ampleur, mais reli\u00e9s par une m\u00eame qu\u00eate, celle de la libert\u00e9 trop souvent entrav\u00e9e.<\/p>\n<p>Avec <em>Allegoria<\/em>, Omar Victor Diop entame un nouveau chapitre de son travail. Le photographe se saisit de la question fondamentale de l\u2019environnement et de sa port\u00e9e sur le continent africain. Ses \u0153uvres figurent l\u2019all\u00e9gorie d\u2019une humanit\u00e9 soucieuse d\u2019une nature qui pourrait n\u2019\u00eatre plus qu\u2019un souvenir des manuels d\u2019histoire naturelle. L\u2019Homme, abandonn\u00e9 \u00e0 sa douloureuse responsabilit\u00e9, recueille autour de lui cette Nature r\u00e9duite \u00e0 une repr\u00e9sentation.<\/p>\n<p><strong>Ren\u00e9e Mussai<\/strong> est commissaire d\u2019exposition, \u00e9crivaine et historienne de l\u2019art. Au cours des dix derni\u00e8res ann\u00e9es, elle a supervis\u00e9 les programmes artistiques d\u2019Autograph ABP tout en organisant de nombreuses expositions en Europe, en Afrique et aux \u00c9tats-Unis. Elle est associ\u00e9e de recherche de l\u2019universit\u00e9 de Johannesburg et doctorante en histoire de l\u2019art \u00e0 l\u2019University College de Londres.<\/p>\n<p><strong>Imani Perry<\/strong> enseigne \u00e0 l\u2019universit\u00e9 de Princeton, o\u00f9 elle est titulaire de la chaire Hughes-Rogers d\u2019\u00e9tudes afro-am\u00e9ricaines. Elle a publi\u00e9 sept ouvrages parmi lesquels, en 2018, <em>Looking for Lorraine : The Radiant and Radical Life of Lorraine Hansberry<\/em>, qui a re\u00e7u de nombreux prix, et <em>May We Forever Stand : A History of the Black National Anthem<\/em>.\u00a0\u00c9galement essayiste et critique, elle a fait para\u00eetre des articles dans diverses publications dont <em>The Atlantic<\/em>, <em>The New York Times<\/em>, <em>Harper\u2019s Magazine<\/em>, <em>The Financial Times<\/em> et <em>O Magazine<\/em>.\u00a0Son prochain livre, <em>South to America : A Journey Below the Mason-Dixon to Understand the Soul of a Nation<\/em>, para\u00eetra en janvier 2022.<\/p>\n<p>N\u00e9 en 1996, <strong>Marvin Adoul<\/strong> passe ses vingt premi\u00e8res ann\u00e9es \u00e0 Saint-Rapha\u00ebl, en M\u00e9diterran\u00e9e. Apr\u00e8s une classe pr\u00e9paratoire aux grandes \u00e9coles o\u00f9 il fonde un groupe \u00e9ph\u00e9m\u00e8re d\u2019\u00e9crivains, il poursuit ses \u00e9tudes \u00e0 Paris et sort dipl\u00f4m\u00e9 d\u2019un master de Lettres \u00e0 l\u2019universit\u00e9 Paris-Sorbonne. Tenant \u00e0 c\u0153ur de servir la litt\u00e9rature fran\u00e7aise, Marvin Adoul publie ses po\u00e8mes et des extraits de ses pi\u00e8ces de th\u00e9\u00e2tre, dans la revue <em>Souffle<\/em> notamment, ainsi que des critiques litt\u00e9raires, dramatiques et d\u2019art. Il vit et enseigne actuellement en Sicile.<\/p>\n<p>&nbsp;<\/p>\n","protected":false},"excerpt":{"rendered":"<p>\u00c0 41 ans, Omar Victor Diop est l\u2019un des photographes les plus prometteurs de sa g\u00e9n\u00e9ration. Artiste autodidacte, son \u0153uvre s\u2019inscrit directement dans l\u2019h\u00e9ritage de la photographie de studio africaine de Seydou Ke\u00efta, Mama Casset ou Malick Sidib\u00e9, un genre dont il a su s\u2019approprier les codes tout en s\u2019en affranchissant.\u00a0L\u2019ouvrage Omar Victor Diop, r\u00e9alis\u00e9&hellip;<\/p>\n","protected":false},"featured_media":26064,"template":"","meta":{"_acf_changed":false,"inline_featured_image":false},"product_brand":[],"product_cat":[73],"product_tag":[],"class_list":{"0":"post-25981","1":"product","2":"type-product","3":"status-publish","4":"has-post-thumbnail","6":"product_cat-photographie","7":"disponibilita-si","8":"description-off","10":"first","11":"instock","12":"featured","13":"shipping-taxable","14":"purchasable","15":"product-type-simple"},"acf":[],"_links":{"self":[{"href":"https:\/\/www.fivecontinentseditions.com\/fr\/wp-json\/wp\/v2\/product\/25981","targetHints":{"allow":["GET"]}}],"collection":[{"href":"https:\/\/www.fivecontinentseditions.com\/fr\/wp-json\/wp\/v2\/product"}],"about":[{"href":"https:\/\/www.fivecontinentseditions.com\/fr\/wp-json\/wp\/v2\/types\/product"}],"wp:featuredmedia":[{"embeddable":true,"href":"https:\/\/www.fivecontinentseditions.com\/fr\/wp-json\/wp\/v2\/media\/26064"}],"wp:attachment":[{"href":"https:\/\/www.fivecontinentseditions.com\/fr\/wp-json\/wp\/v2\/media?parent=25981"}],"wp:term":[{"taxonomy":"product_brand","embeddable":true,"href":"https:\/\/www.fivecontinentseditions.com\/fr\/wp-json\/wp\/v2\/product_brand?post=25981"},{"taxonomy":"product_cat","embeddable":true,"href":"https:\/\/www.fivecontinentseditions.com\/fr\/wp-json\/wp\/v2\/product_cat?post=25981"},{"taxonomy":"product_tag","embeddable":true,"href":"https:\/\/www.fivecontinentseditions.com\/fr\/wp-json\/wp\/v2\/product_tag?post=25981"}],"curies":[{"name":"wp","href":"https:\/\/api.w.org\/{rel}","templated":true}]}}