{"id":2569,"date":"2004-12-31T05:00:00","date_gmt":"2004-12-31T05:00:00","guid":{"rendered":"http:\/\/www.fivecontinentseditions.com\/prodotto\/empire-3\/"},"modified":"2018-02-07T16:21:34","modified_gmt":"2018-02-07T16:21:34","slug":"empire-3","status":"publish","type":"product","link":"https:\/\/www.fivecontinentseditions.com\/fr\/p\/empire-3\/","title":{"rendered":"Empire"},"content":{"rendered":"<p>Avec une t\u00e9nacit\u00e9 incroyable, le peuple chinois est en train de transformer, souvent \u00e0mains nues, la physionomie de son pays. Il semble parfois qu&rsquo;il n&rsquo;est de lopin de terre qui n&rsquo;ait \u00e9t\u00e9 retourn\u00e9 ou qui soit laiss\u00e9 \u00e0l&rsquo;abandon. Les changements sont si rapides et si nombreux que le photographe se trouve constamment un pas en arri\u00e8re, comme s&rsquo;il traquait le pass\u00e9. Les anciens rythmes de la Chine, jadis consid\u00e9r\u00e9s comme \u00e9ternels, s&rsquo;estompent tandis que le pays commence \u00e0ressembler de plus en plus \u00e0n&rsquo;importe quel autre lieu de la <em>nouvelle<\/em> Asie.<br \/>\nLe changement est la seule constante. James Delano observe celui de la Chine avec des sentiments m\u00eal\u00e9s. En Chine, la lumi\u00e8re est \u00e9ternellement voil\u00e9e par la fum\u00e9e de charbon qui enrobe toute chose de douceur. Les visages des gens sont barbouill\u00e9s, ils ont les yeux avides et ambitieux des travailleurs manuels. Cette g\u00e9n\u00e9ration a sans doute une certaine brusquerie, mais elle est dans une phase ascendante et se sacrifie pour ses enfants et ses petits-enfants ; elle construit la nation. Mais la Chine aura beau se transformer, elle gardera toujours un certain degr\u00e9 de &laquo; chinoiset\u00e9 &raquo;. Le probl\u00e8me est de savoir dans quelle mesure.<br \/>\nPour Delano, se plonger dans un pays signifie se promener au hasard des ruelles dans les villes et dans les villages. Il est encore possible de passer inaper\u00e7u, au moins pendant quelque temps. Il \u00e9volue rapidement et calmement de mani\u00e8re \u00e0capturer l&rsquo;imm\u00e9diatet\u00e9 qu&rsquo;il recherche avant de devenir un \u00e9l\u00e9ment perturbateur. S&rsquo;il est trop lent, le moment est irr\u00e9m\u00e9diablement perdu. Ces photographies constituent une exploration intense de ce qui affleure sous la surface, une \u00e9tude de lumi\u00e8re, de formes, d&rsquo;\u00e9nergie et d&rsquo;\u00e9motion, de la mani\u00e8re dont la Chine r\u00e9agit \u00e0l&rsquo;intrusion d&rsquo;un observateur \u00e9tranger. Ce volume repr\u00e9sente une vision critique, parfois ironique mais toujours lucide de ce pays et de son peuple.<\/p>\n<p>Son travail de photographe a conduit <strong>James Whitlow Delano<\/strong> des for\u00eats pluviales de l&rsquo;Asie du Sud-Est \u00e0l&rsquo;ancienne route de la soie, \u00e0l&rsquo;extr\u00e9mit\u00e9 occidentale de la Chine. Dans sa qu\u00eate d&rsquo;une Asie o\u00f9 l&rsquo;h\u00e9ritage du pass\u00e9 s&rsquo;efface devant une rapide industrialisation, Delano est revenu \u00e0maintes reprises en Chine. D&rsquo;autres services photographiques l&rsquo;ont conduit dans les r\u00e9gions montagneuses d&rsquo;Am\u00e9rique, d&rsquo;Europe et d&rsquo;Afrique. Ses photographies ont \u00e9t\u00e9 publi\u00e9es dans le monde entier par de c\u00e9l\u00e8bres magazines, y compris <em>Time<\/em> et <em>Travel &amp; Leisure<\/em>, et lui ont valu d&rsquo;importantes r\u00e9compenses.<\/p>\n","protected":false},"excerpt":{"rendered":"<p>Avec une t\u00e9nacit\u00e9 incroyable, le peuple chinois est en train de transformer, souvent \u00e0mains nues, la physionomie de son pays. Il semble parfois qu&rsquo;il n&rsquo;est de lopin de terre qui n&rsquo;ait \u00e9t\u00e9 retourn\u00e9 ou qui soit laiss\u00e9 \u00e0l&rsquo;abandon. Les changements sont si rapides et si nombreux que le photographe se trouve constamment un pas en&hellip;<\/p>\n","protected":false},"featured_media":2544,"template":"","meta":{"_acf_changed":false,"inline_featured_image":false},"product_brand":[],"product_cat":[73],"product_tag":[],"class_list":{"0":"post-2569","1":"product","2":"type-product","3":"status-publish","4":"has-post-thumbnail","6":"product_cat-photographie","7":"disponibilita-si","8":"description-off","10":"first","11":"instock","12":"shipping-taxable","13":"purchasable","14":"product-type-simple"},"acf":[],"_links":{"self":[{"href":"https:\/\/www.fivecontinentseditions.com\/fr\/wp-json\/wp\/v2\/product\/2569","targetHints":{"allow":["GET"]}}],"collection":[{"href":"https:\/\/www.fivecontinentseditions.com\/fr\/wp-json\/wp\/v2\/product"}],"about":[{"href":"https:\/\/www.fivecontinentseditions.com\/fr\/wp-json\/wp\/v2\/types\/product"}],"wp:featuredmedia":[{"embeddable":true,"href":"https:\/\/www.fivecontinentseditions.com\/fr\/wp-json\/wp\/v2\/media\/2544"}],"wp:attachment":[{"href":"https:\/\/www.fivecontinentseditions.com\/fr\/wp-json\/wp\/v2\/media?parent=2569"}],"wp:term":[{"taxonomy":"product_brand","embeddable":true,"href":"https:\/\/www.fivecontinentseditions.com\/fr\/wp-json\/wp\/v2\/product_brand?post=2569"},{"taxonomy":"product_cat","embeddable":true,"href":"https:\/\/www.fivecontinentseditions.com\/fr\/wp-json\/wp\/v2\/product_cat?post=2569"},{"taxonomy":"product_tag","embeddable":true,"href":"https:\/\/www.fivecontinentseditions.com\/fr\/wp-json\/wp\/v2\/product_tag?post=2569"}],"curies":[{"name":"wp","href":"https:\/\/api.w.org\/{rel}","templated":true}]}}