{"id":25548,"date":"2021-05-26T05:00:00","date_gmt":"2021-05-26T05:00:00","guid":{"rendered":"https:\/\/www.fivecontinentseditions.com\/?post_type=product&#038;p=25548"},"modified":"2021-06-14T15:56:01","modified_gmt":"2021-06-14T15:56:01","slug":"breath-of-life","status":"publish","type":"product","link":"https:\/\/www.fivecontinentseditions.com\/fr\/p\/breath-of-life\/","title":{"rendered":"Breath of Life"},"content":{"rendered":"<p style=\"text-align: right;\">\u00ab\u00a0Le son du <em>yidaki<\/em>appelle tout le monde \u00e0 se rassembler.\u00a0\u00bb<\/p>\n<p style=\"text-align: right;\">Djalu Gurruwiwi<\/p>\n<p>Le <em>yidaki<\/em>, plus connu sous le nom de didgeridoo, est un instrument de musique embl\u00e9matique de l\u2019Australie aborig\u00e8ne. Se diffusant jusque dans les rues des villes europ\u00e9ennes, le <em>yidaki<\/em>a acquis une telle popularit\u00e9 internationale qu\u2019il est presque devenu synonyme de la culture aborig\u00e8ne. Malgr\u00e9 cet int\u00e9r\u00eat, le <em>yidaki<\/em>reste tr\u00e8s largement m\u00e9connu dans ses significations culturelles profondes. Cette exposition et ce catalogue ont pour ambition de familiariser le public europ\u00e9en avec ce fascinant instrument de musique, ainsi qu\u2019avec le peuple, la culture et la terre dont il est issu. Car le <em>yidaki<\/em>n\u2019est pas seulement un instrument embl\u00e9matique, c\u2019est aussi un marqueur culturel et spirituel. Il s\u2019agit de toute l\u2019histoire d\u2019une r\u00e9gion et d\u2019un peuple\u00a0; et il s\u2019agit aussi de gu\u00e9rison.<\/p>\n<p>Les Yolngu du nord-est de la Terre d\u2019Arnhem sont depuis des temps imm\u00e9moriaux les gardiens du<em>yidaki<\/em>. Djalu Gurruwiwi, l\u2019une des plus grandes figures d\u2019autorit\u00e9 en la mati\u00e8re, poss\u00e8de un lien \u00e9troit avec cet instrument sacr\u00e9 dont il nous livre un aper\u00e7u immersif. \u00c0 partir de ce \u00ab\u00a0son originaire\u00a0\u00bb, pour reprendre les termes de Reiner Maria Rilke, le regard se tourne vers d\u2019autres exemples de l\u2019art et de la culture yolngu. Gunybi Ganambarr, Malaluba Gumana et Bulthirrirri Wunungmurra sont des artistes yolngu de renom, tous trois issus de la communaut\u00e9 isol\u00e9e de Gangan. Leurs \u0153uvres nous font voyager \u00e0 travers plusieurs lieux ancestraux ainsi qu\u2019\u00e0 travers les histoires qui leur sont associ\u00e9es, dont celles des esprits <em>mokuy<\/em>ou de Wititj, le Serpent Arc-en-ciel. Ancr\u00e9es dans un riche savoir culturel, ces \u0153uvres vivantes et novatrices connectent pass\u00e9 et pr\u00e9sent.<\/p>\n<p>&nbsp;<\/p>\n<p><strong>Georges Petitjean\u00a0<\/strong>est historien de l\u2019art, titulaire d\u2019un doctorat de recherche sur l\u2019art du d\u00e9sert australien occidental. Il a pour principal sujet de recherche le parcours qui a conduit l\u2019art aborig\u00e8ne des origines \u00e0 l\u2019univers de l\u2019art contemporain. De 2005 \u00e0 2017, il a exerc\u00e9 les fonctions de conservateur au mus\u00e9e d\u2019Art contemporain aborig\u00e8ne (AAMU) d\u2019Utrecht. Depuis 2017, il est le conservateur de la collection B\u00e9reng\u00e8re Primat, l\u2019une des plus importantes collections d\u2019art aborig\u00e8ne au monde.<\/p>\n","protected":false},"excerpt":{"rendered":"<p>\u00ab\u00a0Le son du yidakiappelle tout le monde \u00e0 se rassembler.\u00a0\u00bb Djalu Gurruwiwi Le yidaki, plus connu sous le nom de didgeridoo, est un instrument de musique embl\u00e9matique de l\u2019Australie aborig\u00e8ne. Se diffusant jusque dans les rues des villes europ\u00e9ennes, le yidakia acquis une telle popularit\u00e9 internationale qu\u2019il est presque devenu synonyme de la culture aborig\u00e8ne.&hellip;<\/p>\n","protected":false},"featured_media":25525,"template":"","meta":{"_acf_changed":false,"inline_featured_image":false},"product_brand":[],"product_cat":[72],"product_tag":[],"class_list":{"0":"post-25548","1":"product","2":"type-product","3":"status-publish","4":"has-post-thumbnail","6":"product_cat-art-oceanien","7":"disponibilita-si","8":"description-off","10":"first","11":"instock","12":"featured","13":"shipping-taxable","14":"purchasable","15":"product-type-simple"},"acf":[],"_links":{"self":[{"href":"https:\/\/www.fivecontinentseditions.com\/fr\/wp-json\/wp\/v2\/product\/25548","targetHints":{"allow":["GET"]}}],"collection":[{"href":"https:\/\/www.fivecontinentseditions.com\/fr\/wp-json\/wp\/v2\/product"}],"about":[{"href":"https:\/\/www.fivecontinentseditions.com\/fr\/wp-json\/wp\/v2\/types\/product"}],"wp:featuredmedia":[{"embeddable":true,"href":"https:\/\/www.fivecontinentseditions.com\/fr\/wp-json\/wp\/v2\/media\/25525"}],"wp:attachment":[{"href":"https:\/\/www.fivecontinentseditions.com\/fr\/wp-json\/wp\/v2\/media?parent=25548"}],"wp:term":[{"taxonomy":"product_brand","embeddable":true,"href":"https:\/\/www.fivecontinentseditions.com\/fr\/wp-json\/wp\/v2\/product_brand?post=25548"},{"taxonomy":"product_cat","embeddable":true,"href":"https:\/\/www.fivecontinentseditions.com\/fr\/wp-json\/wp\/v2\/product_cat?post=25548"},{"taxonomy":"product_tag","embeddable":true,"href":"https:\/\/www.fivecontinentseditions.com\/fr\/wp-json\/wp\/v2\/product_tag?post=25548"}],"curies":[{"name":"wp","href":"https:\/\/api.w.org\/{rel}","templated":true}]}}