{"id":2305,"date":"2004-01-01T05:00:00","date_gmt":"2004-01-01T05:00:00","guid":{"rendered":"http:\/\/www.fivecontinentseditions.com\/prodotto\/painting-in-france-in-the-15th-century-2\/"},"modified":"2018-02-07T16:21:01","modified_gmt":"2018-02-07T16:21:01","slug":"painting-in-france-in-the-15th-century-2","status":"publish","type":"product","link":"https:\/\/www.fivecontinentseditions.com\/fr\/p\/painting-in-france-in-the-15th-century-2\/","title":{"rendered":"Painting in France in the 15th Century"},"content":{"rendered":"<p>Inaugur\u00e9e il y a un si\u00e8cle avec l&rsquo;exposition des <em>Primitifs fran\u00e7ais <\/em>(1904), l&rsquo;\u00e9tude de la peinture produite en France au XVe si\u00e8cle s&rsquo;est consid\u00e9rablement enrichie ces derni\u00e8res d\u00e9cennies, notamment \u00e0travers les travaux de Charles sterling, Michel Laclotte, nicole Reynaud et Fran\u00e7ois Avril. Elle a permis de ressusciter plusieurs personnalit\u00e9s oubli\u00e9es (barth\u00e9lemy d&rsquo;Eyck,Andr\u00e9 d&rsquo;Ypres,Antoine de Lonhy, Jean Hey, Jean Poyer, etc.) et de reconstituer l&rsquo;activit\u00e9 de nombreux foyers artistiques qui, reli\u00e9s les uns aux autres, forment des maillons essentiels dans le r\u00e9seau des \u00e9changes europ\u00e9ens. C&rsquo;est pr\u00e9cis\u00e9ment cette g\u00e9ographie artistique fort complexe que le livre tente de retracer.<\/p>\n<p>Ce volume se subdivise en trois parties. La premi\u00e8re est consacr\u00e9e \u00e0l&rsquo;interaction des cours fran\u00e7aises et du foyer parisien au temps du gothique international (1380-1435). La deuxi\u00e8me s&rsquo;int\u00e9resse au mode de diffusion de l&rsquo;<em>ars nova <\/em>(le langage illusionniste des Flamands) et son assimilation s\u00e9lective dans le royaume de France au temps de Charles VII et Louis XI (1435-1483). La troisi\u00e8me enfin met en \u00e9vidence la standardisation d&rsquo;un langage proprement fran\u00e7ais, fond\u00e9 sur le mod\u00e8le de Jean Fouquet et d\u00e9velopp\u00e9 parall\u00e8lement aux grands rh\u00e9toriqueurs sous Charles VIII et Louis XII (1483-1515).<\/p>\n<p><strong>Fr\u00e9d\u00e9ric Elsig<\/strong> enseigne l&rsquo;histoire de l&rsquo;art m\u00e9di\u00e9val \u00e0l&rsquo;Universit\u00e9 de Gen\u00e8ve, o\u00f9 il a soutenu sa th\u00e8se de doctorat sur Hieronymus Bosch. Sp\u00e9cialiste de la peinture europ\u00e9enne des XVe et XVIe si\u00e8cles, il a notamment particip\u00e9 aux expositions <em>El Renacimiento Mediterr\u00e1neo <\/em>(Madrid, 2001) et <em>Hieronymus Bosch <\/em>(Rotterdam, 2001). Il a codirig\u00e9 l&rsquo;exposition <em>La Renaissance en Savoie <\/em>(Gen\u00e8ve, 2002) et pr\u00e9pare en ce moment, avec les \u00e9tudiants de son s\u00e9minaire, le catalogue des peintures flamandes et hollandaises (avant 1620) du Mus\u00e9e d&rsquo;art et d&rsquo;histoire de Gen\u00e8ve.<\/p>\n","protected":false},"excerpt":{"rendered":"<p>Inaugur\u00e9e il y a un si\u00e8cle avec l&rsquo;exposition des Primitifs fran\u00e7ais (1904), l&rsquo;\u00e9tude de la peinture produite en France au XVe si\u00e8cle s&rsquo;est consid\u00e9rablement enrichie ces derni\u00e8res d\u00e9cennies, notamment \u00e0travers les travaux de Charles sterling, Michel Laclotte, nicole Reynaud et Fran\u00e7ois Avril. Elle a permis de ressusciter plusieurs personnalit\u00e9s oubli\u00e9es (barth\u00e9lemy d&rsquo;Eyck,Andr\u00e9 d&rsquo;Ypres,Antoine de Lonhy,&hellip;<\/p>\n","protected":false},"featured_media":2280,"template":"","meta":{"_acf_changed":false,"inline_featured_image":false},"product_brand":[],"product_cat":[68],"product_tag":[],"class_list":{"0":"post-2305","1":"product","2":"type-product","3":"status-publish","4":"has-post-thumbnail","6":"product_cat-art-moderne","7":"collana-galerie-des-arts","8":"collana-galleria-delle-arti","9":"disponibilita-no","10":"description-off","12":"first","13":"outofstock","14":"shipping-taxable","15":"purchasable","16":"product-type-simple"},"acf":[],"_links":{"self":[{"href":"https:\/\/www.fivecontinentseditions.com\/fr\/wp-json\/wp\/v2\/product\/2305","targetHints":{"allow":["GET"]}}],"collection":[{"href":"https:\/\/www.fivecontinentseditions.com\/fr\/wp-json\/wp\/v2\/product"}],"about":[{"href":"https:\/\/www.fivecontinentseditions.com\/fr\/wp-json\/wp\/v2\/types\/product"}],"wp:featuredmedia":[{"embeddable":true,"href":"https:\/\/www.fivecontinentseditions.com\/fr\/wp-json\/wp\/v2\/media\/2280"}],"wp:attachment":[{"href":"https:\/\/www.fivecontinentseditions.com\/fr\/wp-json\/wp\/v2\/media?parent=2305"}],"wp:term":[{"taxonomy":"product_brand","embeddable":true,"href":"https:\/\/www.fivecontinentseditions.com\/fr\/wp-json\/wp\/v2\/product_brand?post=2305"},{"taxonomy":"product_cat","embeddable":true,"href":"https:\/\/www.fivecontinentseditions.com\/fr\/wp-json\/wp\/v2\/product_cat?post=2305"},{"taxonomy":"product_tag","embeddable":true,"href":"https:\/\/www.fivecontinentseditions.com\/fr\/wp-json\/wp\/v2\/product_tag?post=2305"}],"curies":[{"name":"wp","href":"https:\/\/api.w.org\/{rel}","templated":true}]}}