{"id":21501,"date":"2021-03-29T05:00:00","date_gmt":"2021-03-29T05:00:00","guid":{"rendered":"https:\/\/www.fivecontinentseditions.com\/?post_type=product&#038;p=21501"},"modified":"2022-11-21T14:32:38","modified_gmt":"2022-11-21T14:32:38","slug":"enchanting-architecture","status":"publish","type":"product","link":"https:\/\/www.fivecontinentseditions.com\/fr\/p\/enchanting-architecture\/","title":{"rendered":"Enchanting Architecture"},"content":{"rendered":"<p>\u00c0 travers un double parcours narratif, ce livre fait l\u2019\u00e9loge de l\u2019Institut culturel italien de Stockholm, con\u00e7u et am\u00e9nag\u00e9 par Gio Ponti \u00e0 la demande de Carlo Maurilio Lerici. Dans leurs contributions, les auteurs se proposent d\u2019approfondir les aspects li\u00e9s \u00e0 la commande, \u00e0 la conception et \u00e0 la r\u00e9alisation de l\u2019\u00e9difice, ainsi qu\u2019\u00e0 l\u2019am\u00e9nagement des espaces int\u00e9rieurs. Le volume offre un choix d\u2019illustrations issues des archives historiques de l\u2019Institut et un reportage photographique in\u00e9dit sur les \u00e9l\u00e9ments d\u2019architecture et de design qui caract\u00e9risent l\u2019\u00e9difice.<\/p>\n<p>Si l\u2019int\u00e9r\u00eat de Ponti pour la Su\u00e8de n\u2019est plus un secret (que l\u2019on songe aux espaces consacr\u00e9s au design su\u00e9dois dans les pages de la revue <em>Domus<\/em>d\u00e8s le d\u00e9but des ann\u00e9es\u00a01950), il n\u2019en est pas moins int\u00e9ressant de d\u00e9finir et d\u2019approfondir les dynamiques qui ont anim\u00e9 la r\u00e9alisation de la structure. En effet, d\u00e9passant l\u2019id\u00e9e initiale de l\u2019architecte su\u00e9dois Ture Wennerholm, Gio Ponti \u00e9labore un projet o\u00f9 les espaces am\u00e9nag\u00e9s suivant leur destination se succ\u00e8dent dans un jeu harmonieux de lignes bris\u00e9es et d\u2019alternances chromatiques. Dans cette entreprise, il sera assist\u00e9 par Pier Luigi Nervi et Ferruccio Rossetti.<\/p>\n<p>\u00c0 Stockholm, Gio Ponti donne vie \u00e0 un projet \u00ab\u00a0classique moderne\u00a0\u00bb o\u00f9 l\u2019art et l\u2019architecture se fondent et d\u00e9passent les limites dict\u00e9es par les modes de l\u2019\u00e9poque. Il jette ainsi les bases d\u2019une \u00e8re nouvelle dans les relations culturelles entre l\u2019Italie et la Su\u00e8de.<\/p>\n<p>&nbsp;<\/p>\n<p><strong>Antonello Alici\u00a0<\/strong>est professeur associ\u00e9 d\u2019histoire de l\u2019architecture, Universit\u00e9 polytechnique des Marches, Anc\u00f4ne.<br \/>\n<strong>Giovanni Bellucci\u00a0<\/strong>est professeur contractuel d\u2019histoire de l\u2019architecture, Universit\u00e9 polytechnique des Marches, Anc\u00f4ne.<br \/>\n<strong>Domitilla Dardi <\/strong>est historienne du design et commissaire d\u2019exposition, Mus\u00e9e national des arts du XXI<sup>e<\/sup>si\u00e8cle, Rome.<br \/>\n<strong>Fulvio Irace\u00a0<\/strong>est professeur titulaire d\u2019histoire de l\u2019architecture, Institut polytechnique, Milan.<br \/>\n<strong>Salvatore Licitra<\/strong> est conservateur aux Archives Gio Ponti.<br \/>\n<strong>Adriana Rispoli\u00a0<\/strong>est commissaire d\u2019exposition et critique d\u2019art.<br \/>\n<strong>Frederick Whitling\u00a0<\/strong>est \u00e9crivain et historien.<br \/>\nLes \u0153uvres de <strong>Luciano Romano<\/strong>, qui portent sur la repr\u00e9sentation de l&rsquo;espace, sont conserv\u00e9es dans de nombreuses collections publiques et priv\u00e9es, telles que la collection de photographies du MAXXI \u00e0 Rome ou la Robert Rauschenberg Foundation \u00e0 New York. Il a re\u00e7u le prix Atlante Italiano 003 du minist\u00e8re de la Culture en collaboration avec la Triennale di Milano et a \u00e9t\u00e9 nomm\u00e9 pour le prix BMW-Paris Photo (Paris, Carrousel du Louvre, 2007). Il a expos\u00e9 \u00e0 la X Biennale d&rsquo;architecture de Venise, au mus\u00e9e MADRE de Naples, au MAXXI de Rome et \u00e0 la Photobiennale de Moscou 2014.<\/p>\n","protected":false},"excerpt":{"rendered":"<p>\u00c0 travers un double parcours narratif, ce livre fait l\u2019\u00e9loge de l\u2019Institut culturel italien de Stockholm, con\u00e7u et am\u00e9nag\u00e9 par Gio Ponti \u00e0 la demande de Carlo Maurilio Lerici. Dans leurs contributions, les auteurs se proposent d\u2019approfondir les aspects li\u00e9s \u00e0 la commande, \u00e0 la conception et \u00e0 la r\u00e9alisation de l\u2019\u00e9difice, ainsi qu\u2019\u00e0 l\u2019am\u00e9nagement&hellip;<\/p>\n","protected":false},"featured_media":25303,"template":"","meta":{"_acf_changed":false,"inline_featured_image":false},"product_brand":[],"product_cat":[75],"product_tag":[],"class_list":{"0":"post-21501","1":"product","2":"type-product","3":"status-publish","4":"has-post-thumbnail","6":"product_cat-mode-et-design","7":"disponibilita-si","8":"description-off","10":"first","11":"instock","12":"featured","13":"shipping-taxable","14":"purchasable","15":"product-type-simple"},"acf":[],"_links":{"self":[{"href":"https:\/\/www.fivecontinentseditions.com\/fr\/wp-json\/wp\/v2\/product\/21501","targetHints":{"allow":["GET"]}}],"collection":[{"href":"https:\/\/www.fivecontinentseditions.com\/fr\/wp-json\/wp\/v2\/product"}],"about":[{"href":"https:\/\/www.fivecontinentseditions.com\/fr\/wp-json\/wp\/v2\/types\/product"}],"wp:featuredmedia":[{"embeddable":true,"href":"https:\/\/www.fivecontinentseditions.com\/fr\/wp-json\/wp\/v2\/media\/25303"}],"wp:attachment":[{"href":"https:\/\/www.fivecontinentseditions.com\/fr\/wp-json\/wp\/v2\/media?parent=21501"}],"wp:term":[{"taxonomy":"product_brand","embeddable":true,"href":"https:\/\/www.fivecontinentseditions.com\/fr\/wp-json\/wp\/v2\/product_brand?post=21501"},{"taxonomy":"product_cat","embeddable":true,"href":"https:\/\/www.fivecontinentseditions.com\/fr\/wp-json\/wp\/v2\/product_cat?post=21501"},{"taxonomy":"product_tag","embeddable":true,"href":"https:\/\/www.fivecontinentseditions.com\/fr\/wp-json\/wp\/v2\/product_tag?post=21501"}],"curies":[{"name":"wp","href":"https:\/\/api.w.org\/{rel}","templated":true}]}}