{"id":20825,"date":"2020-12-31T05:00:00","date_gmt":"2020-12-31T05:00:00","guid":{"rendered":"https:\/\/www.fivecontinentseditions.com\/?post_type=product&#038;p=20825"},"modified":"2025-08-26T10:31:24","modified_gmt":"2025-08-26T10:31:24","slug":"pierre-dartevelle-and-tribal-art","status":"publish","type":"product","link":"https:\/\/www.fivecontinentseditions.com\/fr\/p\/pierre-dartevelle-and-tribal-art\/","title":{"rendered":"Pierre Dartevelle and Tribal Art"},"content":{"rendered":"<p><span lang=\"FR\">Les deux volumes consacr\u00e9s \u00e0 Pierre Dartevelle et \u00e0 sa collection racontent une histoire, d\u00e9crivent un contexte, mais aussi des relations entre les hommes et des liens forts avec les objets. \u00ab\u00a0Les arts primordiaux\u00a0\u00bb, comme les d\u00e9finit le collectionneur, ont \u00e9t\u00e9 sa raison d\u2019\u00eatre et la passion de sa vie. Tout, dans son quotidien, l\u2019exprime. Les statues et les masques extra-europ\u00e9ens accumul\u00e9s, la biblioth\u00e8que remplie de livres et de catalogues d\u2019expositions occupent enti\u00e8rement l\u2019espace de sa maison et r\u00e9v\u00e8lent ce qui irrigue sa vie.<\/span><\/p>\n<p><span lang=\"FR\">Grand voyageur, il se consacre depuis cinquante ans \u00e0 la reconnaissance de l\u2019art tribal africain \u00e0 Bruxelles o\u00f9 il a ouvert en 1967, impasse Saint-Jacques au Grand Sablon, une galerie dont le rayonnement est devenu international. De formation juridique, il a abandonn\u00e9 cette voie pour suivre les traces de son p\u00e8re, Edmond Dartevelle, explorateur passionn\u00e9 et scientifique, qui a enrichi de ses recherches et collectes au Congo le fonds du mus\u00e9e d\u2019Afrique centrale de Tervuren. D\u00e9crit aujourd\u2019hui par ses disciples et ses pairs comme une \u00ab\u00a0ic\u00f4ne\u00a0\u00bb, Pierre Dartevelle a toujours travaill\u00e9 \u00e0 la pr\u00e9servation du patrimoine artistique et ancestral africain. Il a constitu\u00e9 ou enrichi certaines des plus importantes collections priv\u00e9es et publiques d\u2019art tribal connues \u00e0 ce jour, comme celles du mus\u00e9e du quai Branly \u2013 Jacques Chirac (Paris) et du Metropolitan Museum (New York).<\/span><\/p>\n<p><span lang=\"FR\">Dans ce livre, Val\u00e9rie Dartevelle, la fille de Pierre, joue un r\u00f4le fondamental\u00a0: non seulement elle est la gardienne de l\u2019histoire qui est associ\u00e9e \u00e0 la collection, mais elle porte aussi son regard particulier de photographe portraitiste. Cette particularit\u00e9 se refl\u00e8te dans la construction narrative du projet \u00e9ditorial, volontairement constitu\u00e9 pour partie d\u2019une succession d\u2019entretiens qui offrent un acc\u00e8s privil\u00e9gi\u00e9 \u00e0 l\u2019une des collections d\u2019art tribal les plus prestigieuses au monde, mais aussi \u00e0 des sources documentaires in\u00e9dites.<\/span><\/p>\n<p><span lang=\"FR\">Dans le premier volume, consacr\u00e9 \u00e0 la figure de Pierre Dartevelle, tout comme dans le second, d\u00e9di\u00e9 \u00e0 sa prestigieuse collection, les sp\u00e9cialistes et les amateurs d\u2019art tribal trouveront une source in\u00e9puisable de t\u00e9moignages et de mat\u00e9riau iconographique qui assouvira leur curiosit\u00e9, suscitera des int\u00e9r\u00eats nouveaux et r\u00e9pondra \u00e0 des questions inattendues.<\/span><\/p>\n<p><b><span lang=\"FR\">Valentine Plisnier<\/span><\/b><span lang=\"FR\">, fran\u00e7aise d\u2019origine belge, vit et travaille \u00e0 Paris. Elle est chercheuse en histoire de l\u2019art et auteure, notamment, de\u00a0: <i>Le Primitivisme dans la photographie. L\u2019impact des arts extra-europ\u00e9ens sur la modernit\u00e9 photographique de 1918 \u00e0 nos jours \/ Primitivism and Photography: Non-Western Art and Modern Photography: from 1918 to the Present<\/i>, 2012\u00a0; avec Michel Boulanger, <i>Art lega. Grandeur et humilit\u00e9<\/i>, avec une pr\u00e9face de Pierre Dartevelle, 2016\u00a0; avec Patrick Caput, <i>Arts d\u2019Afrique. Portraits d\u2019une collection \/ African Art. Portraits of a Collection<\/i>, 2016. En 2016, elle re\u00e7oit avec Ralf Burmeister, Michaela Oberhofer et Esther Tisa Francini le prix international du Livre d\u2019art tribal pour le catalogue de l\u2019exposition <i>Dada Africa.<\/i><\/span><span lang=\"FR\">Elle a aussi \u00e9t\u00e9 commissaire de plusieurs expositions\u00a0: en 2014, avec Christophe Flubacher, \u00e0 la fondation Pierre Arnaud, Lens \u2013 Crans-Montana (Suisse), \u00ab\u00a0Surr\u00e9alisme et arts primitifs \u2013 Un air de famille\u00a0\u00bb\u00a0; puis \u00ab\u00a0Curiosit\u00e9s. Le jardin secret d\u2019un collectionneur\u00a0\u00bb, au mus\u00e9e du pr\u00e9sident Jacques Chirac (Sarran)\u00a0; en 2016, \u00ab\u00a0Arts d\u2019Afrique. Portraits d\u2019une collection \u2013 7\u00a0objets \/ 7\u00a0photographes\u00a0\u00bb, galerie Bernard Dulon (Paris).<\/span><\/p>\n<p><b><span lang=\"FR\">Val\u00e9rie Dartevelle<\/span><\/b><span lang=\"FR\">, photographe de formation, est dipl\u00f4m\u00e9e de l\u2019\u00c9cole sup\u00e9rieure de l\u2019image \u00e0 Bruxelles\u00a0; le \u00ab\u00a075\u00a0\u00bb, de l\u2019Acad\u00e9mie de dessin et des arts d\u00e9coratifs (Watermael-Boitsfort) et de l\u2019\u00c9cole de photographie et techniques visuelles Agn\u00e8s Varda (Bruxelles). Montr\u00e9 dans de nombreuses expositions, son travail est prim\u00e9 en 1995 par le mus\u00e9e de la Photographie, Centre d\u2019art contemporain de la f\u00e9d\u00e9ration Wallonie-Bruxelles \u00e0 Charleroi et le prix du jury Ilford, puis le prix de la galerie Croiseregard (Vincent Verhaeren) \u00e0 Boitsfort. De nombreux journaux et revues publient ses reportages. En 1996, Val\u00e9rie Dartevelle r\u00e9alise une fresque po\u00e9tique, <i>Pays, paysage, \u00e9criture (dans la litt\u00e9rature belge) <\/i>qui a fait l\u2019objet d\u2019une exposition itin\u00e9rante dans les biblioth\u00e8ques de la communaut\u00e9 fran\u00e7aise de Belgique. Depuis vingt ans, elle g\u00e8re avec son p\u00e8re la galerie Dartevelle.<\/span><\/p>\n<p><strong>Il s&rsquo;agit d&rsquo;une \u00e9dition limit\u00e9e et num\u00e9rot\u00e9e.<\/strong><\/p>\n","protected":false},"excerpt":{"rendered":"<p>Les deux volumes consacr\u00e9s \u00e0 Pierre Dartevelle et \u00e0 sa collection racontent une histoire, d\u00e9crivent un contexte, mais aussi des relations entre les hommes et des liens forts avec les objets. \u00ab\u00a0Les arts primordiaux\u00a0\u00bb, comme les d\u00e9finit le collectionneur, ont \u00e9t\u00e9 sa raison d\u2019\u00eatre et la passion de sa vie. Tout, dans son quotidien, l\u2019exprime.&hellip;<\/p>\n","protected":false},"featured_media":25208,"template":"","meta":{"_acf_changed":false,"inline_featured_image":false},"product_brand":[],"product_cat":[54],"product_tag":[],"class_list":{"0":"post-20825","1":"product","2":"type-product","3":"status-publish","4":"has-post-thumbnail","6":"product_cat-art-africain","7":"disponibilita-si","8":"description-off","10":"first","11":"instock","12":"featured","13":"shipping-taxable","14":"purchasable","15":"product-type-simple"},"acf":[],"_links":{"self":[{"href":"https:\/\/www.fivecontinentseditions.com\/fr\/wp-json\/wp\/v2\/product\/20825","targetHints":{"allow":["GET"]}}],"collection":[{"href":"https:\/\/www.fivecontinentseditions.com\/fr\/wp-json\/wp\/v2\/product"}],"about":[{"href":"https:\/\/www.fivecontinentseditions.com\/fr\/wp-json\/wp\/v2\/types\/product"}],"wp:featuredmedia":[{"embeddable":true,"href":"https:\/\/www.fivecontinentseditions.com\/fr\/wp-json\/wp\/v2\/media\/25208"}],"wp:attachment":[{"href":"https:\/\/www.fivecontinentseditions.com\/fr\/wp-json\/wp\/v2\/media?parent=20825"}],"wp:term":[{"taxonomy":"product_brand","embeddable":true,"href":"https:\/\/www.fivecontinentseditions.com\/fr\/wp-json\/wp\/v2\/product_brand?post=20825"},{"taxonomy":"product_cat","embeddable":true,"href":"https:\/\/www.fivecontinentseditions.com\/fr\/wp-json\/wp\/v2\/product_cat?post=20825"},{"taxonomy":"product_tag","embeddable":true,"href":"https:\/\/www.fivecontinentseditions.com\/fr\/wp-json\/wp\/v2\/product_tag?post=20825"}],"curies":[{"name":"wp","href":"https:\/\/api.w.org\/{rel}","templated":true}]}}