{"id":2080,"date":"2004-12-31T05:00:00","date_gmt":"2004-12-31T05:00:00","guid":{"rendered":"http:\/\/www.fivecontinentseditions.com\/prodotto\/david-2\/"},"modified":"2018-02-07T16:20:30","modified_gmt":"2018-02-07T16:20:30","slug":"david-2","status":"publish","type":"product","link":"https:\/\/www.fivecontinentseditions.com\/fr\/p\/david-2\/","title":{"rendered":"David"},"content":{"rendered":"<p><strong>Avec le <em>Serment des Horaces<\/em>, une toile que Jacques-Louis David (1748-1826) choisit d&rsquo;ex\u00e9cuter \u00e0Rome, s&rsquo;isolant pendant pr\u00e8s d&rsquo;un an dans un atelier \u00e0deux pas de la piazza del Popolo, cet artiste s&rsquo;impose sur la sc\u00e8ne europ\u00e9enne comme le protagoniste indiscutable d&rsquo;une r\u00e9volution de la peinture &laquo; historique &raquo;. <\/strong><\/p>\n<p>Il ouvre la voie du nouveau classicisme, plus rigoureux que celui de la g\u00e9n\u00e9ration de son ma\u00eetre Vien et de Mengs, mettant d\u00e9finitivement au ban les minauderies frivoles du rococo. Le mod\u00e8le des chefs-d&rsquo;&oelig;uvre de l&rsquo;Antiquit\u00e9, la th\u00e9orie esth\u00e9tique de Winckelmann et la trempe morale des h\u00e9ros de Corneille, amalgam\u00e9s par le formidable pinceau d&rsquo;un artiste audacieux, ardent mais port\u00e9 \u00e0 la r\u00e9flexion, donnent lieu \u00e0un langage figuratif sec et \u00e9nergique, sobre mais \u00e9loquent, qui incarne \u00e0 la perfection le mot d&rsquo;ordre &laquo;peindre comme l&rsquo;on parlait \u00e0Sparte&raquo;, \u00e9nonc\u00e9 par le bouillonnant et g\u00e9nial Diderot. Quatre ans plus tard, au Salon de Paris de 1789, le patriotisme et la tension \u00e9thique, l&rsquo;\u00e9motivit\u00e9 vibrante, l&rsquo;\u00e9loquence spectaculaire caract\u00e9risent un autre chef-d&rsquo;&oelig;uvre de David, la grande toile repr\u00e9sentant <em>Brutus, <\/em>qui semble interpr\u00e9ter au premier chef l&rsquo;\u00e9lan politique r\u00e9volutionnaire qui \u00e9clatait alors \u00e0 Paris et n&rsquo;allait pas tarder \u00e0s&rsquo;\u00e9tendre \u00e0 la France enti\u00e8re. Cette monographie, qui suit pas \u00e0pas l&rsquo;\u00e9volution de ce grand peintre parisien, met l&rsquo;accent sur le rapport \u00e9troit que celui-ci instaura entre l&rsquo;art et la politique. C&rsquo;est cette d\u00e9pendance \u00e9troite entre choix esth\u00e9tiques et choix politiques qui font de cet artiste un cas pratiquement unique dans l&rsquo;histoire de l&rsquo;art, et plus encore de celui qui pr\u00e9c\u00e9da le XXe si\u00e8cle. Il ne se limita pas, en effet, \u00e0participer personnellement aux \u00e9v\u00e9nements r\u00e9volutionnaires, occupant m\u00eame une place au gouvernement pendant les ann\u00e9es de la Terreur, mais, toute sa vie durant, son engagement politique fut ins\u00e9parable de son engagement artistique. Chez lui, l&rsquo;\u00e9laboration id\u00e9ologique et politique et l&rsquo;\u00e9laboration stylistique vont de pair, se nourrissant l&rsquo;une de l&rsquo;autre et manifestant les m\u00eames variations au m\u00eame moment.<\/p>\n<p><strong>Antonio Pinelli<\/strong> est professeur d&rsquo;Histoire de l&rsquo;Art moderne \u00e0l&rsquo;universit\u00e9 de Pise. Depuis 1976, date de sa fondation, il dirige la revue quadrimestrielle &laquo;Ricerche di Storia dell&rsquo;arte&raquo;. Parmi ses livres les plus connus, mentionnons : <em>La Belle Mani\u00e8re. Anticlassicisme et mani\u00e9risme dans l&rsquo;art du <\/em>XVI<em>e <\/em>(Turin 1993-Paris 1996) ; <em>Nel segno di Giano. Passato e futuro nell&rsquo;arte europea tra Sette e Ottocento <\/em>(Rome 2000); <em>La bellezza impura. Arte e politica nell&rsquo;Italia del Rinascimento <\/em>(Rome-Bari 2004).<\/p>\n","protected":false},"excerpt":{"rendered":"<p>Avec le Serment des Horaces, une toile que Jacques-Louis David (1748-1826) choisit d&rsquo;ex\u00e9cuter \u00e0Rome, s&rsquo;isolant pendant pr\u00e8s d&rsquo;un an dans un atelier \u00e0deux pas de la piazza del Popolo, cet artiste s&rsquo;impose sur la sc\u00e8ne europ\u00e9enne comme le protagoniste indiscutable d&rsquo;une r\u00e9volution de la peinture &laquo; historique &raquo;. Il ouvre la voie du nouveau classicisme,&hellip;<\/p>\n","protected":false},"featured_media":2058,"template":"","meta":{"_acf_changed":false,"inline_featured_image":false},"product_brand":[],"product_cat":[68],"product_tag":[],"class_list":{"0":"post-2080","1":"product","2":"type-product","3":"status-publish","4":"has-post-thumbnail","6":"product_cat-art-moderne","7":"collana-galerie-des-arts","8":"collana-galleria-delle-arti","9":"disponibilita-no","10":"description-off","12":"first","13":"outofstock","14":"shipping-taxable","15":"purchasable","16":"product-type-simple"},"acf":[],"_links":{"self":[{"href":"https:\/\/www.fivecontinentseditions.com\/fr\/wp-json\/wp\/v2\/product\/2080","targetHints":{"allow":["GET"]}}],"collection":[{"href":"https:\/\/www.fivecontinentseditions.com\/fr\/wp-json\/wp\/v2\/product"}],"about":[{"href":"https:\/\/www.fivecontinentseditions.com\/fr\/wp-json\/wp\/v2\/types\/product"}],"wp:featuredmedia":[{"embeddable":true,"href":"https:\/\/www.fivecontinentseditions.com\/fr\/wp-json\/wp\/v2\/media\/2058"}],"wp:attachment":[{"href":"https:\/\/www.fivecontinentseditions.com\/fr\/wp-json\/wp\/v2\/media?parent=2080"}],"wp:term":[{"taxonomy":"product_brand","embeddable":true,"href":"https:\/\/www.fivecontinentseditions.com\/fr\/wp-json\/wp\/v2\/product_brand?post=2080"},{"taxonomy":"product_cat","embeddable":true,"href":"https:\/\/www.fivecontinentseditions.com\/fr\/wp-json\/wp\/v2\/product_cat?post=2080"},{"taxonomy":"product_tag","embeddable":true,"href":"https:\/\/www.fivecontinentseditions.com\/fr\/wp-json\/wp\/v2\/product_tag?post=2080"}],"curies":[{"name":"wp","href":"https:\/\/api.w.org\/{rel}","templated":true}]}}